{"id":13,"date":"2017-12-06T21:56:12","date_gmt":"2017-12-06T20:56:12","guid":{"rendered":"http:\/\/144.217.151.79\/?page_id=13"},"modified":"2025-02-25T22:35:55","modified_gmt":"2025-02-25T21:35:55","slug":"home","status":"publish","type":"page","link":"https:\/\/www.quebecmetiersdavenir.com\/en\/","title":{"rendered":"Home"},"content":{"rendered":"","protected":false},"excerpt":{"rendered":"","protected":false},"author":1,"featured_media":0,"parent":0,"menu_order":0,"comment_status":"closed","ping_status":"closed","template":"page-accueil.php","meta":{"footnotes":""},"class_list":["post-13","page","type-page","status-publish","hentry"],"yoast_head":"<!-- This site is optimized with the Yoast SEO plugin v24.8.1 - https:\/\/yoast.com\/wordpress\/plugins\/seo\/ -->\n<title>Work and Study in Qu\u00e9bec | Qu\u00e9bec m\u00e9tiers d&#039;avenir<\/title>\n<meta name=\"description\" content=\"Come study in Quebec in vocational or technical training, do the job you like and work in Quebec! With Qu\u00e9bec m\u00e9tiers d&#039;avenir you will be accompanied at every step of your journey!\" \/>\n<meta name=\"robots\" content=\"index, follow, max-snippet:-1, max-image-preview:large, max-video-preview:-1\" \/>\n<link rel=\"canonical\" href=\"https:\/\/www.quebecmetiersdavenir.com\/en\/\" \/>\n<meta property=\"og:locale\" content=\"en_US\" \/>\n<meta property=\"og:type\" content=\"article\" \/>\n<meta property=\"og:title\" content=\"Work and Study in Qu\u00e9bec | Qu\u00e9bec m\u00e9tiers d&#039;avenir\" \/>\n<meta property=\"og:description\" content=\"Come study in Quebec in vocational or technical training, do the job you like and work in Quebec! With Qu\u00e9bec m\u00e9tiers d&#039;avenir you will be accompanied at every step of your journey!\" \/>\n<meta property=\"og:url\" content=\"https:\/\/www.quebecmetiersdavenir.com\/en\/\" \/>\n<meta property=\"og:site_name\" content=\"Quebec Metiers d&#039;avenir\" \/>\n<meta property=\"article:modified_time\" content=\"2025-02-25T21:35:55+00:00\" \/>\n<meta name=\"twitter:card\" content=\"summary_large_image\" \/>\n<script type=\"application\/ld+json\" class=\"yoast-schema-graph\">{\"@context\":\"https:\/\/schema.org\",\"@graph\":[{\"@type\":\"WebPage\",\"@id\":\"https:\/\/www.quebecmetiersdavenir.com\/en\/\",\"url\":\"https:\/\/www.quebecmetiersdavenir.com\/en\/\",\"name\":\"Work and Study in Qu\u00e9bec | Qu\u00e9bec m\u00e9tiers d'avenir\",\"isPartOf\":{\"@id\":\"https:\/\/www.quebecmetiersdavenir.com\/en\/#website\"},\"datePublished\":\"2017-12-06T20:56:12+00:00\",\"dateModified\":\"2025-02-25T21:35:55+00:00\",\"description\":\"Come study in Quebec in vocational or technical training, do the job you like and work in Quebec! With Qu\u00e9bec m\u00e9tiers d'avenir you will be accompanied at every step of your journey!\",\"breadcrumb\":{\"@id\":\"https:\/\/www.quebecmetiersdavenir.com\/en\/#breadcrumb\"},\"inLanguage\":\"en-US\",\"potentialAction\":[{\"@type\":\"ReadAction\",\"target\":[\"https:\/\/www.quebecmetiersdavenir.com\/en\/\"]}]},{\"@type\":\"BreadcrumbList\",\"@id\":\"https:\/\/www.quebecmetiersdavenir.com\/en\/#breadcrumb\",\"itemListElement\":[{\"@type\":\"ListItem\",\"position\":1,\"name\":\"Accueil\",\"item\":\"https:\/\/www.quebecmetiersdavenir.com\/en\/\"},{\"@type\":\"ListItem\",\"position\":2,\"name\":\"Home\"}]},{\"@type\":\"WebSite\",\"@id\":\"https:\/\/www.quebecmetiersdavenir.com\/en\/#website\",\"url\":\"https:\/\/www.quebecmetiersdavenir.com\/en\/\",\"name\":\"Quebec Metiers d&#039;avenir\",\"description\":\"Un site utilisant WordPress\",\"potentialAction\":[{\"@type\":\"SearchAction\",\"target\":{\"@type\":\"EntryPoint\",\"urlTemplate\":\"https:\/\/www.quebecmetiersdavenir.com\/en\/?s={search_term_string}\"},\"query-input\":{\"@type\":\"PropertyValueSpecification\",\"valueRequired\":true,\"valueName\":\"search_term_string\"}}],\"inLanguage\":\"en-US\"}]}<\/script>\n<!-- \/ Yoast SEO plugin. -->","yoast_head_json":{"title":"Work and Study in Qu\u00e9bec | Qu\u00e9bec m\u00e9tiers d'avenir","description":"Come study in Quebec in vocational or technical training, do the job you like and work in Quebec! With Qu\u00e9bec m\u00e9tiers d'avenir you will be accompanied at every step of your journey!","robots":{"index":"index","follow":"follow","max-snippet":"max-snippet:-1","max-image-preview":"max-image-preview:large","max-video-preview":"max-video-preview:-1"},"canonical":"https:\/\/www.quebecmetiersdavenir.com\/en\/","og_locale":"en_US","og_type":"article","og_title":"Work and Study in Qu\u00e9bec | Qu\u00e9bec m\u00e9tiers d'avenir","og_description":"Come study in Quebec in vocational or technical training, do the job you like and work in Quebec! With Qu\u00e9bec m\u00e9tiers d'avenir you will be accompanied at every step of your journey!","og_url":"https:\/\/www.quebecmetiersdavenir.com\/en\/","og_site_name":"Quebec Metiers d&#039;avenir","article_modified_time":"2025-02-25T21:35:55+00:00","twitter_card":"summary_large_image","schema":{"@context":"https:\/\/schema.org","@graph":[{"@type":"WebPage","@id":"https:\/\/www.quebecmetiersdavenir.com\/en\/","url":"https:\/\/www.quebecmetiersdavenir.com\/en\/","name":"Work and Study in Qu\u00e9bec | Qu\u00e9bec m\u00e9tiers d'avenir","isPartOf":{"@id":"https:\/\/www.quebecmetiersdavenir.com\/en\/#website"},"datePublished":"2017-12-06T20:56:12+00:00","dateModified":"2025-02-25T21:35:55+00:00","description":"Come study in Quebec in vocational or technical training, do the job you like and work in Quebec! With Qu\u00e9bec m\u00e9tiers d'avenir you will be accompanied at every step of your journey!","breadcrumb":{"@id":"https:\/\/www.quebecmetiersdavenir.com\/en\/#breadcrumb"},"inLanguage":"en-US","potentialAction":[{"@type":"ReadAction","target":["https:\/\/www.quebecmetiersdavenir.com\/en\/"]}]},{"@type":"BreadcrumbList","@id":"https:\/\/www.quebecmetiersdavenir.com\/en\/#breadcrumb","itemListElement":[{"@type":"ListItem","position":1,"name":"Accueil","item":"https:\/\/www.quebecmetiersdavenir.com\/en\/"},{"@type":"ListItem","position":2,"name":"Home"}]},{"@type":"WebSite","@id":"https:\/\/www.quebecmetiersdavenir.com\/en\/#website","url":"https:\/\/www.quebecmetiersdavenir.com\/en\/","name":"Quebec Metiers d&#039;avenir","description":"Un site utilisant WordPress","potentialAction":[{"@type":"SearchAction","target":{"@type":"EntryPoint","urlTemplate":"https:\/\/www.quebecmetiersdavenir.com\/en\/?s={search_term_string}"},"query-input":{"@type":"PropertyValueSpecification","valueRequired":true,"valueName":"search_term_string"}}],"inLanguage":"en-US"}]}},"_links":{"self":[{"href":"https:\/\/www.quebecmetiersdavenir.com\/en\/wp-json\/wp\/v2\/pages\/13","targetHints":{"allow":["GET"]}}],"collection":[{"href":"https:\/\/www.quebecmetiersdavenir.com\/en\/wp-json\/wp\/v2\/pages"}],"about":[{"href":"https:\/\/www.quebecmetiersdavenir.com\/en\/wp-json\/wp\/v2\/types\/page"}],"author":[{"embeddable":true,"href":"https:\/\/www.quebecmetiersdavenir.com\/en\/wp-json\/wp\/v2\/users\/1"}],"replies":[{"embeddable":true,"href":"https:\/\/www.quebecmetiersdavenir.com\/en\/wp-json\/wp\/v2\/comments?post=13"}],"version-history":[{"count":3,"href":"https:\/\/www.quebecmetiersdavenir.com\/en\/wp-json\/wp\/v2\/pages\/13\/revisions"}],"predecessor-version":[{"id":17192,"href":"https:\/\/www.quebecmetiersdavenir.com\/en\/wp-json\/wp\/v2\/pages\/13\/revisions\/17192"}],"wp:attachment":[{"href":"https:\/\/www.quebecmetiersdavenir.com\/en\/wp-json\/wp\/v2\/media?parent=13"}],"curies":[{"name":"wp","href":"https:\/\/api.w.org\/{rel}","templated":true}]}}