{"id":14871,"date":"2019-03-25T18:15:30","date_gmt":"2019-03-25T17:15:30","guid":{"rendered":"https:\/\/www.quebecmetiersdavenir.com\/?page_id=14871"},"modified":"2019-03-25T18:34:57","modified_gmt":"2019-03-25T17:34:57","slug":"soumettre","status":"publish","type":"page","link":"https:\/\/www.quebecmetiersdavenir.com\/en\/soumettre\/","title":{"rendered":"Soumettre un article"},"content":{"rendered":"<p class=\"title\">Utilisation de votre article<\/p>\r\n\r\n<p class=\"text\">Le blogue de Qu\u00e9bec m\u00e9tiers d\u2019avenir permet de pr\u00e9senter l\u2019exp\u00e9rience v\u00e9cue par les \u00e9tudiant(e)s ayant \u00e9t\u00e9 accompagn\u00e9(e)s par notre \u00e9quipe. En soumettant votre article et les photos y \u00e9tant reli\u00e9es, vous acceptez donc que ce mat\u00e9riel soit utilis\u00e9 sur notre blogue ainsi qu\u2019\u00e0 des fins promotionnelles. Nous devons \u00e9galement vous informer qu\u2019il est possible que notre \u00e9quipe le lise <strong>des tonnes de fois<\/strong>, tellement ils sont fiers d\u2019avoir contribuer \u00e0 vous permettre de vivre cette exp\u00e9rience unique. Assez parler, maintenant passons aux choses s\u00e9rieuses !<\/p>\r\n\r\n<p class=\"title\">Directives pour la r\u00e9daction<\/p>\r\n\r\n<ul>\r\n    <li class=\"text\">Votre article doit contenir entre 150 et 400 mots environ et \u00eatre envoy\u00e9 au format Word.<\/li>\r\n    <li class=\"text\">Il doit \u00eatre r\u00e9dig\u00e9 \u00e0 la premi\u00e8re personne (au JE ou au NOUS).<\/li>\r\n    <li class=\"text\">Il doit \u00eatre accompagn\u00e9 d\u2019au moins une photo en haute r\u00e9solution vous mettant en sc\u00e8ne au Qu\u00e9bec dans le cadre de votre formation ou encore dans la vie de tous les jours. Les photos suppl\u00e9mentaires sont \u00e0 votre choix.<\/li>\r\n    <li class=\"text\">Il est possible d\u2019int\u00e9grer \u00e0 votre article une vid\u00e9o YouTube. Si vous d\u00e9sirez en ajouter une, vous devez \u00eatre propri\u00e9taire de la vid\u00e9o et elle doit \u00eatre publique. Nous pouvons \u00e9galement la partager sur notre chaine.<\/li>\r\n<\/ul>\r\n\r\n<p class=\"title\">Th\u00e9matiques sugg\u00e9r\u00e9es<\/p>\r\n\r\n<p class=\"text\">Les th\u00e9matiques suivantes sont des suggestions et non des obligations. Nous sommes ouverts \u00e0 recevoir des contenus cr\u00e9atifs et vari\u00e9s alors n\u2019h\u00e9sitez pas \u00e0 nous surprendre !<\/p>\r\n<ul>\r\n    <li class=\"text\">Les motivations vous ayant inciter \u00e0 venir vivre et \u00e9tudier au Qu\u00e9bec.<\/li>\r\n    <li class=\"text\">Les moments forts (meilleurs souvenirs) depuis votre arriv\u00e9e au Qu\u00e9bec.<\/li>\r\n    <li class=\"text\">Vos \u00e9tudes au Qu\u00e9bec (votre centre de formation, la formation, les enseignant(e)s, les autres \u00e9tudiant(e)s, etc.)<\/li>\r\n    <li class=\"text\">Votre vie au Qu\u00e9bec (votre ville\/r\u00e9gion, les activit\u00e9s, ce que vous avez d\u00e9couvert du Qu\u00e9bec, etc.)<\/li>\r\n    <li class=\"text\">Ce que vous conseillez aux futurs \u00e9tudiant(e)s d\u00e9sirant \u00e9tudier au Qu\u00e9bec.<\/li>\r\n<\/ul>\r\n\r\n<p class=\"title\">Le processus<\/p>\r\n\r\n<p class=\"text\">Une fois votre article soumis, notre \u00e9quipe communiquera avec vous afin de confirmer s\u2019il sera publi\u00e9 ou si des modifications sont n\u00e9cessaires. Une fois le contenu final, il sera int\u00e9gr\u00e9 \u00e0 notre site web et sera visible dans la section Blogue. Nous nous r\u00e9servons toutefois le droit de refuser un article si le contenu ne refl\u00e8te pas les valeurs de Qu\u00e9bec m\u00e9tiers d\u2019avenir ou si la qualit\u00e9 n\u2019est pas suffisante afin d\u2019\u00eatre publi\u00e9.<\/p><\/br>","protected":false},"excerpt":{"rendered":"<p>Utilisation de votre article Le blogue de Qu\u00e9bec m\u00e9tiers d\u2019avenir permet de pr\u00e9senter l\u2019exp\u00e9rience v\u00e9cue par les \u00e9tudiant(e)s ayant \u00e9t\u00e9 accompagn\u00e9(e)s par notre \u00e9quipe. En soumettant votre article et les photos y \u00e9tant reli\u00e9es, vous acceptez donc que ce mat\u00e9riel soit utilis\u00e9 sur notre blogue ainsi qu\u2019\u00e0 des fins promotionnelles. Nous devons \u00e9galement vous informer [&hellip;]<\/p>\n","protected":false},"author":1,"featured_media":0,"parent":0,"menu_order":0,"comment_status":"closed","ping_status":"closed","template":"page-partage-blogue.php","meta":{"footnotes":""},"class_list":["post-14871","page","type-page","status-publish","hentry"],"yoast_head":"<!-- This site is optimized with the Yoast SEO plugin v24.8.1 - https:\/\/yoast.com\/wordpress\/plugins\/seo\/ -->\n<title>Soumettre un article - Quebec Metiers d&#039;avenir<\/title>\n<meta name=\"robots\" content=\"index, follow, max-snippet:-1, max-image-preview:large, max-video-preview:-1\" \/>\n<link rel=\"canonical\" href=\"https:\/\/www.quebecmetiersdavenir.com\/en\/soumettre\/\" \/>\n<meta property=\"og:locale\" content=\"en_US\" \/>\n<meta property=\"og:type\" content=\"article\" \/>\n<meta property=\"og:title\" content=\"Soumettre un article - Quebec Metiers d&#039;avenir\" \/>\n<meta property=\"og:description\" content=\"Utilisation de votre article Le blogue de Qu\u00e9bec m\u00e9tiers d\u2019avenir permet de pr\u00e9senter l\u2019exp\u00e9rience v\u00e9cue par les \u00e9tudiant(e)s ayant \u00e9t\u00e9 accompagn\u00e9(e)s par notre \u00e9quipe. En soumettant votre article et les photos y \u00e9tant reli\u00e9es, vous acceptez donc que ce mat\u00e9riel soit utilis\u00e9 sur notre blogue ainsi qu\u2019\u00e0 des fins promotionnelles. Nous devons \u00e9galement vous informer [&hellip;]\" \/>\n<meta property=\"og:url\" content=\"https:\/\/www.quebecmetiersdavenir.com\/en\/soumettre\/\" \/>\n<meta property=\"og:site_name\" content=\"Quebec Metiers d&#039;avenir\" \/>\n<meta property=\"article:modified_time\" content=\"2019-03-25T17:34:57+00:00\" \/>\n<meta name=\"twitter:card\" content=\"summary_large_image\" \/>\n<meta name=\"twitter:label1\" content=\"Est. reading time\" \/>\n\t<meta name=\"twitter:data1\" content=\"2 minutes\" \/>\n<script type=\"application\/ld+json\" class=\"yoast-schema-graph\">{\"@context\":\"https:\/\/schema.org\",\"@graph\":[{\"@type\":\"WebPage\",\"@id\":\"https:\/\/www.quebecmetiersdavenir.com\/en\/soumettre\/\",\"url\":\"https:\/\/www.quebecmetiersdavenir.com\/en\/soumettre\/\",\"name\":\"Soumettre un article - Quebec Metiers d&#039;avenir\",\"isPartOf\":{\"@id\":\"https:\/\/www.quebecmetiersdavenir.com\/en\/#website\"},\"datePublished\":\"2019-03-25T17:15:30+00:00\",\"dateModified\":\"2019-03-25T17:34:57+00:00\",\"breadcrumb\":{\"@id\":\"https:\/\/www.quebecmetiersdavenir.com\/en\/soumettre\/#breadcrumb\"},\"inLanguage\":\"en-US\",\"potentialAction\":[{\"@type\":\"ReadAction\",\"target\":[\"https:\/\/www.quebecmetiersdavenir.com\/en\/soumettre\/\"]}]},{\"@type\":\"BreadcrumbList\",\"@id\":\"https:\/\/www.quebecmetiersdavenir.com\/en\/soumettre\/#breadcrumb\",\"itemListElement\":[{\"@type\":\"ListItem\",\"position\":1,\"name\":\"Accueil\",\"item\":\"https:\/\/www.quebecmetiersdavenir.com\/en\/\"},{\"@type\":\"ListItem\",\"position\":2,\"name\":\"Soumettre un article\"}]},{\"@type\":\"WebSite\",\"@id\":\"https:\/\/www.quebecmetiersdavenir.com\/en\/#website\",\"url\":\"https:\/\/www.quebecmetiersdavenir.com\/en\/\",\"name\":\"Quebec Metiers d&#039;avenir\",\"description\":\"Un site utilisant WordPress\",\"potentialAction\":[{\"@type\":\"SearchAction\",\"target\":{\"@type\":\"EntryPoint\",\"urlTemplate\":\"https:\/\/www.quebecmetiersdavenir.com\/en\/?s={search_term_string}\"},\"query-input\":{\"@type\":\"PropertyValueSpecification\",\"valueRequired\":true,\"valueName\":\"search_term_string\"}}],\"inLanguage\":\"en-US\"}]}<\/script>\n<!-- \/ Yoast SEO plugin. -->","yoast_head_json":{"title":"Soumettre un article - Quebec Metiers d&#039;avenir","robots":{"index":"index","follow":"follow","max-snippet":"max-snippet:-1","max-image-preview":"max-image-preview:large","max-video-preview":"max-video-preview:-1"},"canonical":"https:\/\/www.quebecmetiersdavenir.com\/en\/soumettre\/","og_locale":"en_US","og_type":"article","og_title":"Soumettre un article - Quebec Metiers d&#039;avenir","og_description":"Utilisation de votre article Le blogue de Qu\u00e9bec m\u00e9tiers d\u2019avenir permet de pr\u00e9senter l\u2019exp\u00e9rience v\u00e9cue par les \u00e9tudiant(e)s ayant \u00e9t\u00e9 accompagn\u00e9(e)s par notre \u00e9quipe. En soumettant votre article et les photos y \u00e9tant reli\u00e9es, vous acceptez donc que ce mat\u00e9riel soit utilis\u00e9 sur notre blogue ainsi qu\u2019\u00e0 des fins promotionnelles. Nous devons \u00e9galement vous informer [&hellip;]","og_url":"https:\/\/www.quebecmetiersdavenir.com\/en\/soumettre\/","og_site_name":"Quebec Metiers d&#039;avenir","article_modified_time":"2019-03-25T17:34:57+00:00","twitter_card":"summary_large_image","twitter_misc":{"Est. reading time":"2 minutes"},"schema":{"@context":"https:\/\/schema.org","@graph":[{"@type":"WebPage","@id":"https:\/\/www.quebecmetiersdavenir.com\/en\/soumettre\/","url":"https:\/\/www.quebecmetiersdavenir.com\/en\/soumettre\/","name":"Soumettre un article - Quebec Metiers d&#039;avenir","isPartOf":{"@id":"https:\/\/www.quebecmetiersdavenir.com\/en\/#website"},"datePublished":"2019-03-25T17:15:30+00:00","dateModified":"2019-03-25T17:34:57+00:00","breadcrumb":{"@id":"https:\/\/www.quebecmetiersdavenir.com\/en\/soumettre\/#breadcrumb"},"inLanguage":"en-US","potentialAction":[{"@type":"ReadAction","target":["https:\/\/www.quebecmetiersdavenir.com\/en\/soumettre\/"]}]},{"@type":"BreadcrumbList","@id":"https:\/\/www.quebecmetiersdavenir.com\/en\/soumettre\/#breadcrumb","itemListElement":[{"@type":"ListItem","position":1,"name":"Accueil","item":"https:\/\/www.quebecmetiersdavenir.com\/en\/"},{"@type":"ListItem","position":2,"name":"Soumettre un article"}]},{"@type":"WebSite","@id":"https:\/\/www.quebecmetiersdavenir.com\/en\/#website","url":"https:\/\/www.quebecmetiersdavenir.com\/en\/","name":"Quebec Metiers d&#039;avenir","description":"Un site utilisant WordPress","potentialAction":[{"@type":"SearchAction","target":{"@type":"EntryPoint","urlTemplate":"https:\/\/www.quebecmetiersdavenir.com\/en\/?s={search_term_string}"},"query-input":{"@type":"PropertyValueSpecification","valueRequired":true,"valueName":"search_term_string"}}],"inLanguage":"en-US"}]}},"_links":{"self":[{"href":"https:\/\/www.quebecmetiersdavenir.com\/en\/wp-json\/wp\/v2\/pages\/14871","targetHints":{"allow":["GET"]}}],"collection":[{"href":"https:\/\/www.quebecmetiersdavenir.com\/en\/wp-json\/wp\/v2\/pages"}],"about":[{"href":"https:\/\/www.quebecmetiersdavenir.com\/en\/wp-json\/wp\/v2\/types\/page"}],"author":[{"embeddable":true,"href":"https:\/\/www.quebecmetiersdavenir.com\/en\/wp-json\/wp\/v2\/users\/1"}],"replies":[{"embeddable":true,"href":"https:\/\/www.quebecmetiersdavenir.com\/en\/wp-json\/wp\/v2\/comments?post=14871"}],"version-history":[{"count":3,"href":"https:\/\/www.quebecmetiersdavenir.com\/en\/wp-json\/wp\/v2\/pages\/14871\/revisions"}],"predecessor-version":[{"id":14874,"href":"https:\/\/www.quebecmetiersdavenir.com\/en\/wp-json\/wp\/v2\/pages\/14871\/revisions\/14874"}],"wp:attachment":[{"href":"https:\/\/www.quebecmetiersdavenir.com\/en\/wp-json\/wp\/v2\/media?parent=14871"}],"curies":[{"name":"wp","href":"https:\/\/api.w.org\/{rel}","templated":true}]}}