{"id":17938,"date":"2022-02-08T17:37:30","date_gmt":"2022-02-08T16:37:30","guid":{"rendered":"https:\/\/www.quebecmetiersdavenir.com\/?page_id=17938"},"modified":"2022-12-14T20:25:14","modified_gmt":"2022-12-14T19:25:14","slug":"quebec-metiers-davenir-support-service","status":"publish","type":"page","link":"https:\/\/www.quebecmetiersdavenir.com\/en\/quebec-metiers-davenir-support-service\/","title":{"rendered":"Qu\u00e9bec m\u00e9tiers d&#8217;avenir support service"},"content":{"rendered":"<p class=\"title bold\">Qu\u00e9bec m\u00e9tiers d&#8217;avenir support service<\/p>\r\n<p class=\"text\">Qu\u00e9bec m\u00e9tiers d&#8217;avenir is a personalized <strong>support service<\/strong> established by \u00c9ducation internationale for people who desire to pursue vocational training and have a unique experience in Qu\u00e9bec.<\/p>\r\n<p class=\"text\">You are alone, a couple or a family?\r\nDo you feel like changing careers, acquiring new skills or an international mobility experience?\r\nOur team of professionals will guide and advise you throughout the different stages of your study project in Quebec:<\/p>\r\n<p class=\"title bold\">Registration and orientation<\/p>\r\n\r\n<ul>\r\n \t<li class=\"text\">Advice in choosing a course and a region of study to suit your interests and needs<\/li>\r\n \t<li class=\"text\">Support in your admission process<\/li>\r\n \t<li class=\"text\">Priority processing of your academic documents, if applicable<\/li>\r\n \t<li class=\"text\">Complete validation of your admission file<\/li>\r\n \t<li class=\"text\">Private interview with your advisor to finalize your registration<\/li>\r\n<\/ul>\r\n<p class=\"title bold\">Administrative and immigration procedures<\/p>\r\n\r\n<ul>\r\n \t<li class=\"text\">Liaison with the chosen training center and obtaining your acceptance letter<\/li>\r\n \t<li class=\"text\">Support in obtaining your CAQ and study permit<\/li>\r\n \t<li class=\"text\">Support to help you put together a solid file for immigration purposes.<\/li>\r\n \t<li class=\"text\">Information regarding the steps to follow for the accompanying family member&#8217;s permit, job opportunities and schooling possibilities for your children<\/li>\r\n<\/ul>\r\n<p class=\"title bold\">Preparing for your arrival<\/p>\r\n<p class=\"text\">Thanks to our virtual arrival preparation meetings, the webinars offered by our partners and the personalized space myQuebecmetiersdavenir, you will have all the tools and information you need to prepare your arrival as well as that of those accompanying you, if applicable:<\/p>\r\n\r\n<ul>\r\n \t<li class=\"text\">Search for accommodation<\/li>\r\n \t<li class=\"text\">School or daycare for your children, if applicable<\/li>\r\n \t<li class=\"text\">Job hunting<\/li>\r\n \t<li class=\"text\">Social Insurance Number (SIN)<\/li>\r\n \t<li class=\"text\">Driver&#8217;s license<\/li>\r\n \t<li class=\"text\">Health insurance<\/li>\r\n \t<li class=\"text\">Flight ticket<\/li>\r\n \t<li class=\"text\">Opening a bank account, credit<\/li>\r\n \t<li class=\"text\">Budget planning<\/li>\r\n \t<li class=\"text\">\u00c9tc.<\/li>\r\n<\/ul>\r\n<p class=\"title bold\">Upon your arrival<\/p>\r\n\r\n<ul>\r\n \t<li class=\"text\">Reception at the Montreal airport by the staff of our partner Accueil Plus *<\/li>\r\n \t<li class=\"text\">Priority processing of your study permit application at the Montreal airport&#8217;s immigration stand*<\/li>\r\n<\/ul>\r\n<p class=\"text\"><em>* Available at certain periods of the year<\/em><\/p>\r\n<p class=\"text\">In addition to the file opening fee payable at the time of your registration, our support service is free of charge.<\/p>\r\n<p class=\"text\">Please note: If you choose to register directly in a professional training center, you will not be able to benefit from our support service.<\/p>\r\n<p class=\"title bold\">\u00c9ducation internationale<\/p>\r\n<p class=\"text\">\u00c9ducation internationale is the official representative of the French school service centers and English school boards in Quebec, which oversee vocational training centres. <strong>\u00c9ducation internationale is mandated by the minist\u00e8re de l&#8217;\u00c9ducation du Qu\u00e9bec to coordinate the promotion of vocational training studies abroad<\/strong><\/p>","protected":false},"excerpt":{"rendered":"<p>Qu\u00e9bec m\u00e9tiers d&#8217;avenir support service Qu\u00e9bec m\u00e9tiers d&#8217;avenir is a personalized support service established by \u00c9ducation internationale for people who desire to pursue vocational training and have a unique experience in Qu\u00e9bec. You are alone, a couple or a family? Do you feel like changing careers, acquiring new skills or an international mobility experience? Our [&hellip;]<\/p>\n","protected":false},"author":8,"featured_media":17937,"parent":0,"menu_order":0,"comment_status":"closed","ping_status":"closed","template":"","meta":{"footnotes":""},"class_list":["post-17938","page","type-page","status-publish","has-post-thumbnail","hentry"],"yoast_head":"<!-- This site is optimized with the Yoast SEO plugin v24.8.1 - https:\/\/yoast.com\/wordpress\/plugins\/seo\/ -->\n<title>Qu\u00e9bec m\u00e9tiers d&#039;avenir support service - Quebec Metiers d&#039;avenir<\/title>\n<meta name=\"robots\" content=\"index, follow, max-snippet:-1, max-image-preview:large, max-video-preview:-1\" \/>\n<link rel=\"canonical\" href=\"https:\/\/www.quebecmetiersdavenir.com\/en\/quebec-metiers-davenir-support-service\/\" \/>\n<meta property=\"og:locale\" content=\"en_US\" \/>\n<meta property=\"og:type\" content=\"article\" \/>\n<meta property=\"og:title\" content=\"Qu\u00e9bec m\u00e9tiers d&#039;avenir support service - Quebec Metiers d&#039;avenir\" \/>\n<meta property=\"og:description\" content=\"Qu\u00e9bec m\u00e9tiers d&#8217;avenir support service Qu\u00e9bec m\u00e9tiers d&#8217;avenir is a personalized support service established by \u00c9ducation internationale for people who desire to pursue vocational training and have a unique experience in Qu\u00e9bec. You are alone, a couple or a family? Do you feel like changing careers, acquiring new skills or an international mobility experience? Our [&hellip;]\" \/>\n<meta property=\"og:url\" content=\"https:\/\/www.quebecmetiersdavenir.com\/en\/quebec-metiers-davenir-support-service\/\" \/>\n<meta property=\"og:site_name\" content=\"Quebec Metiers d&#039;avenir\" \/>\n<meta property=\"article:modified_time\" content=\"2022-12-14T19:25:14+00:00\" \/>\n<meta property=\"og:image\" content=\"https:\/\/www.quebecmetiersdavenir.com\/wp-content\/uploads\/thought-catalog-UK78i6vK3sc-unsplash-2.jpg\" \/>\n\t<meta property=\"og:image:width\" content=\"2560\" \/>\n\t<meta property=\"og:image:height\" content=\"1707\" \/>\n\t<meta property=\"og:image:type\" content=\"image\/jpeg\" \/>\n<meta name=\"twitter:card\" content=\"summary_large_image\" \/>\n<meta name=\"twitter:label1\" content=\"Est. reading time\" \/>\n\t<meta name=\"twitter:data1\" content=\"2 minutes\" \/>\n<script type=\"application\/ld+json\" class=\"yoast-schema-graph\">{\"@context\":\"https:\/\/schema.org\",\"@graph\":[{\"@type\":\"WebPage\",\"@id\":\"https:\/\/www.quebecmetiersdavenir.com\/en\/quebec-metiers-davenir-support-service\/\",\"url\":\"https:\/\/www.quebecmetiersdavenir.com\/en\/quebec-metiers-davenir-support-service\/\",\"name\":\"Qu\u00e9bec m\u00e9tiers d'avenir support service - Quebec Metiers d&#039;avenir\",\"isPartOf\":{\"@id\":\"https:\/\/www.quebecmetiersdavenir.com\/en\/#website\"},\"primaryImageOfPage\":{\"@id\":\"https:\/\/www.quebecmetiersdavenir.com\/en\/quebec-metiers-davenir-support-service\/#primaryimage\"},\"image\":{\"@id\":\"https:\/\/www.quebecmetiersdavenir.com\/en\/quebec-metiers-davenir-support-service\/#primaryimage\"},\"thumbnailUrl\":\"https:\/\/www.quebecmetiersdavenir.com\/wp-content\/uploads\/thought-catalog-UK78i6vK3sc-unsplash-2.jpg\",\"datePublished\":\"2022-02-08T16:37:30+00:00\",\"dateModified\":\"2022-12-14T19:25:14+00:00\",\"breadcrumb\":{\"@id\":\"https:\/\/www.quebecmetiersdavenir.com\/en\/quebec-metiers-davenir-support-service\/#breadcrumb\"},\"inLanguage\":\"en-US\",\"potentialAction\":[{\"@type\":\"ReadAction\",\"target\":[\"https:\/\/www.quebecmetiersdavenir.com\/en\/quebec-metiers-davenir-support-service\/\"]}]},{\"@type\":\"ImageObject\",\"inLanguage\":\"en-US\",\"@id\":\"https:\/\/www.quebecmetiersdavenir.com\/en\/quebec-metiers-davenir-support-service\/#primaryimage\",\"url\":\"https:\/\/www.quebecmetiersdavenir.com\/wp-content\/uploads\/thought-catalog-UK78i6vK3sc-unsplash-2.jpg\",\"contentUrl\":\"https:\/\/www.quebecmetiersdavenir.com\/wp-content\/uploads\/thought-catalog-UK78i6vK3sc-unsplash-2.jpg\",\"width\":2560,\"height\":1707},{\"@type\":\"BreadcrumbList\",\"@id\":\"https:\/\/www.quebecmetiersdavenir.com\/en\/quebec-metiers-davenir-support-service\/#breadcrumb\",\"itemListElement\":[{\"@type\":\"ListItem\",\"position\":1,\"name\":\"Accueil\",\"item\":\"https:\/\/www.quebecmetiersdavenir.com\/en\/\"},{\"@type\":\"ListItem\",\"position\":2,\"name\":\"Qu\u00e9bec m\u00e9tiers d&#8217;avenir support service\"}]},{\"@type\":\"WebSite\",\"@id\":\"https:\/\/www.quebecmetiersdavenir.com\/en\/#website\",\"url\":\"https:\/\/www.quebecmetiersdavenir.com\/en\/\",\"name\":\"Quebec Metiers d&#039;avenir\",\"description\":\"Un site utilisant WordPress\",\"potentialAction\":[{\"@type\":\"SearchAction\",\"target\":{\"@type\":\"EntryPoint\",\"urlTemplate\":\"https:\/\/www.quebecmetiersdavenir.com\/en\/?s={search_term_string}\"},\"query-input\":{\"@type\":\"PropertyValueSpecification\",\"valueRequired\":true,\"valueName\":\"search_term_string\"}}],\"inLanguage\":\"en-US\"}]}<\/script>\n<!-- \/ Yoast SEO plugin. -->","yoast_head_json":{"title":"Qu\u00e9bec m\u00e9tiers d'avenir support service - Quebec Metiers d&#039;avenir","robots":{"index":"index","follow":"follow","max-snippet":"max-snippet:-1","max-image-preview":"max-image-preview:large","max-video-preview":"max-video-preview:-1"},"canonical":"https:\/\/www.quebecmetiersdavenir.com\/en\/quebec-metiers-davenir-support-service\/","og_locale":"en_US","og_type":"article","og_title":"Qu\u00e9bec m\u00e9tiers d'avenir support service - Quebec Metiers d&#039;avenir","og_description":"Qu\u00e9bec m\u00e9tiers d&#8217;avenir support service Qu\u00e9bec m\u00e9tiers d&#8217;avenir is a personalized support service established by \u00c9ducation internationale for people who desire to pursue vocational training and have a unique experience in Qu\u00e9bec. You are alone, a couple or a family? Do you feel like changing careers, acquiring new skills or an international mobility experience? Our [&hellip;]","og_url":"https:\/\/www.quebecmetiersdavenir.com\/en\/quebec-metiers-davenir-support-service\/","og_site_name":"Quebec Metiers d&#039;avenir","article_modified_time":"2022-12-14T19:25:14+00:00","og_image":[{"width":2560,"height":1707,"url":"https:\/\/www.quebecmetiersdavenir.com\/wp-content\/uploads\/thought-catalog-UK78i6vK3sc-unsplash-2.jpg","type":"image\/jpeg"}],"twitter_card":"summary_large_image","twitter_misc":{"Est. reading time":"2 minutes"},"schema":{"@context":"https:\/\/schema.org","@graph":[{"@type":"WebPage","@id":"https:\/\/www.quebecmetiersdavenir.com\/en\/quebec-metiers-davenir-support-service\/","url":"https:\/\/www.quebecmetiersdavenir.com\/en\/quebec-metiers-davenir-support-service\/","name":"Qu\u00e9bec m\u00e9tiers d'avenir support service - Quebec Metiers d&#039;avenir","isPartOf":{"@id":"https:\/\/www.quebecmetiersdavenir.com\/en\/#website"},"primaryImageOfPage":{"@id":"https:\/\/www.quebecmetiersdavenir.com\/en\/quebec-metiers-davenir-support-service\/#primaryimage"},"image":{"@id":"https:\/\/www.quebecmetiersdavenir.com\/en\/quebec-metiers-davenir-support-service\/#primaryimage"},"thumbnailUrl":"https:\/\/www.quebecmetiersdavenir.com\/wp-content\/uploads\/thought-catalog-UK78i6vK3sc-unsplash-2.jpg","datePublished":"2022-02-08T16:37:30+00:00","dateModified":"2022-12-14T19:25:14+00:00","breadcrumb":{"@id":"https:\/\/www.quebecmetiersdavenir.com\/en\/quebec-metiers-davenir-support-service\/#breadcrumb"},"inLanguage":"en-US","potentialAction":[{"@type":"ReadAction","target":["https:\/\/www.quebecmetiersdavenir.com\/en\/quebec-metiers-davenir-support-service\/"]}]},{"@type":"ImageObject","inLanguage":"en-US","@id":"https:\/\/www.quebecmetiersdavenir.com\/en\/quebec-metiers-davenir-support-service\/#primaryimage","url":"https:\/\/www.quebecmetiersdavenir.com\/wp-content\/uploads\/thought-catalog-UK78i6vK3sc-unsplash-2.jpg","contentUrl":"https:\/\/www.quebecmetiersdavenir.com\/wp-content\/uploads\/thought-catalog-UK78i6vK3sc-unsplash-2.jpg","width":2560,"height":1707},{"@type":"BreadcrumbList","@id":"https:\/\/www.quebecmetiersdavenir.com\/en\/quebec-metiers-davenir-support-service\/#breadcrumb","itemListElement":[{"@type":"ListItem","position":1,"name":"Accueil","item":"https:\/\/www.quebecmetiersdavenir.com\/en\/"},{"@type":"ListItem","position":2,"name":"Qu\u00e9bec m\u00e9tiers d&#8217;avenir support service"}]},{"@type":"WebSite","@id":"https:\/\/www.quebecmetiersdavenir.com\/en\/#website","url":"https:\/\/www.quebecmetiersdavenir.com\/en\/","name":"Quebec Metiers d&#039;avenir","description":"Un site utilisant WordPress","potentialAction":[{"@type":"SearchAction","target":{"@type":"EntryPoint","urlTemplate":"https:\/\/www.quebecmetiersdavenir.com\/en\/?s={search_term_string}"},"query-input":{"@type":"PropertyValueSpecification","valueRequired":true,"valueName":"search_term_string"}}],"inLanguage":"en-US"}]}},"_links":{"self":[{"href":"https:\/\/www.quebecmetiersdavenir.com\/en\/wp-json\/wp\/v2\/pages\/17938","targetHints":{"allow":["GET"]}}],"collection":[{"href":"https:\/\/www.quebecmetiersdavenir.com\/en\/wp-json\/wp\/v2\/pages"}],"about":[{"href":"https:\/\/www.quebecmetiersdavenir.com\/en\/wp-json\/wp\/v2\/types\/page"}],"author":[{"embeddable":true,"href":"https:\/\/www.quebecmetiersdavenir.com\/en\/wp-json\/wp\/v2\/users\/8"}],"replies":[{"embeddable":true,"href":"https:\/\/www.quebecmetiersdavenir.com\/en\/wp-json\/wp\/v2\/comments?post=17938"}],"version-history":[{"count":2,"href":"https:\/\/www.quebecmetiersdavenir.com\/en\/wp-json\/wp\/v2\/pages\/17938\/revisions"}],"predecessor-version":[{"id":18877,"href":"https:\/\/www.quebecmetiersdavenir.com\/en\/wp-json\/wp\/v2\/pages\/17938\/revisions\/18877"}],"wp:featuredmedia":[{"embeddable":true,"href":"https:\/\/www.quebecmetiersdavenir.com\/en\/wp-json\/wp\/v2\/media\/17937"}],"wp:attachment":[{"href":"https:\/\/www.quebecmetiersdavenir.com\/en\/wp-json\/wp\/v2\/media?parent=17938"}],"curies":[{"name":"wp","href":"https:\/\/api.w.org\/{rel}","templated":true}]}}