{"id":21276,"date":"2024-09-25T21:18:45","date_gmt":"2024-09-25T20:18:45","guid":{"rendered":"https:\/\/www.quebecmetiersdavenir.com\/?page_id=21276"},"modified":"2025-11-04T20:42:59","modified_gmt":"2025-11-04T19:42:59","slug":"bourses-et-aide-financiere","status":"publish","type":"page","link":"https:\/\/www.quebecmetiersdavenir.com\/en\/bourses-et-aide-financiere\/","title":{"rendered":"Bourses et aide financi\u00e8re"},"content":{"rendered":"<p class=\"text\">D\u00e9couvrez les bourses et les aides financi\u00e8res que nous proposons !<\/p>\r\n<p class=\"text\"><strong>Consultez la section ci-dessous !<\/strong><\/p>\r\n","protected":false},"excerpt":{"rendered":"<p>D\u00e9couvrez les bourses et les aides financi\u00e8res que nous proposons ! Consultez la section ci-dessous !<\/p>\n","protected":false},"author":8,"featured_media":20080,"parent":0,"menu_order":0,"comment_status":"closed","ping_status":"closed","template":"page-test-francais.php","meta":{"footnotes":""},"class_list":["post-21276","page","type-page","status-publish","has-post-thumbnail","hentry"],"yoast_head":"<!-- This site is optimized with the Yoast SEO plugin v24.8.1 - https:\/\/yoast.com\/wordpress\/plugins\/seo\/ -->\n<title>Bourses et aide financi\u00e8re - Quebec Metiers d&#039;avenir<\/title>\n<meta name=\"robots\" content=\"index, follow, max-snippet:-1, max-image-preview:large, max-video-preview:-1\" \/>\n<link rel=\"canonical\" href=\"https:\/\/www.quebecmetiersdavenir.com\/en\/bourses-et-aide-financiere\/\" \/>\n<meta property=\"og:locale\" content=\"en_US\" \/>\n<meta property=\"og:type\" content=\"article\" \/>\n<meta property=\"og:title\" content=\"Bourses et aide financi\u00e8re - Quebec Metiers d&#039;avenir\" \/>\n<meta property=\"og:description\" content=\"D\u00e9couvrez les bourses et les aides financi\u00e8res que nous proposons ! Consultez la section ci-dessous !\" \/>\n<meta property=\"og:url\" content=\"https:\/\/www.quebecmetiersdavenir.com\/en\/bourses-et-aide-financiere\/\" \/>\n<meta property=\"og:site_name\" content=\"Quebec Metiers d&#039;avenir\" \/>\n<meta property=\"article:modified_time\" content=\"2025-11-04T19:42:59+00:00\" \/>\n<meta property=\"og:image\" content=\"https:\/\/www.quebecmetiersdavenir.com\/wp-content\/uploads\/Design-sans-titre-2-1024x577.png\" \/>\n\t<meta property=\"og:image:width\" content=\"1024\" \/>\n\t<meta property=\"og:image:height\" content=\"577\" \/>\n\t<meta property=\"og:image:type\" content=\"image\/png\" \/>\n<meta name=\"twitter:card\" content=\"summary_large_image\" \/>\n<meta name=\"twitter:label1\" content=\"Est. reading time\" \/>\n\t<meta name=\"twitter:data1\" content=\"3 minutes\" \/>\n<script type=\"application\/ld+json\" class=\"yoast-schema-graph\">{\"@context\":\"https:\/\/schema.org\",\"@graph\":[{\"@type\":\"WebPage\",\"@id\":\"https:\/\/www.quebecmetiersdavenir.com\/en\/bourses-et-aide-financiere\/\",\"url\":\"https:\/\/www.quebecmetiersdavenir.com\/en\/bourses-et-aide-financiere\/\",\"name\":\"Bourses et aide financi\u00e8re - Quebec Metiers d&#039;avenir\",\"isPartOf\":{\"@id\":\"https:\/\/www.quebecmetiersdavenir.com\/en\/#website\"},\"primaryImageOfPage\":{\"@id\":\"https:\/\/www.quebecmetiersdavenir.com\/en\/bourses-et-aide-financiere\/#primaryimage\"},\"image\":{\"@id\":\"https:\/\/www.quebecmetiersdavenir.com\/en\/bourses-et-aide-financiere\/#primaryimage\"},\"thumbnailUrl\":\"https:\/\/www.quebecmetiersdavenir.com\/wp-content\/uploads\/Design-sans-titre-2.png\",\"datePublished\":\"2024-09-25T20:18:45+00:00\",\"dateModified\":\"2025-11-04T19:42:59+00:00\",\"breadcrumb\":{\"@id\":\"https:\/\/www.quebecmetiersdavenir.com\/en\/bourses-et-aide-financiere\/#breadcrumb\"},\"inLanguage\":\"en-US\",\"potentialAction\":[{\"@type\":\"ReadAction\",\"target\":[\"https:\/\/www.quebecmetiersdavenir.com\/en\/bourses-et-aide-financiere\/\"]}]},{\"@type\":\"ImageObject\",\"inLanguage\":\"en-US\",\"@id\":\"https:\/\/www.quebecmetiersdavenir.com\/en\/bourses-et-aide-financiere\/#primaryimage\",\"url\":\"https:\/\/www.quebecmetiersdavenir.com\/wp-content\/uploads\/Design-sans-titre-2.png\",\"contentUrl\":\"https:\/\/www.quebecmetiersdavenir.com\/wp-content\/uploads\/Design-sans-titre-2.png\",\"width\":1640,\"height\":924},{\"@type\":\"BreadcrumbList\",\"@id\":\"https:\/\/www.quebecmetiersdavenir.com\/en\/bourses-et-aide-financiere\/#breadcrumb\",\"itemListElement\":[{\"@type\":\"ListItem\",\"position\":1,\"name\":\"Accueil\",\"item\":\"https:\/\/www.quebecmetiersdavenir.com\/en\/\"},{\"@type\":\"ListItem\",\"position\":2,\"name\":\"Bourses et aide financi\u00e8re\"}]},{\"@type\":\"WebSite\",\"@id\":\"https:\/\/www.quebecmetiersdavenir.com\/en\/#website\",\"url\":\"https:\/\/www.quebecmetiersdavenir.com\/en\/\",\"name\":\"Quebec Metiers d&#039;avenir\",\"description\":\"Un site utilisant WordPress\",\"potentialAction\":[{\"@type\":\"SearchAction\",\"target\":{\"@type\":\"EntryPoint\",\"urlTemplate\":\"https:\/\/www.quebecmetiersdavenir.com\/en\/?s={search_term_string}\"},\"query-input\":{\"@type\":\"PropertyValueSpecification\",\"valueRequired\":true,\"valueName\":\"search_term_string\"}}],\"inLanguage\":\"en-US\"}]}<\/script>\n<!-- \/ Yoast SEO plugin. -->","yoast_head_json":{"title":"Bourses et aide financi\u00e8re - Quebec Metiers d&#039;avenir","robots":{"index":"index","follow":"follow","max-snippet":"max-snippet:-1","max-image-preview":"max-image-preview:large","max-video-preview":"max-video-preview:-1"},"canonical":"https:\/\/www.quebecmetiersdavenir.com\/en\/bourses-et-aide-financiere\/","og_locale":"en_US","og_type":"article","og_title":"Bourses et aide financi\u00e8re - Quebec Metiers d&#039;avenir","og_description":"D\u00e9couvrez les bourses et les aides financi\u00e8res que nous proposons ! Consultez la section ci-dessous !","og_url":"https:\/\/www.quebecmetiersdavenir.com\/en\/bourses-et-aide-financiere\/","og_site_name":"Quebec Metiers d&#039;avenir","article_modified_time":"2025-11-04T19:42:59+00:00","og_image":[{"width":1024,"height":577,"url":"https:\/\/www.quebecmetiersdavenir.com\/wp-content\/uploads\/Design-sans-titre-2-1024x577.png","type":"image\/png"}],"twitter_card":"summary_large_image","twitter_misc":{"Est. reading time":"3 minutes"},"schema":{"@context":"https:\/\/schema.org","@graph":[{"@type":"WebPage","@id":"https:\/\/www.quebecmetiersdavenir.com\/en\/bourses-et-aide-financiere\/","url":"https:\/\/www.quebecmetiersdavenir.com\/en\/bourses-et-aide-financiere\/","name":"Bourses et aide financi\u00e8re - Quebec Metiers d&#039;avenir","isPartOf":{"@id":"https:\/\/www.quebecmetiersdavenir.com\/en\/#website"},"primaryImageOfPage":{"@id":"https:\/\/www.quebecmetiersdavenir.com\/en\/bourses-et-aide-financiere\/#primaryimage"},"image":{"@id":"https:\/\/www.quebecmetiersdavenir.com\/en\/bourses-et-aide-financiere\/#primaryimage"},"thumbnailUrl":"https:\/\/www.quebecmetiersdavenir.com\/wp-content\/uploads\/Design-sans-titre-2.png","datePublished":"2024-09-25T20:18:45+00:00","dateModified":"2025-11-04T19:42:59+00:00","breadcrumb":{"@id":"https:\/\/www.quebecmetiersdavenir.com\/en\/bourses-et-aide-financiere\/#breadcrumb"},"inLanguage":"en-US","potentialAction":[{"@type":"ReadAction","target":["https:\/\/www.quebecmetiersdavenir.com\/en\/bourses-et-aide-financiere\/"]}]},{"@type":"ImageObject","inLanguage":"en-US","@id":"https:\/\/www.quebecmetiersdavenir.com\/en\/bourses-et-aide-financiere\/#primaryimage","url":"https:\/\/www.quebecmetiersdavenir.com\/wp-content\/uploads\/Design-sans-titre-2.png","contentUrl":"https:\/\/www.quebecmetiersdavenir.com\/wp-content\/uploads\/Design-sans-titre-2.png","width":1640,"height":924},{"@type":"BreadcrumbList","@id":"https:\/\/www.quebecmetiersdavenir.com\/en\/bourses-et-aide-financiere\/#breadcrumb","itemListElement":[{"@type":"ListItem","position":1,"name":"Accueil","item":"https:\/\/www.quebecmetiersdavenir.com\/en\/"},{"@type":"ListItem","position":2,"name":"Bourses et aide financi\u00e8re"}]},{"@type":"WebSite","@id":"https:\/\/www.quebecmetiersdavenir.com\/en\/#website","url":"https:\/\/www.quebecmetiersdavenir.com\/en\/","name":"Quebec Metiers d&#039;avenir","description":"Un site utilisant WordPress","potentialAction":[{"@type":"SearchAction","target":{"@type":"EntryPoint","urlTemplate":"https:\/\/www.quebecmetiersdavenir.com\/en\/?s={search_term_string}"},"query-input":{"@type":"PropertyValueSpecification","valueRequired":true,"valueName":"search_term_string"}}],"inLanguage":"en-US"}]}},"_links":{"self":[{"href":"https:\/\/www.quebecmetiersdavenir.com\/en\/wp-json\/wp\/v2\/pages\/21276","targetHints":{"allow":["GET"]}}],"collection":[{"href":"https:\/\/www.quebecmetiersdavenir.com\/en\/wp-json\/wp\/v2\/pages"}],"about":[{"href":"https:\/\/www.quebecmetiersdavenir.com\/en\/wp-json\/wp\/v2\/types\/page"}],"author":[{"embeddable":true,"href":"https:\/\/www.quebecmetiersdavenir.com\/en\/wp-json\/wp\/v2\/users\/8"}],"replies":[{"embeddable":true,"href":"https:\/\/www.quebecmetiersdavenir.com\/en\/wp-json\/wp\/v2\/comments?post=21276"}],"version-history":[{"count":7,"href":"https:\/\/www.quebecmetiersdavenir.com\/en\/wp-json\/wp\/v2\/pages\/21276\/revisions"}],"predecessor-version":[{"id":21297,"href":"https:\/\/www.quebecmetiersdavenir.com\/en\/wp-json\/wp\/v2\/pages\/21276\/revisions\/21297"}],"wp:featuredmedia":[{"embeddable":true,"href":"https:\/\/www.quebecmetiersdavenir.com\/en\/wp-json\/wp\/v2\/media\/20080"}],"wp:attachment":[{"href":"https:\/\/www.quebecmetiersdavenir.com\/en\/wp-json\/wp\/v2\/media?parent=21276"}],"curies":[{"name":"wp","href":"https:\/\/api.w.org\/{rel}","templated":true}]}}