{"id":21766,"date":"2025-08-13T20:49:36","date_gmt":"2025-08-13T19:49:36","guid":{"rendered":"https:\/\/www.quebecmetiersdavenir.com\/?page_id=21766"},"modified":"2025-08-28T15:45:43","modified_gmt":"2025-08-28T14:45:43","slug":"tournee-qma-hauts-de-france","status":"publish","type":"page","link":"https:\/\/www.quebecmetiersdavenir.com\/en\/tournee-qma-hauts-de-france\/","title":{"rendered":"Tourn\u00e9e QMA &#8211; Hauts-de-France"},"content":{"rendered":"<div style=\"max-width: 900px; margin: 0 auto; padding: 28px; background: #ffffff; border-radius: 12px; box-shadow: 0 6px 24px rgba(0,0,0,.08); line-height: 1.65; color: #222;\" role=\"region\" aria-labelledby=\"qma-titre\">\r\n<h2 id=\"qma-titre\" style=\"margin: 0 0 12px; font-size: 28px; letter-spacing: .2px;\"><strong>VIENS DISCUTER AVEC NOUS!<\/strong><\/h2>\r\n<p class=\"text\">Tu r\u00eaves de changer d\u2019environnement, d\u2019apprendre un m\u00e9tier concret et de partir \u00e0 la d\u00e9couverte du Qu\u00e9bec ?\r\n<strong>Qu\u00e9bec m\u00e9tiers d\u2019avenir<\/strong> <strong>te\u00a0propose une occasion unique de concr\u00e9tiser ce projet passionnant lors d\u2019un \u00e9v\u00e9nement organis\u00e9 \u00e0 Saint-Quentin et \u00e0 Lille.<\/strong><\/p>\r\n<p class=\"text\" style=\"text-align: center;\"><strong>\ud83d\udccd<\/strong><strong> Lille \u2013 mercredi 17 septembre, de 14h \u00e0 18h<\/strong>\r\n<strong>CRIJ de Lilles<\/strong>\r\n<strong>2 rue Edouard Delesalle, 59800 Lille<\/strong><\/p>\r\n<p class=\"text\" style=\"text-align: center;\"><strong>\ud83d\udccd<\/strong><strong> Saint-Quentin \u2013 vendredi 19 septembre, de 14h \u00e0 18h<\/strong>\r\n<strong>P\u00f4le Jeunesse de Saint-Quentin<\/strong>\r\n<strong>27 rue Victor Basch, 02107 Saint-Quentin Cedex<\/strong><\/p>\r\n&nbsp;\r\n<p class=\"text\">Plus qu\u2019une simple formation, partir au Qu\u00e9bec, c\u2019est vivre une aventure humaine, professionnelle et culturelle, apprendre un m\u00e9tier dans un environnement stimulant, d\u00e9couvrir un nouveau mode de vie, s\u2019immerger dans une soci\u00e9t\u00e9 ouverte et accueillante, b\u00e2tir un avenir \u00e0 votre image.<\/p>\r\n<p class=\"text\">Qu\u00e9bec m\u00e9tiers d\u2019avenir accompagne les personnes qui souhaitent \u00e9tudier en formation professionnelle au Qu\u00e9bec et vivre une exp\u00e9rience unique \u00e0 l\u2019international.\r\n<strong>Cette rencontre est l\u2019occasion d\u2019obtenir des r\u00e9ponses concr\u00e8tes \u00e0 toutes tes questions : un moment id\u00e9al pour les jeunes en r\u00e9flexion sur leur avenir et pour leurs parents qui souhaitent s\u2019informer.<\/strong><\/p>\r\n\r\n<h3 style=\"margin: 18px 0 10px; font-size: 22px;\">Au programme :<\/h3>\r\n<ul>\r\n \t<li class=\"text\">Pr\u00e9sentation des m\u00e9tiers accessibles en formation professionnelle au Qu\u00e9bec<\/li>\r\n \t<li class=\"text\">Informations sur les d\u00e9marches d\u2019admission et d\u2019immigration<\/li>\r\n \t<li class=\"text\">\u00c9changes avec des conseillers sp\u00e9cialis\u00e9s<\/li>\r\n \t<li class=\"text\">Conseils pratiques sur la vie au Qu\u00e9bec : logement, transport, emploi, int\u00e9gration, etc.<\/li>\r\n<\/ul>\r\n<p class=\"text\">Ces rencontres sont <strong>gratuites<\/strong> et ouvertes \u00e0 toutes et tous, que tu sois \u00e9tudiant-e, en reconversion ou simplement en qu\u00eate de nouvelles perspectives.<\/p>\r\n<p class=\"text\">\ud83d\udc49 Explore les formations <u><a href=\"https:\/\/www.quebecmetiersdavenir.com\/mon-projet-detude\/les-formations-professionnelles\/\">ici<\/a><\/u>, trouve celui qui te correspond, et viens rencontrer notre conseill\u00e8re pour savoir comment acc\u00e9der \u00e0 cette opportunit\u00e9 unique !<\/p>\r\n\r\n<div style=\"margin-top: 10px; text-align: center;\"><a style=\"display: inline-block; text-decoration: none; background: #9b1c1c; color: #fff; padding: 14px 22px; border-radius: 10px; font-weight: bold; font-size: 18px;\" role=\"button\" href=\"https:\/\/bit.ly\/Tournee_SEPT_QMA\" target=\"_blank\" rel=\"noopener\" aria-label=\"S\u2019inscrire \u00e0 l\u2019\u00e9v\u00e9nement Qu\u00e9bec M\u00e9tiers d\u2019Avenir\">\r\n\ud83d\udcc5 S\u2019INSCRIRE MAINTENANT\r\n<\/a><\/div>\r\n<p class=\"text\"><strong>Ne manque pas cette chance de donner un nouveau souffle \u00e0 ton avenir, d\u2019apprendre un m\u00e9tier porteur et de vivre une aventure unique au c\u0153ur du Qu\u00e9bec ! \ud83c\udf41<\/strong><\/p>\r\n\r\n<\/div>","protected":false},"excerpt":{"rendered":"<p>VIENS DISCUTER AVEC NOUS! Tu r\u00eaves de changer d\u2019environnement, d\u2019apprendre un m\u00e9tier concret et de partir \u00e0 la d\u00e9couverte du Qu\u00e9bec ? Qu\u00e9bec m\u00e9tiers d\u2019avenir te\u00a0propose une occasion unique de concr\u00e9tiser ce projet passionnant lors d\u2019un \u00e9v\u00e9nement organis\u00e9 \u00e0 Saint-Quentin et \u00e0 Lille. \ud83d\udccd Lille \u2013 mercredi 17 septembre, de 14h \u00e0 18h CRIJ de [&hellip;]<\/p>\n","protected":false},"author":8,"featured_media":0,"parent":0,"menu_order":0,"comment_status":"closed","ping_status":"closed","template":"","meta":{"footnotes":""},"class_list":["post-21766","page","type-page","status-publish","hentry"],"yoast_head":"<!-- This site is optimized with the Yoast SEO plugin v24.8.1 - https:\/\/yoast.com\/wordpress\/plugins\/seo\/ -->\n<title>Tourn\u00e9e QMA - Hauts-de-France - Quebec Metiers d&#039;avenir<\/title>\n<meta name=\"robots\" content=\"index, follow, max-snippet:-1, max-image-preview:large, max-video-preview:-1\" \/>\n<link rel=\"canonical\" href=\"https:\/\/www.quebecmetiersdavenir.com\/en\/tournee-qma-hauts-de-france\/\" \/>\n<meta property=\"og:locale\" content=\"en_US\" \/>\n<meta property=\"og:type\" content=\"article\" \/>\n<meta property=\"og:title\" content=\"Tourn\u00e9e QMA - Hauts-de-France - Quebec Metiers d&#039;avenir\" \/>\n<meta property=\"og:description\" content=\"VIENS DISCUTER AVEC NOUS! Tu r\u00eaves de changer d\u2019environnement, d\u2019apprendre un m\u00e9tier concret et de partir \u00e0 la d\u00e9couverte du Qu\u00e9bec ? Qu\u00e9bec m\u00e9tiers d\u2019avenir te\u00a0propose une occasion unique de concr\u00e9tiser ce projet passionnant lors d\u2019un \u00e9v\u00e9nement organis\u00e9 \u00e0 Saint-Quentin et \u00e0 Lille. \ud83d\udccd Lille \u2013 mercredi 17 septembre, de 14h \u00e0 18h CRIJ de [&hellip;]\" \/>\n<meta property=\"og:url\" content=\"https:\/\/www.quebecmetiersdavenir.com\/en\/tournee-qma-hauts-de-france\/\" \/>\n<meta property=\"og:site_name\" content=\"Quebec Metiers d&#039;avenir\" \/>\n<meta property=\"article:modified_time\" content=\"2025-08-28T14:45:43+00:00\" \/>\n<meta name=\"twitter:card\" content=\"summary_large_image\" \/>\n<meta name=\"twitter:label1\" content=\"Est. reading time\" \/>\n\t<meta name=\"twitter:data1\" content=\"2 minutes\" \/>\n<script type=\"application\/ld+json\" class=\"yoast-schema-graph\">{\"@context\":\"https:\/\/schema.org\",\"@graph\":[{\"@type\":\"WebPage\",\"@id\":\"https:\/\/www.quebecmetiersdavenir.com\/en\/tournee-qma-hauts-de-france\/\",\"url\":\"https:\/\/www.quebecmetiersdavenir.com\/en\/tournee-qma-hauts-de-france\/\",\"name\":\"Tourn\u00e9e QMA - Hauts-de-France - Quebec Metiers d&#039;avenir\",\"isPartOf\":{\"@id\":\"https:\/\/www.quebecmetiersdavenir.com\/en\/#website\"},\"datePublished\":\"2025-08-13T19:49:36+00:00\",\"dateModified\":\"2025-08-28T14:45:43+00:00\",\"breadcrumb\":{\"@id\":\"https:\/\/www.quebecmetiersdavenir.com\/en\/tournee-qma-hauts-de-france\/#breadcrumb\"},\"inLanguage\":\"en-US\",\"potentialAction\":[{\"@type\":\"ReadAction\",\"target\":[\"https:\/\/www.quebecmetiersdavenir.com\/en\/tournee-qma-hauts-de-france\/\"]}]},{\"@type\":\"BreadcrumbList\",\"@id\":\"https:\/\/www.quebecmetiersdavenir.com\/en\/tournee-qma-hauts-de-france\/#breadcrumb\",\"itemListElement\":[{\"@type\":\"ListItem\",\"position\":1,\"name\":\"Accueil\",\"item\":\"https:\/\/www.quebecmetiersdavenir.com\/en\/\"},{\"@type\":\"ListItem\",\"position\":2,\"name\":\"Tourn\u00e9e QMA &#8211; Hauts-de-France\"}]},{\"@type\":\"WebSite\",\"@id\":\"https:\/\/www.quebecmetiersdavenir.com\/en\/#website\",\"url\":\"https:\/\/www.quebecmetiersdavenir.com\/en\/\",\"name\":\"Quebec Metiers d&#039;avenir\",\"description\":\"Un site utilisant WordPress\",\"potentialAction\":[{\"@type\":\"SearchAction\",\"target\":{\"@type\":\"EntryPoint\",\"urlTemplate\":\"https:\/\/www.quebecmetiersdavenir.com\/en\/?s={search_term_string}\"},\"query-input\":{\"@type\":\"PropertyValueSpecification\",\"valueRequired\":true,\"valueName\":\"search_term_string\"}}],\"inLanguage\":\"en-US\"}]}<\/script>\n<!-- \/ Yoast SEO plugin. -->","yoast_head_json":{"title":"Tourn\u00e9e QMA - Hauts-de-France - Quebec Metiers d&#039;avenir","robots":{"index":"index","follow":"follow","max-snippet":"max-snippet:-1","max-image-preview":"max-image-preview:large","max-video-preview":"max-video-preview:-1"},"canonical":"https:\/\/www.quebecmetiersdavenir.com\/en\/tournee-qma-hauts-de-france\/","og_locale":"en_US","og_type":"article","og_title":"Tourn\u00e9e QMA - Hauts-de-France - Quebec Metiers d&#039;avenir","og_description":"VIENS DISCUTER AVEC NOUS! Tu r\u00eaves de changer d\u2019environnement, d\u2019apprendre un m\u00e9tier concret et de partir \u00e0 la d\u00e9couverte du Qu\u00e9bec ? Qu\u00e9bec m\u00e9tiers d\u2019avenir te\u00a0propose une occasion unique de concr\u00e9tiser ce projet passionnant lors d\u2019un \u00e9v\u00e9nement organis\u00e9 \u00e0 Saint-Quentin et \u00e0 Lille. \ud83d\udccd Lille \u2013 mercredi 17 septembre, de 14h \u00e0 18h CRIJ de [&hellip;]","og_url":"https:\/\/www.quebecmetiersdavenir.com\/en\/tournee-qma-hauts-de-france\/","og_site_name":"Quebec Metiers d&#039;avenir","article_modified_time":"2025-08-28T14:45:43+00:00","twitter_card":"summary_large_image","twitter_misc":{"Est. reading time":"2 minutes"},"schema":{"@context":"https:\/\/schema.org","@graph":[{"@type":"WebPage","@id":"https:\/\/www.quebecmetiersdavenir.com\/en\/tournee-qma-hauts-de-france\/","url":"https:\/\/www.quebecmetiersdavenir.com\/en\/tournee-qma-hauts-de-france\/","name":"Tourn\u00e9e QMA - Hauts-de-France - Quebec Metiers d&#039;avenir","isPartOf":{"@id":"https:\/\/www.quebecmetiersdavenir.com\/en\/#website"},"datePublished":"2025-08-13T19:49:36+00:00","dateModified":"2025-08-28T14:45:43+00:00","breadcrumb":{"@id":"https:\/\/www.quebecmetiersdavenir.com\/en\/tournee-qma-hauts-de-france\/#breadcrumb"},"inLanguage":"en-US","potentialAction":[{"@type":"ReadAction","target":["https:\/\/www.quebecmetiersdavenir.com\/en\/tournee-qma-hauts-de-france\/"]}]},{"@type":"BreadcrumbList","@id":"https:\/\/www.quebecmetiersdavenir.com\/en\/tournee-qma-hauts-de-france\/#breadcrumb","itemListElement":[{"@type":"ListItem","position":1,"name":"Accueil","item":"https:\/\/www.quebecmetiersdavenir.com\/en\/"},{"@type":"ListItem","position":2,"name":"Tourn\u00e9e QMA &#8211; Hauts-de-France"}]},{"@type":"WebSite","@id":"https:\/\/www.quebecmetiersdavenir.com\/en\/#website","url":"https:\/\/www.quebecmetiersdavenir.com\/en\/","name":"Quebec Metiers d&#039;avenir","description":"Un site utilisant WordPress","potentialAction":[{"@type":"SearchAction","target":{"@type":"EntryPoint","urlTemplate":"https:\/\/www.quebecmetiersdavenir.com\/en\/?s={search_term_string}"},"query-input":{"@type":"PropertyValueSpecification","valueRequired":true,"valueName":"search_term_string"}}],"inLanguage":"en-US"}]}},"_links":{"self":[{"href":"https:\/\/www.quebecmetiersdavenir.com\/en\/wp-json\/wp\/v2\/pages\/21766","targetHints":{"allow":["GET"]}}],"collection":[{"href":"https:\/\/www.quebecmetiersdavenir.com\/en\/wp-json\/wp\/v2\/pages"}],"about":[{"href":"https:\/\/www.quebecmetiersdavenir.com\/en\/wp-json\/wp\/v2\/types\/page"}],"author":[{"embeddable":true,"href":"https:\/\/www.quebecmetiersdavenir.com\/en\/wp-json\/wp\/v2\/users\/8"}],"replies":[{"embeddable":true,"href":"https:\/\/www.quebecmetiersdavenir.com\/en\/wp-json\/wp\/v2\/comments?post=21766"}],"version-history":[{"count":24,"href":"https:\/\/www.quebecmetiersdavenir.com\/en\/wp-json\/wp\/v2\/pages\/21766\/revisions"}],"predecessor-version":[{"id":21865,"href":"https:\/\/www.quebecmetiersdavenir.com\/en\/wp-json\/wp\/v2\/pages\/21766\/revisions\/21865"}],"wp:attachment":[{"href":"https:\/\/www.quebecmetiersdavenir.com\/en\/wp-json\/wp\/v2\/media?parent=21766"}],"curies":[{"name":"wp","href":"https:\/\/api.w.org\/{rel}","templated":true}]}}