{"id":21948,"date":"2025-09-24T15:21:22","date_gmt":"2025-09-24T14:21:22","guid":{"rendered":"https:\/\/www.quebecmetiersdavenir.com\/?page_id=21948"},"modified":"2025-09-24T15:24:21","modified_gmt":"2025-09-24T14:24:21","slug":"le-quebec-sinvite-a-lorient","status":"publish","type":"page","link":"https:\/\/www.quebecmetiersdavenir.com\/en\/le-quebec-sinvite-a-lorient\/","title":{"rendered":"Le Qu\u00e9bec s&#8217;invite \u00e0 Lorient !"},"content":{"rendered":"<div style=\"max-width: 900px; margin: 0 auto; padding: 28px; background: #ffffff; border-radius: 12px; box-shadow: 0 6px 24px rgba(0,0,0,.08); line-height: 1.65; color: #222;\" role=\"region\" aria-labelledby=\"qma-titre\">\r\n<h2 id=\"qma-titre\" style=\"margin: 0 0 12px; font-size: 28px; letter-spacing: .2px;\"><strong>VIENS DISCUTER AVEC NOUS!<\/strong><\/h2>\r\n<p class=\"text\">Tu r\u00eaves de changer d\u2019environnement, d\u2019apprendre un m\u00e9tier concret et de partir \u00e0 la d\u00e9couverte du Qu\u00e9bec ?\r\n<strong>Nous te\u00a0proposons une occasion unique de concr\u00e9tiser ce projet passionnant lors d\u2019un \u00e9v\u00e9nement organis\u00e9 \u00e0 Lorient.<\/strong><\/p>\r\n<p class=\"text\" style=\"text-align: center;\"><strong>\ud83d\udccd<\/strong><strong> Lorient \u2013 mardi 28 octobre de 14h \u00e0 17h \u00e0 Lorient<\/strong><br>\r\n<strong>Esplanade du Moustoir<\/strong><br>\r\n<strong>rue Sarah Bernhardt, 56 100 Lorient<\/strong><\/p>\r\n&nbsp;\r\n<p class=\"text\">Plus qu\u2019une simple formation, partir au Qu\u00e9bec, c\u2019est vivre une aventure humaine, professionnelle et culturelle, apprendre un m\u00e9tier dans un environnement stimulant, d\u00e9couvrir un nouveau mode de vie, s\u2019immerger dans une soci\u00e9t\u00e9 ouverte et accueillante, b\u00e2tir un avenir \u00e0 votre image.<\/p>\r\n<p class=\"text\">Qu\u00e9bec m\u00e9tiers d\u2019avenir accompagne les personnes qui souhaitent \u00e9tudier en formation professionnelle au Qu\u00e9bec et vivre une exp\u00e9rience unique \u00e0 l\u2019international.\r\n<strong>Cet \u00e9v\u00e9nement est l\u2019occasion d\u2019obtenir des r\u00e9ponses concr\u00e8tes \u00e0 toutes tes questions.<\/strong><\/p>\r\n\r\n<h3 style=\"margin: 18px 0 10px; font-size: 22px;\"><strong>Au programme :<\/strong><\/h3>\r\n<ul>\r\n \t<li class=\"text\">Pr\u00e9sentation des m\u00e9tiers accessibles en formation professionnelle au Qu\u00e9bec<\/li>\r\n \t<li class=\"text\">Informations sur les d\u00e9marches d\u2019admission et d\u2019immigration<\/li>\r\n \t<li class=\"text\">\u00c9changes avec des conseillers sp\u00e9cialis\u00e9s<\/li>\r\n \t<li class=\"text\">Conseils pratiques sur la vie au Qu\u00e9bec : logement, transport, emploi, int\u00e9gration, etc.<\/li>\r\n<\/ul>\r\n<p class=\"text\">Ces rencontres sont <strong>gratuites<\/strong> et <strong>ouvertes \u00e0 toutes et tous<\/strong>, que tu sois \u00e9tudiant-e, en reconversion ou simplement en qu\u00eate de nouvelles perspectives.<\/p>\r\n\r\n<h3 style=\"margin: 18px 0 10px; font-size: 22px;\"><strong>Sur place, tu pourras aussi rencontrer les organismes suivants :<\/strong><\/h3>\r\n<ul>\r\n \t<li style=\"list-style-type: none;\">\r\n<ul>\r\n \t<li class=\"text\"><a href=\"https:\/\/www.desjardins.com\/\">Desjardins<\/a> : budget, finances, accompagnement\u2026 tout pour r\u00e9ussir ton r\u00eave.<\/li>\r\n \t<li class=\"text\"><a href=\"https:\/\/www.merici.ca\/\">M\u00e9rici Coll\u00e9gial Priv\u00e9<\/a> : \u00e9tablissement d\u2019enseignement sup\u00e9rieur de la ville de Qu\u00e9bec offrant des formations de niveau BTS dont plusieurs en alternance.<\/li>\r\n<\/ul>\r\n<\/li>\r\n<\/ul>\r\n<p class=\"text\">\ud83d\udc49 Explore les formations <u><a href=\"https:\/\/www.quebecmetiersdavenir.com\/mon-projet-detude\/les-formations-professionnelles\/\">ici<\/a><\/u>, trouve celui qui te correspond, et viens rencontrer notre conseill\u00e8re pour savoir comment acc\u00e9der \u00e0 cette opportunit\u00e9 unique !<\/p>\r\n\r\n<div style=\"margin-top: 10px; text-align: center;\"><a style=\"display: inline-block; text-decoration: none; background: #9b1c1c; color: #fff; padding: 14px 22px; border-radius: 10px; font-weight: bold; font-size: 18px;\" role=\"button\" href=\"https:\/\/forms.office.com\/r\/Wct3KTwpH8\" target=\"_blank\" rel=\"noopener\" aria-label=\"S\u2019inscrire \u00e0 l\u2019\u00e9v\u00e9nement Qu\u00e9bec M\u00e9tiers d\u2019Avenir\">\r\n\ud83d\udcc5 S\u2019INSCRIRE MAINTENANT\r\n<\/a><\/div>\r\n<p class=\"text\"><strong>Ne manque pas cette chance de donner un nouveau souffle \u00e0 ton avenir, d\u2019apprendre un m\u00e9tier porteur et de vivre une aventure unique au c\u0153ur du Qu\u00e9bec ! \ud83c\udf41<\/strong><\/p>\r\n\r\n<\/div>","protected":false},"excerpt":{"rendered":"<p>VIENS DISCUTER AVEC NOUS! Tu r\u00eaves de changer d\u2019environnement, d\u2019apprendre un m\u00e9tier concret et de partir \u00e0 la d\u00e9couverte du Qu\u00e9bec ? Nous te\u00a0proposons une occasion unique de concr\u00e9tiser ce projet passionnant lors d\u2019un \u00e9v\u00e9nement organis\u00e9 \u00e0 Lorient. \ud83d\udccd Lorient \u2013 mardi 28 octobre de 14h \u00e0 17h \u00e0 Lorient Esplanade du Moustoir rue Sarah [&hellip;]<\/p>\n","protected":false},"author":8,"featured_media":0,"parent":0,"menu_order":0,"comment_status":"closed","ping_status":"closed","template":"","meta":{"footnotes":""},"class_list":["post-21948","page","type-page","status-publish","hentry"],"yoast_head":"<!-- This site is optimized with the Yoast SEO plugin v24.8.1 - https:\/\/yoast.com\/wordpress\/plugins\/seo\/ -->\n<title>Le Qu\u00e9bec s&#039;invite \u00e0 Lorient ! - Quebec Metiers d&#039;avenir<\/title>\n<meta name=\"robots\" content=\"index, follow, max-snippet:-1, max-image-preview:large, max-video-preview:-1\" \/>\n<link rel=\"canonical\" href=\"https:\/\/www.quebecmetiersdavenir.com\/en\/le-quebec-sinvite-a-lorient\/\" \/>\n<meta property=\"og:locale\" content=\"en_US\" \/>\n<meta property=\"og:type\" content=\"article\" \/>\n<meta property=\"og:title\" content=\"Le Qu\u00e9bec s&#039;invite \u00e0 Lorient ! - Quebec Metiers d&#039;avenir\" \/>\n<meta property=\"og:description\" content=\"VIENS DISCUTER AVEC NOUS! Tu r\u00eaves de changer d\u2019environnement, d\u2019apprendre un m\u00e9tier concret et de partir \u00e0 la d\u00e9couverte du Qu\u00e9bec ? Nous te\u00a0proposons une occasion unique de concr\u00e9tiser ce projet passionnant lors d\u2019un \u00e9v\u00e9nement organis\u00e9 \u00e0 Lorient. \ud83d\udccd Lorient \u2013 mardi 28 octobre de 14h \u00e0 17h \u00e0 Lorient Esplanade du Moustoir rue Sarah [&hellip;]\" \/>\n<meta property=\"og:url\" content=\"https:\/\/www.quebecmetiersdavenir.com\/en\/le-quebec-sinvite-a-lorient\/\" \/>\n<meta property=\"og:site_name\" content=\"Quebec Metiers d&#039;avenir\" \/>\n<meta property=\"article:modified_time\" content=\"2025-09-24T14:24:21+00:00\" \/>\n<meta name=\"twitter:card\" content=\"summary_large_image\" \/>\n<meta name=\"twitter:label1\" content=\"Est. reading time\" \/>\n\t<meta name=\"twitter:data1\" content=\"2 minutes\" \/>\n<script type=\"application\/ld+json\" class=\"yoast-schema-graph\">{\"@context\":\"https:\/\/schema.org\",\"@graph\":[{\"@type\":\"WebPage\",\"@id\":\"https:\/\/www.quebecmetiersdavenir.com\/en\/le-quebec-sinvite-a-lorient\/\",\"url\":\"https:\/\/www.quebecmetiersdavenir.com\/en\/le-quebec-sinvite-a-lorient\/\",\"name\":\"Le Qu\u00e9bec s'invite \u00e0 Lorient ! - Quebec Metiers d&#039;avenir\",\"isPartOf\":{\"@id\":\"https:\/\/www.quebecmetiersdavenir.com\/en\/#website\"},\"datePublished\":\"2025-09-24T14:21:22+00:00\",\"dateModified\":\"2025-09-24T14:24:21+00:00\",\"breadcrumb\":{\"@id\":\"https:\/\/www.quebecmetiersdavenir.com\/en\/le-quebec-sinvite-a-lorient\/#breadcrumb\"},\"inLanguage\":\"en-US\",\"potentialAction\":[{\"@type\":\"ReadAction\",\"target\":[\"https:\/\/www.quebecmetiersdavenir.com\/en\/le-quebec-sinvite-a-lorient\/\"]}]},{\"@type\":\"BreadcrumbList\",\"@id\":\"https:\/\/www.quebecmetiersdavenir.com\/en\/le-quebec-sinvite-a-lorient\/#breadcrumb\",\"itemListElement\":[{\"@type\":\"ListItem\",\"position\":1,\"name\":\"Accueil\",\"item\":\"https:\/\/www.quebecmetiersdavenir.com\/en\/\"},{\"@type\":\"ListItem\",\"position\":2,\"name\":\"Le Qu\u00e9bec s&rsquo;invite \u00e0 Lorient !\"}]},{\"@type\":\"WebSite\",\"@id\":\"https:\/\/www.quebecmetiersdavenir.com\/en\/#website\",\"url\":\"https:\/\/www.quebecmetiersdavenir.com\/en\/\",\"name\":\"Quebec Metiers d&#039;avenir\",\"description\":\"Un site utilisant WordPress\",\"potentialAction\":[{\"@type\":\"SearchAction\",\"target\":{\"@type\":\"EntryPoint\",\"urlTemplate\":\"https:\/\/www.quebecmetiersdavenir.com\/en\/?s={search_term_string}\"},\"query-input\":{\"@type\":\"PropertyValueSpecification\",\"valueRequired\":true,\"valueName\":\"search_term_string\"}}],\"inLanguage\":\"en-US\"}]}<\/script>\n<!-- \/ Yoast SEO plugin. -->","yoast_head_json":{"title":"Le Qu\u00e9bec s'invite \u00e0 Lorient ! - Quebec Metiers d&#039;avenir","robots":{"index":"index","follow":"follow","max-snippet":"max-snippet:-1","max-image-preview":"max-image-preview:large","max-video-preview":"max-video-preview:-1"},"canonical":"https:\/\/www.quebecmetiersdavenir.com\/en\/le-quebec-sinvite-a-lorient\/","og_locale":"en_US","og_type":"article","og_title":"Le Qu\u00e9bec s'invite \u00e0 Lorient ! - Quebec Metiers d&#039;avenir","og_description":"VIENS DISCUTER AVEC NOUS! Tu r\u00eaves de changer d\u2019environnement, d\u2019apprendre un m\u00e9tier concret et de partir \u00e0 la d\u00e9couverte du Qu\u00e9bec ? Nous te\u00a0proposons une occasion unique de concr\u00e9tiser ce projet passionnant lors d\u2019un \u00e9v\u00e9nement organis\u00e9 \u00e0 Lorient. \ud83d\udccd Lorient \u2013 mardi 28 octobre de 14h \u00e0 17h \u00e0 Lorient Esplanade du Moustoir rue Sarah [&hellip;]","og_url":"https:\/\/www.quebecmetiersdavenir.com\/en\/le-quebec-sinvite-a-lorient\/","og_site_name":"Quebec Metiers d&#039;avenir","article_modified_time":"2025-09-24T14:24:21+00:00","twitter_card":"summary_large_image","twitter_misc":{"Est. reading time":"2 minutes"},"schema":{"@context":"https:\/\/schema.org","@graph":[{"@type":"WebPage","@id":"https:\/\/www.quebecmetiersdavenir.com\/en\/le-quebec-sinvite-a-lorient\/","url":"https:\/\/www.quebecmetiersdavenir.com\/en\/le-quebec-sinvite-a-lorient\/","name":"Le Qu\u00e9bec s'invite \u00e0 Lorient ! - Quebec Metiers d&#039;avenir","isPartOf":{"@id":"https:\/\/www.quebecmetiersdavenir.com\/en\/#website"},"datePublished":"2025-09-24T14:21:22+00:00","dateModified":"2025-09-24T14:24:21+00:00","breadcrumb":{"@id":"https:\/\/www.quebecmetiersdavenir.com\/en\/le-quebec-sinvite-a-lorient\/#breadcrumb"},"inLanguage":"en-US","potentialAction":[{"@type":"ReadAction","target":["https:\/\/www.quebecmetiersdavenir.com\/en\/le-quebec-sinvite-a-lorient\/"]}]},{"@type":"BreadcrumbList","@id":"https:\/\/www.quebecmetiersdavenir.com\/en\/le-quebec-sinvite-a-lorient\/#breadcrumb","itemListElement":[{"@type":"ListItem","position":1,"name":"Accueil","item":"https:\/\/www.quebecmetiersdavenir.com\/en\/"},{"@type":"ListItem","position":2,"name":"Le Qu\u00e9bec s&rsquo;invite \u00e0 Lorient !"}]},{"@type":"WebSite","@id":"https:\/\/www.quebecmetiersdavenir.com\/en\/#website","url":"https:\/\/www.quebecmetiersdavenir.com\/en\/","name":"Quebec Metiers d&#039;avenir","description":"Un site utilisant WordPress","potentialAction":[{"@type":"SearchAction","target":{"@type":"EntryPoint","urlTemplate":"https:\/\/www.quebecmetiersdavenir.com\/en\/?s={search_term_string}"},"query-input":{"@type":"PropertyValueSpecification","valueRequired":true,"valueName":"search_term_string"}}],"inLanguage":"en-US"}]}},"_links":{"self":[{"href":"https:\/\/www.quebecmetiersdavenir.com\/en\/wp-json\/wp\/v2\/pages\/21948","targetHints":{"allow":["GET"]}}],"collection":[{"href":"https:\/\/www.quebecmetiersdavenir.com\/en\/wp-json\/wp\/v2\/pages"}],"about":[{"href":"https:\/\/www.quebecmetiersdavenir.com\/en\/wp-json\/wp\/v2\/types\/page"}],"author":[{"embeddable":true,"href":"https:\/\/www.quebecmetiersdavenir.com\/en\/wp-json\/wp\/v2\/users\/8"}],"replies":[{"embeddable":true,"href":"https:\/\/www.quebecmetiersdavenir.com\/en\/wp-json\/wp\/v2\/comments?post=21948"}],"version-history":[{"count":4,"href":"https:\/\/www.quebecmetiersdavenir.com\/en\/wp-json\/wp\/v2\/pages\/21948\/revisions"}],"predecessor-version":[{"id":21952,"href":"https:\/\/www.quebecmetiersdavenir.com\/en\/wp-json\/wp\/v2\/pages\/21948\/revisions\/21952"}],"wp:attachment":[{"href":"https:\/\/www.quebecmetiersdavenir.com\/en\/wp-json\/wp\/v2\/media?parent=21948"}],"curies":[{"name":"wp","href":"https:\/\/api.w.org\/{rel}","templated":true}]}}