{"id":22251,"date":"2025-12-01T22:41:04","date_gmt":"2025-12-01T21:41:04","guid":{"rendered":"https:\/\/www.quebecmetiersdavenir.com\/?page_id=22251"},"modified":"2025-12-01T22:43:56","modified_gmt":"2025-12-01T21:43:56","slug":"permanent-residents","status":"publish","type":"page","link":"https:\/\/www.quebecmetiersdavenir.com\/en\/permanent-residents\/","title":{"rendered":"Permanent Residents"},"content":{"rendered":"<div style=\"max-width: 900px; margin: 20px auto; padding: 28px; line-height: 1.7; color: #222;\">\r\n<h1 style=\"font-size: 34px; color: #9b1c1c; text-align: left;\"><strong>Build Your Future with Practical Training<\/strong><\/h1><br>\r\n&nbsp;\r\n<h2 style=\"font-size: 22px; color: #444444; text-align: left;\">Give a new boost to your career thanks to vocational training<\/h2><br>\r\n&nbsp;\r\n<h2 style=\"font-size: 22px; color: #444444; text-align: left;\"><strong>Free, practical and accessible training for you. <\/strong><\/h2><br>\r\n&nbsp;\r\n<p class=\"text\" style=\"text-align: left;\">As a <strong>permanent resident of Qu\u00e9bec<\/strong>, you can take practical, recognized training \u2014 tuition-free \u2014 in one of the many vocational training centres (CFP) in Qu\u00e9bec.<\/p><br>\r\n<p style=\"text-align: left;\"><!-- Encadr\u00e9 : Qu\u2019est-ce que la formation professionnelle ? --><\/p>\r\n\r\n<div style=\"max-width: 900px; margin: 20px auto; padding: 28px; background: #fff6f6; border-radius: 12px; box-shadow: rgba(0, 0, 0, 0.08) 0px 6px 24px; line-height: 1.7; color: #222222; text-align: left;\" role=\"region\" aria-labelledby=\"fp-titre\">\r\n<h2 id=\"fp-titre\" style=\"margin: 0 0 20px; font-size: 28px; text-align: center; color: #9b1c1c;\"><strong>What is vocational training?<\/strong><\/h2>\r\n<p class=\"text\">Vocational training (VT) prepares you concretely for a trade.<\/p>\r\n<p class=\"text\">Offered at vocational training centres across Qu\u00e9bec, it combines hands-on courses and field experience to allow you to enter the workforce quickly.<\/p>\r\n<p class=\"text\">The training leads to diplomas recognized by the Ministry of Education, such as a DEP (Diploma of Vocational Studies) or an ASP (Attestation of Vocational Specialization).<\/p>\r\n<p class=\"text\"><strong>Some examples of in-demand fields:<\/strong><\/p>\r\n\r\n<ul>\r\n \t<li class=\"text\">Health and social services<\/li>\r\n \t<li class=\"text\">Construction<\/li>\r\n \t<li class=\"text\">Mechanics<\/li>\r\n \t<li class=\"text\">Culinary arts and hospitality<\/li>\r\n<\/ul>\r\n<\/div>\r\n<p style=\"text-align: left;\"><!-- Encadr\u00e9 : Des formations pour tous les profils --><\/p>\r\n\r\n<div style=\"max-width: 900px; margin: 20px auto; padding: 28px; background: #fff9f4; border-radius: 12px; box-shadow: rgba(0, 0, 0, 0.08) 0px 6px 24px; line-height: 1.7; color: #222222; text-align: left;\" role=\"region\" aria-labelledby=\"profils-titre\">\r\n<h2 id=\"profils-titre\" style=\"margin: 0 0 20px; font-size: 28px; text-align: center; color: #9b1c1c;\">\ud83d\udc69\u200d\ud83c\udf93 <strong>Training for all profiles<\/strong><\/h2>\r\n<p class=\"text\">Whether you want to:<\/p>\r\n\r\n<ul>\r\n \t<li class=\"text\">Change career<\/li>\r\n \t<li class=\"text\">Get a first professional qualification<\/li>\r\n \t<li class=\"text\">Update your skills<\/li>\r\n \t<li class=\"text\">Enter the job market quickly<\/li>\r\n<\/ul>\r\n<p class=\"text\">\u2026 <strong>vocational training is made for you!<\/strong><\/p>\r\n<p class=\"text\">Qu\u00e9bec m\u00e9tiers d\u2019avenir supports you in choosing your program up until your registration at a vocational training centre, and throughout your integration as a new student.<\/p>\r\n<p class=\"text\">Our team helps you find the training and the CFP that best match your profile and goals.<\/p>\r\n<!-- Encadr\u00e9 : T\u00e9moignages int\u00e9gr\u00e9s -->\r\n<div style=\"max-width: 900px; margin: 20px auto; padding: 28px; background: #fff9f4; border-radius: 12px; box-shadow: 0 6px 24px rgba(0,0,0,.08); line-height: 1.7; color: #222;\" role=\"region\" aria-labelledby=\"temoignages-titre\">\r\n<h2 id=\"temoignages-titre\" style=\"margin: 0 0 20px; font-size: 28px; text-align: center; color: #9b1c1c;\">\ud83c\udf1f<strong> They chose VT and succeeded!<\/strong><\/h2>\r\n<!-- Encadr\u00e9 interne pour les t\u00e9moignages -->\r\n<div style=\"padding: 20px; background: #ffeaea; border-radius: 12px; margin-top: 12px;\">\r\n<p class=\"text\" style=\"font-style: italic; color: #444; margin-bottom: 16px;\">\u00ab The support, the humane approach of the teachers and the relevance of the teaching content made all the difference. This training truly prepared me to enter the professional world with confidence and competence. \u00bb\r\n<strong>&#8211; M\u00e9rine Cherradou, Travel advice and sales, CFP des Carrefours<\/strong><\/p>\r\n<p class=\"text\" style=\"font-style: italic; color: #444;\">\u00ab They [QMA] were my first contact with Qu\u00e9bec. Always good advice throughout my schooling. Periodically, I would receive one of their emails \u2014 it was always a pleasure. \u00bb\r\n<strong>&#8211; Jean-Baptiste Bortolus, Interior decoration and visual presentation, CFP Marie-Rollet<\/strong><\/p>\r\n\r\n<\/div>\r\n<\/div>\r\n<\/div>\r\n<p style=\"text-align: left;\"><!-- Encadr\u00e9 : Comment s\u2019inscrire ? --><\/p>\r\n\r\n<div style=\"max-width: 900px; margin: 20px auto; padding: 28px; background: #fff6f6; border-radius: 12px; box-shadow: rgba(0, 0, 0, 0.08) 0px 6px 24px; line-height: 1.7; color: #222222; text-align: left;\" role=\"region\" aria-labelledby=\"inscrire-titre\">\r\n<h2 id=\"inscrire-titre\" style=\"margin: 0 0 20px; font-size: 28px; text-align: center; color: #9b1c1c;\">\ud83d\udcdd <strong>How to register?<\/strong><\/h2>\r\n<p class=\"text\">It\u2019s simple and quick:<\/p>\r\n\r\n<ul>\r\n \t<li class=\"text\">Choose the program that interests you and fill out the online pre-qualification form<\/li>\r\n<\/ul>\r\n<p class=\"text\">Our team will guide you at every step.<\/p>\r\n\r\n<div style=\"margin-top: 20px; text-align: center;\"><a style=\"display: inline-block; text-decoration: none; background: #9b1c1c; color: #fff; padding: 14px 22px; border-radius: 12px; font-weight: bold; font-size: 18px;\" role=\"button\" href=\"https:\/\/www.quebecmetiersdavenir.com\/debutez-votre-projet-detudes-au-quebec\/\" target=\"_blank\" rel=\"noopener\" aria-label=\"S\u2019inscrire \u00e0 la formation professionnelle\">Register now !<\/a><\/div>\r\n<\/div>\r\n<p style=\"text-align: left;\"><!-- Encadr\u00e9 : Questions fr\u00e9quentes --><\/p>\r\n\r\n<div style=\"max-width: 900px; margin: 20px auto; padding: 28px; background: #fff9f4; border-radius: 12px; box-shadow: rgba(0, 0, 0, 0.08) 0px 6px 24px; line-height: 1.7; color: #222222; text-align: left;\" role=\"region\" aria-labelledby=\"faq-titre\">\r\n<h2 id=\"faq-titre\" style=\"margin: 0 0 20px; font-size: 28px; text-align: center; color: #9b1c1c;\">\u2753 <strong>Frequently Asked Questions<\/strong><\/h2>\r\n<p class=\"text\"><strong>Who can register?<\/strong><\/p>\r\n<p class=\"text\"><span class=\"TextRun SCXW137882343 BCX0\" lang=\"EN-CA\" xml:lang=\"EN-CA\" data-contrast=\"auto\"><span class=\"NormalTextRun SCXW137882343 BCX0\">Anyone aged 16 or older may register for a vocational training program.\u00a0<\/span><\/span><span class=\"EOP SCXW137882343 BCX0\" data-ccp-props=\"{}\">\u00a0<\/span><\/p>\r\n<p class=\"text\"><strong>Do I have to pay tuition fees?<\/strong><\/p>\r\n<p class=\"text\">No. As a permanent resident, you do not pay any tuition fees for vocational training. You only need to cover related costs (study materials) for the training you choose.<\/p>\r\n<p class=\"text\"><strong>How to choose my CFP?<\/strong><\/p>\r\n<p class=\"text\">You can select the vocational training centre that is closest to you or offers the program you want. Take action today! Don\u2019t miss this unique opportunity to build a solid and exciting future through vocational training in Qu\u00e9bec. Train for a concrete, recognized and in-demand profession.<\/p>\r\n\r\n<\/div>\r\n<!-- Encadr\u00e9 : Conclusion \/ Appel \u00e0 l\u2019action -->\r\n<div style=\"max-width: 900px; margin: 20px auto 40px auto; padding: 28px; background: #ffeaea; border-radius: 12px; box-shadow: 0 6px 24px rgba(0,0,0,.08);\" role=\"region\" aria-labelledby=\"fp-conclusion\">\r\n<h2 id=\"fp-conclusion\" style=\"text-align: center; font-size: 28px; color: #9b1c1c;\">\ud83d\ude80 <strong>It\u2019s your turn to build a sustainable future in Qu\u00e9bec<\/strong><\/h2>\r\n<p class=\"text\">Explore training programs, discover regions, and start building your future today.<\/p>\r\n\r\n<div style=\"text-align: center; margin-top: 20px;\"><a style=\"display: inline-block; text-decoration: none; background: #9b1c1c; color: #fff; padding: 14px 22px; border-radius: 12px; font-weight: bold; font-size: 18px; margin: 6px;\" href=\"https:\/\/www.quebecmetiersdavenir.com\/mon-projet-detude\/les-formations-professionnelles\/\" target=\"_blank\" rel=\"noopener\">Find my program<\/a>\r\n<a style=\"display: inline-block; text-decoration: none; background: #9b1c1c; color: #fff; padding: 14px 22px; border-radius: 12px; font-weight: bold; font-size: 18px; margin: 6px;\" href=\"https:\/\/outlook.office.com\/book\/RendezvoustlphoniqueQubecmtiersdavenir@education-internationale.com\/s\/ay-9-MrxcEi2faraQMkFLQ2?ismsaljsauthenabled\" target=\"_blank\" rel=\"noopener\">Speak with an advisor<\/a><\/div>\r\n<\/div>\r\n<\/div>","protected":false},"excerpt":{"rendered":"<p>Build Your Future with Practical Training &nbsp; Give a new boost to your career thanks to vocational training &nbsp; Free, practical and accessible training for you. &nbsp; As a permanent resident of Qu\u00e9bec, you can take practical, recognized training \u2014 tuition-free \u2014 in one of the many vocational training centres (CFP) in Qu\u00e9bec. What is [&hellip;]<\/p>\n","protected":false},"author":8,"featured_media":0,"parent":0,"menu_order":0,"comment_status":"closed","ping_status":"closed","template":"","meta":{"footnotes":""},"class_list":["post-22251","page","type-page","status-publish","hentry"],"yoast_head":"<!-- This site is optimized with the Yoast SEO plugin v24.8.1 - https:\/\/yoast.com\/wordpress\/plugins\/seo\/ -->\n<title>Permanent Residents - Quebec Metiers d&#039;avenir<\/title>\n<meta name=\"robots\" content=\"index, follow, max-snippet:-1, max-image-preview:large, max-video-preview:-1\" \/>\n<link rel=\"canonical\" href=\"https:\/\/www.quebecmetiersdavenir.com\/en\/permanent-residents\/\" \/>\n<meta property=\"og:locale\" content=\"en_US\" \/>\n<meta property=\"og:type\" content=\"article\" \/>\n<meta property=\"og:title\" content=\"Permanent Residents - Quebec Metiers d&#039;avenir\" \/>\n<meta property=\"og:description\" content=\"Build Your Future with Practical Training &nbsp; Give a new boost to your career thanks to vocational training &nbsp; Free, practical and accessible training for you. &nbsp; As a permanent resident of Qu\u00e9bec, you can take practical, recognized training \u2014 tuition-free \u2014 in one of the many vocational training centres (CFP) in Qu\u00e9bec. What is [&hellip;]\" \/>\n<meta property=\"og:url\" content=\"https:\/\/www.quebecmetiersdavenir.com\/en\/permanent-residents\/\" \/>\n<meta property=\"og:site_name\" content=\"Quebec Metiers d&#039;avenir\" \/>\n<meta property=\"article:modified_time\" content=\"2025-12-01T21:43:56+00:00\" \/>\n<meta name=\"twitter:card\" content=\"summary_large_image\" \/>\n<meta name=\"twitter:label1\" content=\"Est. reading time\" \/>\n\t<meta name=\"twitter:data1\" content=\"3 minutes\" \/>\n<script type=\"application\/ld+json\" class=\"yoast-schema-graph\">{\"@context\":\"https:\/\/schema.org\",\"@graph\":[{\"@type\":\"WebPage\",\"@id\":\"https:\/\/www.quebecmetiersdavenir.com\/en\/permanent-residents\/\",\"url\":\"https:\/\/www.quebecmetiersdavenir.com\/en\/permanent-residents\/\",\"name\":\"Permanent Residents - Quebec Metiers d&#039;avenir\",\"isPartOf\":{\"@id\":\"https:\/\/www.quebecmetiersdavenir.com\/en\/#website\"},\"datePublished\":\"2025-12-01T21:41:04+00:00\",\"dateModified\":\"2025-12-01T21:43:56+00:00\",\"breadcrumb\":{\"@id\":\"https:\/\/www.quebecmetiersdavenir.com\/en\/permanent-residents\/#breadcrumb\"},\"inLanguage\":\"en-US\",\"potentialAction\":[{\"@type\":\"ReadAction\",\"target\":[\"https:\/\/www.quebecmetiersdavenir.com\/en\/permanent-residents\/\"]}]},{\"@type\":\"BreadcrumbList\",\"@id\":\"https:\/\/www.quebecmetiersdavenir.com\/en\/permanent-residents\/#breadcrumb\",\"itemListElement\":[{\"@type\":\"ListItem\",\"position\":1,\"name\":\"Accueil\",\"item\":\"https:\/\/www.quebecmetiersdavenir.com\/en\/\"},{\"@type\":\"ListItem\",\"position\":2,\"name\":\"Permanent Residents\"}]},{\"@type\":\"WebSite\",\"@id\":\"https:\/\/www.quebecmetiersdavenir.com\/en\/#website\",\"url\":\"https:\/\/www.quebecmetiersdavenir.com\/en\/\",\"name\":\"Quebec Metiers d&#039;avenir\",\"description\":\"Un site utilisant WordPress\",\"potentialAction\":[{\"@type\":\"SearchAction\",\"target\":{\"@type\":\"EntryPoint\",\"urlTemplate\":\"https:\/\/www.quebecmetiersdavenir.com\/en\/?s={search_term_string}\"},\"query-input\":{\"@type\":\"PropertyValueSpecification\",\"valueRequired\":true,\"valueName\":\"search_term_string\"}}],\"inLanguage\":\"en-US\"}]}<\/script>\n<!-- \/ Yoast SEO plugin. -->","yoast_head_json":{"title":"Permanent Residents - Quebec Metiers d&#039;avenir","robots":{"index":"index","follow":"follow","max-snippet":"max-snippet:-1","max-image-preview":"max-image-preview:large","max-video-preview":"max-video-preview:-1"},"canonical":"https:\/\/www.quebecmetiersdavenir.com\/en\/permanent-residents\/","og_locale":"en_US","og_type":"article","og_title":"Permanent Residents - Quebec Metiers d&#039;avenir","og_description":"Build Your Future with Practical Training &nbsp; Give a new boost to your career thanks to vocational training &nbsp; Free, practical and accessible training for you. &nbsp; As a permanent resident of Qu\u00e9bec, you can take practical, recognized training \u2014 tuition-free \u2014 in one of the many vocational training centres (CFP) in Qu\u00e9bec. What is [&hellip;]","og_url":"https:\/\/www.quebecmetiersdavenir.com\/en\/permanent-residents\/","og_site_name":"Quebec Metiers d&#039;avenir","article_modified_time":"2025-12-01T21:43:56+00:00","twitter_card":"summary_large_image","twitter_misc":{"Est. reading time":"3 minutes"},"schema":{"@context":"https:\/\/schema.org","@graph":[{"@type":"WebPage","@id":"https:\/\/www.quebecmetiersdavenir.com\/en\/permanent-residents\/","url":"https:\/\/www.quebecmetiersdavenir.com\/en\/permanent-residents\/","name":"Permanent Residents - Quebec Metiers d&#039;avenir","isPartOf":{"@id":"https:\/\/www.quebecmetiersdavenir.com\/en\/#website"},"datePublished":"2025-12-01T21:41:04+00:00","dateModified":"2025-12-01T21:43:56+00:00","breadcrumb":{"@id":"https:\/\/www.quebecmetiersdavenir.com\/en\/permanent-residents\/#breadcrumb"},"inLanguage":"en-US","potentialAction":[{"@type":"ReadAction","target":["https:\/\/www.quebecmetiersdavenir.com\/en\/permanent-residents\/"]}]},{"@type":"BreadcrumbList","@id":"https:\/\/www.quebecmetiersdavenir.com\/en\/permanent-residents\/#breadcrumb","itemListElement":[{"@type":"ListItem","position":1,"name":"Accueil","item":"https:\/\/www.quebecmetiersdavenir.com\/en\/"},{"@type":"ListItem","position":2,"name":"Permanent Residents"}]},{"@type":"WebSite","@id":"https:\/\/www.quebecmetiersdavenir.com\/en\/#website","url":"https:\/\/www.quebecmetiersdavenir.com\/en\/","name":"Quebec Metiers d&#039;avenir","description":"Un site utilisant WordPress","potentialAction":[{"@type":"SearchAction","target":{"@type":"EntryPoint","urlTemplate":"https:\/\/www.quebecmetiersdavenir.com\/en\/?s={search_term_string}"},"query-input":{"@type":"PropertyValueSpecification","valueRequired":true,"valueName":"search_term_string"}}],"inLanguage":"en-US"}]}},"_links":{"self":[{"href":"https:\/\/www.quebecmetiersdavenir.com\/en\/wp-json\/wp\/v2\/pages\/22251","targetHints":{"allow":["GET"]}}],"collection":[{"href":"https:\/\/www.quebecmetiersdavenir.com\/en\/wp-json\/wp\/v2\/pages"}],"about":[{"href":"https:\/\/www.quebecmetiersdavenir.com\/en\/wp-json\/wp\/v2\/types\/page"}],"author":[{"embeddable":true,"href":"https:\/\/www.quebecmetiersdavenir.com\/en\/wp-json\/wp\/v2\/users\/8"}],"replies":[{"embeddable":true,"href":"https:\/\/www.quebecmetiersdavenir.com\/en\/wp-json\/wp\/v2\/comments?post=22251"}],"version-history":[{"count":4,"href":"https:\/\/www.quebecmetiersdavenir.com\/en\/wp-json\/wp\/v2\/pages\/22251\/revisions"}],"predecessor-version":[{"id":22255,"href":"https:\/\/www.quebecmetiersdavenir.com\/en\/wp-json\/wp\/v2\/pages\/22251\/revisions\/22255"}],"wp:attachment":[{"href":"https:\/\/www.quebecmetiersdavenir.com\/en\/wp-json\/wp\/v2\/media?parent=22251"}],"curies":[{"name":"wp","href":"https:\/\/api.w.org\/{rel}","templated":true}]}}