{"id":3089,"date":"2018-05-30T15:55:09","date_gmt":"2018-05-30T14:55:09","guid":{"rendered":"http:\/\/144.217.151.79\/?page_id=3089"},"modified":"2021-09-13T13:25:15","modified_gmt":"2021-09-13T12:25:15","slug":"our-partners","status":"publish","type":"page","link":"https:\/\/www.quebecmetiersdavenir.com\/en\/our-partners\/","title":{"rendered":"Our partners"},"content":{"rendered":"<p class=\"text\">\u00c9ducation internationale and its Qu\u00e9bec m\u00e9tiers d\u2019avenir service are proud of the support and collaboration they receive from numerous Canadian and international partners in their efforts to promote vocational training in Qu\u00e9bec.<\/p>\r\n<img decoding=\"async\" style=\"height: 20px; vertical-align: middle; padding: 5px; margin: 20px;\" src=\"\/wp-content\/themes\/pubinteractive\/img\/partenaires\/logo-quebec-partenaire.png\" alt=\"\" \/>\r\n\r\n<a href=\"https:\/\/www.quebecmetiersdavenir.com\/conseils-et-services-financiers-pour-vos-etudes\/\" target=\"_blank\" rel=\"noopener noreferrer\"><img decoding=\"async\" style=\"height: 25px; vertical-align: middle; padding: 5px; margin: 20px;\" src=\"\/wp-content\/themes\/pubinteractive\/img\/partenaires\/desjardins_logo_rgb.png\" alt=\"\" \/><\/a>\r\n<a href=\"http:\/\/promis.qc.ca\/\" target=\"_blank\" rel=\"noopener noreferrer\"><img decoding=\"async\" style=\"height: 25px; vertical-align: middle; padding: 5px; margin: 20px;\" src=\"\/wp-content\/themes\/pubinteractive\/img\/partenaires\/Logo-Promis_Noir.png\" alt=\"\" \/><\/a>\r\n\r\n<hr \/>\r\n\r\n<a href=\"http:\/\/www.ofqj.org\/\" target=\"_blank\" rel=\"noopener noreferrer\"><img decoding=\"async\" style=\"height: 65px; vertical-align: middle; padding: 5px; margin: 20px;\" src=\"\/wp-content\/themes\/pubinteractive\/img\/partenaires\/OFQJ.png\" alt=\"\" \/><\/a>\r\n<a href=\"http:\/\/www.ac-amiens.fr\/services-et-informations\/annuaire\/pedagogie-et-scolarite\/dareic-delegation-academique-aux-relations-europeennes-internationales-et-a-la-cooperation\/\" target=\"_blank\" rel=\"noopener noreferrer\"><img decoding=\"async\" style=\"height: 60px; vertical-align: middle; padding: 5px; margin: 20px;\" src=\"\/wp-content\/themes\/pubinteractive\/img\/partenaires\/logo_academie_amiens.png\" alt=\"\" \/><\/a>\r\n\r\n<a href=\"http:\/\/www.ac-guadeloupe.fr\/academie\/dareic_1\" target=\"_blank\" rel=\"noopener noreferrer\"><img decoding=\"async\" style=\"height: 60px; vertical-align: middle; padding: 5px; margin: 20px;\" src=\"\/wp-content\/themes\/pubinteractive\/img\/partenaires\/logo-guadeloupe.png\" alt=\"\" \/><\/a>\r\n<a href=\"http:\/\/www.regionguadeloupe.fr\/\" target=\"_blank\" rel=\"noopener noreferrer\"><img decoding=\"async\" style=\"height: 75px; vertical-align: middle; padding: 5px; margin: 20px;\" src=\"\/wp-content\/themes\/pubinteractive\/img\/partenaires\/Logo_region-guadeloupe.png\" alt=\"\" \/><\/a>\r\n<a href=\"http:\/\/www.ac-martinique.fr\/\" target=\"_blank\" rel=\"noopener noreferrer\"><img decoding=\"async\" style=\"height: 60px; vertical-align: middle; padding: 5px; margin: 20px;\" src=\"\/wp-content\/themes\/pubinteractive\/img\/partenaires\/academie-martinique-logo.png\" alt=\"\" \/><\/a>\r\n<a href=\"http:\/\/www.rhonealpes.fr\/\" target=\"_blank\" rel=\"noopener noreferrer\"><img decoding=\"async\" style=\"height: 30px; vertical-align: middle; padding: 5px; margin: 20px;\" src=\"\/wp-content\/themes\/pubinteractive\/img\/partenaires\/region-auvergne-rhone-alpes-logo.png\" alt=\"\" \/><\/a>\r\n<a href=\"http:\/\/www.crij-hdf.fr\/\" target=\"_blank\" rel=\"noopener noreferrer\"><img decoding=\"async\" style=\"height: 30px; vertical-align: middle; padding: 5px; margin: 20px;\" src=\"\/wp-content\/themes\/pubinteractive\/img\/partenaires\/LOGO-CRIJ-HDF.png\" alt=\"\" \/><\/a>\r\n<a href=\"http:\/\/www.espacesud.fr\/\" target=\"_blank\" rel=\"noopener noreferrer\"><img decoding=\"async\" style=\"height: 80px; vertical-align: middle; padding: 5px; margin: 20px;\" src=\"\/wp-content\/themes\/pubinteractive\/img\/partenaires\/espacesud.png\" alt=\"\" \/><\/a>\r\n<a href=\"http:\/\/www.aliancafrancesa.com.br\/\" target=\"_blank\" rel=\"noopener noreferrer\"><img decoding=\"async\" style=\"height: 35px; vertical-align: middle; padding: 5px; margin: 20px;\" src=\"https:\/\/www.quebecmetiersdavenir.com\/wp-content\/uploads\/Aliiance-Francaise-Sao-Paulo-e1556719682229.png\" alt=\"\" \/><\/a>\r\n<a href=\"https:\/\/www.quebecinternational.ca\/fr\" target=\"_blank\" rel=\"noopener noreferrer\"><img decoding=\"async\" style=\"height: 35px; vertical-align: middle; padding: 5px; margin: 20px;\" src=\"https:\/\/www.quebecmetiersdavenir.com\/wp-content\/uploads\/download.png\" alt=\"\" \/><\/a>\r\n<a href=\"https:\/\/www.montrealinternational.com\/\" target=\"_blank\" rel=\"noopener noreferrer\"><img decoding=\"async\" style=\"height: 35px; vertical-align: middle; padding: 5px; margin: 20px;\" src=\"https:\/\/www.quebecmetiersdavenir.com\/wp-content\/uploads\/Montr_al_International_Le_Grand_Montr_al_attire_trois_grands_jou.jpg\" alt=\"\" \/><\/a>\r\n\r\n<a href=\"www.jechoisismontreal.com\" target=\"_blank\" rel=\"noopener noreferrer\"><img decoding=\"async\" style=\"height: 35px; vertical-align: middle; padding: 5px; margin: 20px;\" src=\"https:\/\/www.quebecmetiersdavenir.com\/wp-content\/uploads\/jcmtl-hori-full.png\" alt=\"\" \/><\/a>\r\n\r\n&nbsp;","protected":false},"excerpt":{"rendered":"<p>\u00c9ducation internationale and its Qu\u00e9bec m\u00e9tiers d\u2019avenir service are proud of the support and collaboration they receive from numerous Canadian and international partners in their efforts to promote vocational training in Qu\u00e9bec. &nbsp;<\/p>\n","protected":false},"author":1,"featured_media":0,"parent":0,"menu_order":0,"comment_status":"closed","ping_status":"closed","template":"","meta":{"footnotes":""},"class_list":["post-3089","page","type-page","status-publish","hentry"],"yoast_head":"<!-- This site is optimized with the Yoast SEO plugin v24.8.1 - https:\/\/yoast.com\/wordpress\/plugins\/seo\/ -->\n<title>Our partners | Qu\u00e9bec m\u00e9tiers d&#039;avenir<\/title>\n<meta name=\"description\" content=\"\u00c9ducation internationale and its Qu\u00e9bec m\u00e9tiers d\u2019avenir service are proud of the support and collaboration they receive from numerous Canadian and international partners in their efforts to promote vocational training in Qu\u00e9bec.\" \/>\n<meta name=\"robots\" content=\"index, follow, max-snippet:-1, max-image-preview:large, max-video-preview:-1\" \/>\n<link rel=\"canonical\" href=\"https:\/\/www.quebecmetiersdavenir.com\/en\/our-partners\/\" \/>\n<meta property=\"og:locale\" content=\"en_US\" \/>\n<meta property=\"og:type\" content=\"article\" \/>\n<meta property=\"og:title\" content=\"Our partners | Qu\u00e9bec m\u00e9tiers d&#039;avenir\" \/>\n<meta property=\"og:description\" content=\"\u00c9ducation internationale and its Qu\u00e9bec m\u00e9tiers d\u2019avenir service are proud of the support and collaboration they receive from numerous Canadian and international partners in their efforts to promote vocational training in Qu\u00e9bec.\" \/>\n<meta property=\"og:url\" content=\"https:\/\/www.quebecmetiersdavenir.com\/en\/our-partners\/\" \/>\n<meta property=\"og:site_name\" content=\"Quebec Metiers d&#039;avenir\" \/>\n<meta property=\"article:modified_time\" content=\"2021-09-13T12:25:15+00:00\" \/>\n<meta name=\"twitter:card\" content=\"summary_large_image\" \/>\n<meta name=\"twitter:image\" content=\"https:\/\/www.quebecmetiersdavenir.com\/wp-content\/uploads\/Aliiance-Francaise-Sao-Paulo-e1556719682229.png\" \/>\n<script type=\"application\/ld+json\" class=\"yoast-schema-graph\">{\"@context\":\"https:\/\/schema.org\",\"@graph\":[{\"@type\":\"WebPage\",\"@id\":\"https:\/\/www.quebecmetiersdavenir.com\/en\/our-partners\/\",\"url\":\"https:\/\/www.quebecmetiersdavenir.com\/en\/our-partners\/\",\"name\":\"Our partners | Qu\u00e9bec m\u00e9tiers d'avenir\",\"isPartOf\":{\"@id\":\"https:\/\/www.quebecmetiersdavenir.com\/en\/#website\"},\"primaryImageOfPage\":{\"@id\":\"https:\/\/www.quebecmetiersdavenir.com\/en\/our-partners\/#primaryimage\"},\"image\":{\"@id\":\"https:\/\/www.quebecmetiersdavenir.com\/en\/our-partners\/#primaryimage\"},\"thumbnailUrl\":\"https:\/\/www.quebecmetiersdavenir.com\/wp-content\/uploads\/Aliiance-Francaise-Sao-Paulo-e1556719682229.png\",\"datePublished\":\"2018-05-30T14:55:09+00:00\",\"dateModified\":\"2021-09-13T12:25:15+00:00\",\"description\":\"\u00c9ducation internationale and its Qu\u00e9bec m\u00e9tiers d\u2019avenir service are proud of the support and collaboration they receive from numerous Canadian and international partners in their efforts to promote vocational training in Qu\u00e9bec.\",\"breadcrumb\":{\"@id\":\"https:\/\/www.quebecmetiersdavenir.com\/en\/our-partners\/#breadcrumb\"},\"inLanguage\":\"en-US\",\"potentialAction\":[{\"@type\":\"ReadAction\",\"target\":[\"https:\/\/www.quebecmetiersdavenir.com\/en\/our-partners\/\"]}]},{\"@type\":\"ImageObject\",\"inLanguage\":\"en-US\",\"@id\":\"https:\/\/www.quebecmetiersdavenir.com\/en\/our-partners\/#primaryimage\",\"url\":\"https:\/\/www.quebecmetiersdavenir.com\/wp-content\/uploads\/Aliiance-Francaise-Sao-Paulo-e1556719682229.png\",\"contentUrl\":\"https:\/\/www.quebecmetiersdavenir.com\/wp-content\/uploads\/Aliiance-Francaise-Sao-Paulo-e1556719682229.png\"},{\"@type\":\"BreadcrumbList\",\"@id\":\"https:\/\/www.quebecmetiersdavenir.com\/en\/our-partners\/#breadcrumb\",\"itemListElement\":[{\"@type\":\"ListItem\",\"position\":1,\"name\":\"Accueil\",\"item\":\"https:\/\/www.quebecmetiersdavenir.com\/en\/\"},{\"@type\":\"ListItem\",\"position\":2,\"name\":\"Our partners\"}]},{\"@type\":\"WebSite\",\"@id\":\"https:\/\/www.quebecmetiersdavenir.com\/en\/#website\",\"url\":\"https:\/\/www.quebecmetiersdavenir.com\/en\/\",\"name\":\"Quebec Metiers d&#039;avenir\",\"description\":\"Un site utilisant WordPress\",\"potentialAction\":[{\"@type\":\"SearchAction\",\"target\":{\"@type\":\"EntryPoint\",\"urlTemplate\":\"https:\/\/www.quebecmetiersdavenir.com\/en\/?s={search_term_string}\"},\"query-input\":{\"@type\":\"PropertyValueSpecification\",\"valueRequired\":true,\"valueName\":\"search_term_string\"}}],\"inLanguage\":\"en-US\"}]}<\/script>\n<!-- \/ Yoast SEO plugin. -->","yoast_head_json":{"title":"Our partners | Qu\u00e9bec m\u00e9tiers d'avenir","description":"\u00c9ducation internationale and its Qu\u00e9bec m\u00e9tiers d\u2019avenir service are proud of the support and collaboration they receive from numerous Canadian and international partners in their efforts to promote vocational training in Qu\u00e9bec.","robots":{"index":"index","follow":"follow","max-snippet":"max-snippet:-1","max-image-preview":"max-image-preview:large","max-video-preview":"max-video-preview:-1"},"canonical":"https:\/\/www.quebecmetiersdavenir.com\/en\/our-partners\/","og_locale":"en_US","og_type":"article","og_title":"Our partners | Qu\u00e9bec m\u00e9tiers d'avenir","og_description":"\u00c9ducation internationale and its Qu\u00e9bec m\u00e9tiers d\u2019avenir service are proud of the support and collaboration they receive from numerous Canadian and international partners in their efforts to promote vocational training in Qu\u00e9bec.","og_url":"https:\/\/www.quebecmetiersdavenir.com\/en\/our-partners\/","og_site_name":"Quebec Metiers d&#039;avenir","article_modified_time":"2021-09-13T12:25:15+00:00","twitter_card":"summary_large_image","twitter_image":"https:\/\/www.quebecmetiersdavenir.com\/wp-content\/uploads\/Aliiance-Francaise-Sao-Paulo-e1556719682229.png","schema":{"@context":"https:\/\/schema.org","@graph":[{"@type":"WebPage","@id":"https:\/\/www.quebecmetiersdavenir.com\/en\/our-partners\/","url":"https:\/\/www.quebecmetiersdavenir.com\/en\/our-partners\/","name":"Our partners | Qu\u00e9bec m\u00e9tiers d'avenir","isPartOf":{"@id":"https:\/\/www.quebecmetiersdavenir.com\/en\/#website"},"primaryImageOfPage":{"@id":"https:\/\/www.quebecmetiersdavenir.com\/en\/our-partners\/#primaryimage"},"image":{"@id":"https:\/\/www.quebecmetiersdavenir.com\/en\/our-partners\/#primaryimage"},"thumbnailUrl":"https:\/\/www.quebecmetiersdavenir.com\/wp-content\/uploads\/Aliiance-Francaise-Sao-Paulo-e1556719682229.png","datePublished":"2018-05-30T14:55:09+00:00","dateModified":"2021-09-13T12:25:15+00:00","description":"\u00c9ducation internationale and its Qu\u00e9bec m\u00e9tiers d\u2019avenir service are proud of the support and collaboration they receive from numerous Canadian and international partners in their efforts to promote vocational training in Qu\u00e9bec.","breadcrumb":{"@id":"https:\/\/www.quebecmetiersdavenir.com\/en\/our-partners\/#breadcrumb"},"inLanguage":"en-US","potentialAction":[{"@type":"ReadAction","target":["https:\/\/www.quebecmetiersdavenir.com\/en\/our-partners\/"]}]},{"@type":"ImageObject","inLanguage":"en-US","@id":"https:\/\/www.quebecmetiersdavenir.com\/en\/our-partners\/#primaryimage","url":"https:\/\/www.quebecmetiersdavenir.com\/wp-content\/uploads\/Aliiance-Francaise-Sao-Paulo-e1556719682229.png","contentUrl":"https:\/\/www.quebecmetiersdavenir.com\/wp-content\/uploads\/Aliiance-Francaise-Sao-Paulo-e1556719682229.png"},{"@type":"BreadcrumbList","@id":"https:\/\/www.quebecmetiersdavenir.com\/en\/our-partners\/#breadcrumb","itemListElement":[{"@type":"ListItem","position":1,"name":"Accueil","item":"https:\/\/www.quebecmetiersdavenir.com\/en\/"},{"@type":"ListItem","position":2,"name":"Our partners"}]},{"@type":"WebSite","@id":"https:\/\/www.quebecmetiersdavenir.com\/en\/#website","url":"https:\/\/www.quebecmetiersdavenir.com\/en\/","name":"Quebec Metiers d&#039;avenir","description":"Un site utilisant WordPress","potentialAction":[{"@type":"SearchAction","target":{"@type":"EntryPoint","urlTemplate":"https:\/\/www.quebecmetiersdavenir.com\/en\/?s={search_term_string}"},"query-input":{"@type":"PropertyValueSpecification","valueRequired":true,"valueName":"search_term_string"}}],"inLanguage":"en-US"}]}},"_links":{"self":[{"href":"https:\/\/www.quebecmetiersdavenir.com\/en\/wp-json\/wp\/v2\/pages\/3089","targetHints":{"allow":["GET"]}}],"collection":[{"href":"https:\/\/www.quebecmetiersdavenir.com\/en\/wp-json\/wp\/v2\/pages"}],"about":[{"href":"https:\/\/www.quebecmetiersdavenir.com\/en\/wp-json\/wp\/v2\/types\/page"}],"author":[{"embeddable":true,"href":"https:\/\/www.quebecmetiersdavenir.com\/en\/wp-json\/wp\/v2\/users\/1"}],"replies":[{"embeddable":true,"href":"https:\/\/www.quebecmetiersdavenir.com\/en\/wp-json\/wp\/v2\/comments?post=3089"}],"version-history":[{"count":16,"href":"https:\/\/www.quebecmetiersdavenir.com\/en\/wp-json\/wp\/v2\/pages\/3089\/revisions"}],"predecessor-version":[{"id":17627,"href":"https:\/\/www.quebecmetiersdavenir.com\/en\/wp-json\/wp\/v2\/pages\/3089\/revisions\/17627"}],"wp:attachment":[{"href":"https:\/\/www.quebecmetiersdavenir.com\/en\/wp-json\/wp\/v2\/media?parent=3089"}],"curies":[{"name":"wp","href":"https:\/\/api.w.org\/{rel}","templated":true}]}}