{"id":3096,"date":"2018-05-30T16:01:01","date_gmt":"2018-05-30T15:01:01","guid":{"rendered":"http:\/\/144.217.151.79\/?page_id=3096"},"modified":"2021-10-25T19:17:51","modified_gmt":"2021-10-25T18:17:51","slug":"training-centre","status":"publish","type":"page","link":"https:\/\/www.quebecmetiersdavenir.com\/en\/training-centre\/","title":{"rendered":"Vocational training centre"},"content":{"rendered":"<p class=\"text\" style=\"margin:0px\">Qu\u00e9bec m\u00e9tiers d&#8217;avenir represents the majority of vocational training centers in Quebec in order to offer international students a personalized support service in their study project.<\/p>","protected":false},"excerpt":{"rendered":"<p>Qu\u00e9bec m\u00e9tiers d&#8217;avenir represents the majority of vocational training centers in Quebec in order to offer international students a personalized support service in their study project.<\/p>\n","protected":false},"author":1,"featured_media":0,"parent":0,"menu_order":0,"comment_status":"closed","ping_status":"closed","template":"page-centres.php","meta":{"footnotes":""},"class_list":["post-3096","page","type-page","status-publish","hentry"],"yoast_head":"<!-- This site is optimized with the Yoast SEO plugin v24.8.1 - https:\/\/yoast.com\/wordpress\/plugins\/seo\/ -->\n<title>Vocational Training Centre | Qu\u00e9bec m\u00e9tiers d&#039;avenir<\/title>\n<meta name=\"description\" content=\"Qu\u00e9bec m\u00e9tiers d\u2019avenir represents the majority of Qu\u00e9bec school boards and their training centres to provide international students with free support services so they can complete their vocational training in Qu\u00e9bec.\" \/>\n<meta name=\"robots\" content=\"index, follow, max-snippet:-1, max-image-preview:large, max-video-preview:-1\" \/>\n<link rel=\"canonical\" href=\"https:\/\/www.quebecmetiersdavenir.com\/en\/training-centre\/\" \/>\n<meta property=\"og:locale\" content=\"en_US\" \/>\n<meta property=\"og:type\" content=\"article\" \/>\n<meta property=\"og:title\" content=\"Vocational Training Centre | Qu\u00e9bec m\u00e9tiers d&#039;avenir\" \/>\n<meta property=\"og:description\" content=\"Qu\u00e9bec m\u00e9tiers d\u2019avenir represents the majority of Qu\u00e9bec school boards and their training centres to provide international students with free support services so they can complete their vocational training in Qu\u00e9bec.\" \/>\n<meta property=\"og:url\" content=\"https:\/\/www.quebecmetiersdavenir.com\/en\/training-centre\/\" \/>\n<meta property=\"og:site_name\" content=\"Quebec Metiers d&#039;avenir\" \/>\n<meta property=\"article:modified_time\" content=\"2021-10-25T18:17:51+00:00\" \/>\n<meta property=\"og:image\" content=\"https:\/\/www.quebecmetiersdavenir.com\/wp-content\/uploads\/iStock-516131882_banner-1.jpg\" \/>\n\t<meta property=\"og:image:width\" content=\"1900\" \/>\n\t<meta property=\"og:image:height\" content=\"1268\" \/>\n\t<meta property=\"og:image:type\" content=\"image\/jpeg\" \/>\n<meta name=\"twitter:card\" content=\"summary_large_image\" \/>\n<script type=\"application\/ld+json\" class=\"yoast-schema-graph\">{\"@context\":\"https:\/\/schema.org\",\"@graph\":[{\"@type\":\"WebPage\",\"@id\":\"https:\/\/www.quebecmetiersdavenir.com\/en\/training-centre\/\",\"url\":\"https:\/\/www.quebecmetiersdavenir.com\/en\/training-centre\/\",\"name\":\"Vocational Training Centre | Qu\u00e9bec m\u00e9tiers d'avenir\",\"isPartOf\":{\"@id\":\"https:\/\/www.quebecmetiersdavenir.com\/en\/#website\"},\"datePublished\":\"2018-05-30T15:01:01+00:00\",\"dateModified\":\"2021-10-25T18:17:51+00:00\",\"description\":\"Qu\u00e9bec m\u00e9tiers d\u2019avenir represents the majority of Qu\u00e9bec school boards and their training centres to provide international students with free support services so they can complete their vocational training in Qu\u00e9bec.\",\"breadcrumb\":{\"@id\":\"https:\/\/www.quebecmetiersdavenir.com\/en\/training-centre\/#breadcrumb\"},\"inLanguage\":\"en-US\",\"potentialAction\":[{\"@type\":\"ReadAction\",\"target\":[\"https:\/\/www.quebecmetiersdavenir.com\/en\/training-centre\/\"]}]},{\"@type\":\"BreadcrumbList\",\"@id\":\"https:\/\/www.quebecmetiersdavenir.com\/en\/training-centre\/#breadcrumb\",\"itemListElement\":[{\"@type\":\"ListItem\",\"position\":1,\"name\":\"Accueil\",\"item\":\"https:\/\/www.quebecmetiersdavenir.com\/en\/\"},{\"@type\":\"ListItem\",\"position\":2,\"name\":\"Vocational training centre\"}]},{\"@type\":\"WebSite\",\"@id\":\"https:\/\/www.quebecmetiersdavenir.com\/en\/#website\",\"url\":\"https:\/\/www.quebecmetiersdavenir.com\/en\/\",\"name\":\"Quebec Metiers d&#039;avenir\",\"description\":\"Un site utilisant WordPress\",\"potentialAction\":[{\"@type\":\"SearchAction\",\"target\":{\"@type\":\"EntryPoint\",\"urlTemplate\":\"https:\/\/www.quebecmetiersdavenir.com\/en\/?s={search_term_string}\"},\"query-input\":{\"@type\":\"PropertyValueSpecification\",\"valueRequired\":true,\"valueName\":\"search_term_string\"}}],\"inLanguage\":\"en-US\"}]}<\/script>\n<!-- \/ Yoast SEO plugin. -->","yoast_head_json":{"title":"Vocational Training Centre | Qu\u00e9bec m\u00e9tiers d'avenir","description":"Qu\u00e9bec m\u00e9tiers d\u2019avenir represents the majority of Qu\u00e9bec school boards and their training centres to provide international students with free support services so they can complete their vocational training in Qu\u00e9bec.","robots":{"index":"index","follow":"follow","max-snippet":"max-snippet:-1","max-image-preview":"max-image-preview:large","max-video-preview":"max-video-preview:-1"},"canonical":"https:\/\/www.quebecmetiersdavenir.com\/en\/training-centre\/","og_locale":"en_US","og_type":"article","og_title":"Vocational Training Centre | Qu\u00e9bec m\u00e9tiers d'avenir","og_description":"Qu\u00e9bec m\u00e9tiers d\u2019avenir represents the majority of Qu\u00e9bec school boards and their training centres to provide international students with free support services so they can complete their vocational training in Qu\u00e9bec.","og_url":"https:\/\/www.quebecmetiersdavenir.com\/en\/training-centre\/","og_site_name":"Quebec Metiers d&#039;avenir","article_modified_time":"2021-10-25T18:17:51+00:00","og_image":[{"width":1900,"height":1268,"url":"https:\/\/www.quebecmetiersdavenir.com\/wp-content\/uploads\/iStock-516131882_banner-1.jpg","type":"image\/jpeg"}],"twitter_card":"summary_large_image","schema":{"@context":"https:\/\/schema.org","@graph":[{"@type":"WebPage","@id":"https:\/\/www.quebecmetiersdavenir.com\/en\/training-centre\/","url":"https:\/\/www.quebecmetiersdavenir.com\/en\/training-centre\/","name":"Vocational Training Centre | Qu\u00e9bec m\u00e9tiers d'avenir","isPartOf":{"@id":"https:\/\/www.quebecmetiersdavenir.com\/en\/#website"},"datePublished":"2018-05-30T15:01:01+00:00","dateModified":"2021-10-25T18:17:51+00:00","description":"Qu\u00e9bec m\u00e9tiers d\u2019avenir represents the majority of Qu\u00e9bec school boards and their training centres to provide international students with free support services so they can complete their vocational training in Qu\u00e9bec.","breadcrumb":{"@id":"https:\/\/www.quebecmetiersdavenir.com\/en\/training-centre\/#breadcrumb"},"inLanguage":"en-US","potentialAction":[{"@type":"ReadAction","target":["https:\/\/www.quebecmetiersdavenir.com\/en\/training-centre\/"]}]},{"@type":"BreadcrumbList","@id":"https:\/\/www.quebecmetiersdavenir.com\/en\/training-centre\/#breadcrumb","itemListElement":[{"@type":"ListItem","position":1,"name":"Accueil","item":"https:\/\/www.quebecmetiersdavenir.com\/en\/"},{"@type":"ListItem","position":2,"name":"Vocational training centre"}]},{"@type":"WebSite","@id":"https:\/\/www.quebecmetiersdavenir.com\/en\/#website","url":"https:\/\/www.quebecmetiersdavenir.com\/en\/","name":"Quebec Metiers d&#039;avenir","description":"Un site utilisant WordPress","potentialAction":[{"@type":"SearchAction","target":{"@type":"EntryPoint","urlTemplate":"https:\/\/www.quebecmetiersdavenir.com\/en\/?s={search_term_string}"},"query-input":{"@type":"PropertyValueSpecification","valueRequired":true,"valueName":"search_term_string"}}],"inLanguage":"en-US"}]}},"_links":{"self":[{"href":"https:\/\/www.quebecmetiersdavenir.com\/en\/wp-json\/wp\/v2\/pages\/3096","targetHints":{"allow":["GET"]}}],"collection":[{"href":"https:\/\/www.quebecmetiersdavenir.com\/en\/wp-json\/wp\/v2\/pages"}],"about":[{"href":"https:\/\/www.quebecmetiersdavenir.com\/en\/wp-json\/wp\/v2\/types\/page"}],"author":[{"embeddable":true,"href":"https:\/\/www.quebecmetiersdavenir.com\/en\/wp-json\/wp\/v2\/users\/1"}],"replies":[{"embeddable":true,"href":"https:\/\/www.quebecmetiersdavenir.com\/en\/wp-json\/wp\/v2\/comments?post=3096"}],"version-history":[{"count":5,"href":"https:\/\/www.quebecmetiersdavenir.com\/en\/wp-json\/wp\/v2\/pages\/3096\/revisions"}],"predecessor-version":[{"id":17685,"href":"https:\/\/www.quebecmetiersdavenir.com\/en\/wp-json\/wp\/v2\/pages\/3096\/revisions\/17685"}],"wp:attachment":[{"href":"https:\/\/www.quebecmetiersdavenir.com\/en\/wp-json\/wp\/v2\/media?parent=3096"}],"curies":[{"name":"wp","href":"https:\/\/api.w.org\/{rel}","templated":true}]}}