{"id":3113,"date":"2018-05-30T16:21:33","date_gmt":"2018-05-30T15:21:33","guid":{"rendered":"http:\/\/144.217.151.79\/?page_id=3113"},"modified":"2024-10-21T15:56:25","modified_gmt":"2024-10-21T14:56:25","slug":"vocational-training-in-quebec","status":"publish","type":"page","link":"https:\/\/www.quebecmetiersdavenir.com\/en\/vocational-training-in-quebec\/","title":{"rendered":"Vocational training in Qu\u00e9bec"},"content":{"rendered":"<p class=\"text\">Qu\u00e9bec is a world leader in vocational training. These short courses (1 to 2 years) are focused on learning skills directly related to the job market.\r\nThe quality of education in Quebec is internationally recognized.<\/p>\r\n<p class=\"text\">Successful completion of the vocational training program leads to a diploma of vocational studies (DEP). For some DEPs, students can upgrade their skills by completing an attestation of vocational specialization (AVS) for a period varying between three months to a year. These official diplomas are issued by the Minist\u00e8re de l\u2019\u00c9ducation du Qu\u00e9bec.<\/p>","protected":false},"excerpt":{"rendered":"<p>Qu\u00e9bec is a world leader in vocational training. These short courses (1 to 2 years) are focused on learning skills directly related to the job market. The quality of education in Quebec is internationally recognized. Successful completion of the vocational training program leads to a diploma of vocational studies (DEP). For some DEPs, students can [&hellip;]<\/p>\n","protected":false},"author":1,"featured_media":0,"parent":0,"menu_order":0,"comment_status":"closed","ping_status":"closed","template":"page-formation-professionnelle.php","meta":{"footnotes":""},"class_list":["post-3113","page","type-page","status-publish","hentry"],"yoast_head":"<!-- This site is optimized with the Yoast SEO plugin v24.8.1 - https:\/\/yoast.com\/wordpress\/plugins\/seo\/ -->\n<title>Vocational training in Qu\u00e9bec | Qu\u00e9bec m\u00e9tiers d&#039;avenir<\/title>\n<meta name=\"description\" content=\"The province of\u00a0Qu\u00e9bec is a world leader in vocational training. These short-term training programs (1 to\u00a02\u00a0years) are geared toward learning a trade. The training focuses primarily on teaching skills that are directly aligned with the needs of employers in the job market.\" \/>\n<meta name=\"robots\" content=\"index, follow, max-snippet:-1, max-image-preview:large, max-video-preview:-1\" \/>\n<link rel=\"canonical\" href=\"https:\/\/www.quebecmetiersdavenir.com\/en\/vocational-training-in-quebec\/\" \/>\n<meta property=\"og:locale\" content=\"en_US\" \/>\n<meta property=\"og:type\" content=\"article\" \/>\n<meta property=\"og:title\" content=\"Vocational training in Qu\u00e9bec | Qu\u00e9bec m\u00e9tiers d&#039;avenir\" \/>\n<meta property=\"og:description\" content=\"The province of\u00a0Qu\u00e9bec is a world leader in vocational training. These short-term training programs (1 to\u00a02\u00a0years) are geared toward learning a trade. The training focuses primarily on teaching skills that are directly aligned with the needs of employers in the job market.\" \/>\n<meta property=\"og:url\" content=\"https:\/\/www.quebecmetiersdavenir.com\/en\/vocational-training-in-quebec\/\" \/>\n<meta property=\"og:site_name\" content=\"Quebec Metiers d&#039;avenir\" \/>\n<meta property=\"article:modified_time\" content=\"2024-10-21T14:56:25+00:00\" \/>\n<meta name=\"twitter:card\" content=\"summary_large_image\" \/>\n<script type=\"application\/ld+json\" class=\"yoast-schema-graph\">{\"@context\":\"https:\/\/schema.org\",\"@graph\":[{\"@type\":\"WebPage\",\"@id\":\"https:\/\/www.quebecmetiersdavenir.com\/en\/vocational-training-in-quebec\/\",\"url\":\"https:\/\/www.quebecmetiersdavenir.com\/en\/vocational-training-in-quebec\/\",\"name\":\"Vocational training in Qu\u00e9bec | Qu\u00e9bec m\u00e9tiers d'avenir\",\"isPartOf\":{\"@id\":\"https:\/\/www.quebecmetiersdavenir.com\/en\/#website\"},\"datePublished\":\"2018-05-30T15:21:33+00:00\",\"dateModified\":\"2024-10-21T14:56:25+00:00\",\"description\":\"The province of\u00a0Qu\u00e9bec is a world leader in vocational training. These short-term training programs (1 to\u00a02\u00a0years) are geared toward learning a trade. The training focuses primarily on teaching skills that are directly aligned with the needs of employers in the job market.\",\"breadcrumb\":{\"@id\":\"https:\/\/www.quebecmetiersdavenir.com\/en\/vocational-training-in-quebec\/#breadcrumb\"},\"inLanguage\":\"en-US\",\"potentialAction\":[{\"@type\":\"ReadAction\",\"target\":[\"https:\/\/www.quebecmetiersdavenir.com\/en\/vocational-training-in-quebec\/\"]}]},{\"@type\":\"BreadcrumbList\",\"@id\":\"https:\/\/www.quebecmetiersdavenir.com\/en\/vocational-training-in-quebec\/#breadcrumb\",\"itemListElement\":[{\"@type\":\"ListItem\",\"position\":1,\"name\":\"Accueil\",\"item\":\"https:\/\/www.quebecmetiersdavenir.com\/en\/\"},{\"@type\":\"ListItem\",\"position\":2,\"name\":\"Vocational training in Qu\u00e9bec\"}]},{\"@type\":\"WebSite\",\"@id\":\"https:\/\/www.quebecmetiersdavenir.com\/en\/#website\",\"url\":\"https:\/\/www.quebecmetiersdavenir.com\/en\/\",\"name\":\"Quebec Metiers d&#039;avenir\",\"description\":\"Un site utilisant WordPress\",\"potentialAction\":[{\"@type\":\"SearchAction\",\"target\":{\"@type\":\"EntryPoint\",\"urlTemplate\":\"https:\/\/www.quebecmetiersdavenir.com\/en\/?s={search_term_string}\"},\"query-input\":{\"@type\":\"PropertyValueSpecification\",\"valueRequired\":true,\"valueName\":\"search_term_string\"}}],\"inLanguage\":\"en-US\"}]}<\/script>\n<!-- \/ Yoast SEO plugin. -->","yoast_head_json":{"title":"Vocational training in Qu\u00e9bec | Qu\u00e9bec m\u00e9tiers d'avenir","description":"The province of\u00a0Qu\u00e9bec is a world leader in vocational training. These short-term training programs (1 to\u00a02\u00a0years) are geared toward learning a trade. The training focuses primarily on teaching skills that are directly aligned with the needs of employers in the job market.","robots":{"index":"index","follow":"follow","max-snippet":"max-snippet:-1","max-image-preview":"max-image-preview:large","max-video-preview":"max-video-preview:-1"},"canonical":"https:\/\/www.quebecmetiersdavenir.com\/en\/vocational-training-in-quebec\/","og_locale":"en_US","og_type":"article","og_title":"Vocational training in Qu\u00e9bec | Qu\u00e9bec m\u00e9tiers d'avenir","og_description":"The province of\u00a0Qu\u00e9bec is a world leader in vocational training. These short-term training programs (1 to\u00a02\u00a0years) are geared toward learning a trade. The training focuses primarily on teaching skills that are directly aligned with the needs of employers in the job market.","og_url":"https:\/\/www.quebecmetiersdavenir.com\/en\/vocational-training-in-quebec\/","og_site_name":"Quebec Metiers d&#039;avenir","article_modified_time":"2024-10-21T14:56:25+00:00","twitter_card":"summary_large_image","schema":{"@context":"https:\/\/schema.org","@graph":[{"@type":"WebPage","@id":"https:\/\/www.quebecmetiersdavenir.com\/en\/vocational-training-in-quebec\/","url":"https:\/\/www.quebecmetiersdavenir.com\/en\/vocational-training-in-quebec\/","name":"Vocational training in Qu\u00e9bec | Qu\u00e9bec m\u00e9tiers d'avenir","isPartOf":{"@id":"https:\/\/www.quebecmetiersdavenir.com\/en\/#website"},"datePublished":"2018-05-30T15:21:33+00:00","dateModified":"2024-10-21T14:56:25+00:00","description":"The province of\u00a0Qu\u00e9bec is a world leader in vocational training. These short-term training programs (1 to\u00a02\u00a0years) are geared toward learning a trade. The training focuses primarily on teaching skills that are directly aligned with the needs of employers in the job market.","breadcrumb":{"@id":"https:\/\/www.quebecmetiersdavenir.com\/en\/vocational-training-in-quebec\/#breadcrumb"},"inLanguage":"en-US","potentialAction":[{"@type":"ReadAction","target":["https:\/\/www.quebecmetiersdavenir.com\/en\/vocational-training-in-quebec\/"]}]},{"@type":"BreadcrumbList","@id":"https:\/\/www.quebecmetiersdavenir.com\/en\/vocational-training-in-quebec\/#breadcrumb","itemListElement":[{"@type":"ListItem","position":1,"name":"Accueil","item":"https:\/\/www.quebecmetiersdavenir.com\/en\/"},{"@type":"ListItem","position":2,"name":"Vocational training in Qu\u00e9bec"}]},{"@type":"WebSite","@id":"https:\/\/www.quebecmetiersdavenir.com\/en\/#website","url":"https:\/\/www.quebecmetiersdavenir.com\/en\/","name":"Quebec Metiers d&#039;avenir","description":"Un site utilisant WordPress","potentialAction":[{"@type":"SearchAction","target":{"@type":"EntryPoint","urlTemplate":"https:\/\/www.quebecmetiersdavenir.com\/en\/?s={search_term_string}"},"query-input":{"@type":"PropertyValueSpecification","valueRequired":true,"valueName":"search_term_string"}}],"inLanguage":"en-US"}]}},"_links":{"self":[{"href":"https:\/\/www.quebecmetiersdavenir.com\/en\/wp-json\/wp\/v2\/pages\/3113","targetHints":{"allow":["GET"]}}],"collection":[{"href":"https:\/\/www.quebecmetiersdavenir.com\/en\/wp-json\/wp\/v2\/pages"}],"about":[{"href":"https:\/\/www.quebecmetiersdavenir.com\/en\/wp-json\/wp\/v2\/types\/page"}],"author":[{"embeddable":true,"href":"https:\/\/www.quebecmetiersdavenir.com\/en\/wp-json\/wp\/v2\/users\/1"}],"replies":[{"embeddable":true,"href":"https:\/\/www.quebecmetiersdavenir.com\/en\/wp-json\/wp\/v2\/comments?post=3113"}],"version-history":[{"count":8,"href":"https:\/\/www.quebecmetiersdavenir.com\/en\/wp-json\/wp\/v2\/pages\/3113\/revisions"}],"predecessor-version":[{"id":21334,"href":"https:\/\/www.quebecmetiersdavenir.com\/en\/wp-json\/wp\/v2\/pages\/3113\/revisions\/21334"}],"wp:attachment":[{"href":"https:\/\/www.quebecmetiersdavenir.com\/en\/wp-json\/wp\/v2\/media?parent=3113"}],"curies":[{"name":"wp","href":"https:\/\/api.w.org\/{rel}","templated":true}]}}