{"id":3142,"date":"2018-05-30T16:43:30","date_gmt":"2018-05-30T15:43:30","guid":{"rendered":"http:\/\/144.217.151.79\/?page_id=3142"},"modified":"2025-04-10T20:58:20","modified_gmt":"2025-04-10T19:58:20","slug":"search-engine","status":"publish","type":"page","link":"https:\/\/www.quebecmetiersdavenir.com\/en\/search-engine\/","title":{"rendered":"Search result"},"content":{"rendered":"","protected":false},"excerpt":{"rendered":"","protected":false},"author":1,"featured_media":5193,"parent":0,"menu_order":0,"comment_status":"closed","ping_status":"closed","template":"page-resultat.php","meta":{"footnotes":""},"class_list":["post-3142","page","type-page","status-publish","has-post-thumbnail","hentry"],"yoast_head":"<!-- This site is optimized with the Yoast SEO plugin v24.8.1 - https:\/\/yoast.com\/wordpress\/plugins\/seo\/ -->\n<title>Find a Professional Training Program | Qu\u00e9bec m\u00e9tiers d&#039;avenir<\/title>\n<meta name=\"description\" content=\"You want to study in Qu\u00e9bec in vocational training? At Qu\u00e9bec m\u00e9tiers d&#039;avenir, we help you find the job that suits you best in Qu\u00e9bec with our search engine! Try it now!\" \/>\n<meta name=\"robots\" content=\"index, follow, max-snippet:-1, max-image-preview:large, max-video-preview:-1\" \/>\n<link rel=\"canonical\" href=\"https:\/\/www.quebecmetiersdavenir.com\/en\/search-engine\/\" \/>\n<meta property=\"og:locale\" content=\"en_US\" \/>\n<meta property=\"og:type\" content=\"article\" \/>\n<meta property=\"og:title\" content=\"Find a Professional Training Program | Qu\u00e9bec m\u00e9tiers d&#039;avenir\" \/>\n<meta property=\"og:description\" content=\"You want to study in Qu\u00e9bec in vocational training? At Qu\u00e9bec m\u00e9tiers d&#039;avenir, we help you find the job that suits you best in Qu\u00e9bec with our search engine! Try it now!\" \/>\n<meta property=\"og:url\" content=\"https:\/\/www.quebecmetiersdavenir.com\/en\/search-engine\/\" \/>\n<meta property=\"og:site_name\" content=\"Quebec Metiers d&#039;avenir\" \/>\n<meta property=\"article:modified_time\" content=\"2025-04-10T19:58:20+00:00\" \/>\n<meta name=\"twitter:card\" content=\"summary_large_image\" \/>\n<meta name=\"twitter:image\" content=\"https:\/\/www.quebecmetiersdavenir.com\/wp-content\/uploads\/Mosaique-formation.jpg\" \/>\n<meta name=\"twitter:label1\" content=\"Est. reading time\" \/>\n\t<meta name=\"twitter:data1\" content=\"1 minute\" \/>\n<script type=\"application\/ld+json\" class=\"yoast-schema-graph\">{\"@context\":\"https:\/\/schema.org\",\"@graph\":[{\"@type\":\"WebPage\",\"@id\":\"https:\/\/www.quebecmetiersdavenir.com\/en\/search-engine\/\",\"url\":\"https:\/\/www.quebecmetiersdavenir.com\/en\/search-engine\/\",\"name\":\"Find a Professional Training Program | Qu\u00e9bec m\u00e9tiers d'avenir\",\"isPartOf\":{\"@id\":\"https:\/\/www.quebecmetiersdavenir.com\/en\/#website\"},\"primaryImageOfPage\":{\"@id\":\"https:\/\/www.quebecmetiersdavenir.com\/en\/search-engine\/#primaryimage\"},\"image\":{\"@id\":\"https:\/\/www.quebecmetiersdavenir.com\/en\/search-engine\/#primaryimage\"},\"thumbnailUrl\":\"https:\/\/www.quebecmetiersdavenir.com\/wp-content\/uploads\/Mosaique-formation.jpg\",\"datePublished\":\"2018-05-30T15:43:30+00:00\",\"dateModified\":\"2025-04-10T19:58:20+00:00\",\"description\":\"You want to study in Qu\u00e9bec in vocational training? At Qu\u00e9bec m\u00e9tiers d'avenir, we help you find the job that suits you best in Qu\u00e9bec with our search engine! Try it now!\",\"breadcrumb\":{\"@id\":\"https:\/\/www.quebecmetiersdavenir.com\/en\/search-engine\/#breadcrumb\"},\"inLanguage\":\"en-US\",\"potentialAction\":[{\"@type\":\"ReadAction\",\"target\":[\"https:\/\/www.quebecmetiersdavenir.com\/en\/search-engine\/\"]}]},{\"@type\":\"ImageObject\",\"inLanguage\":\"en-US\",\"@id\":\"https:\/\/www.quebecmetiersdavenir.com\/en\/search-engine\/#primaryimage\",\"url\":\"https:\/\/www.quebecmetiersdavenir.com\/wp-content\/uploads\/Mosaique-formation.jpg\",\"contentUrl\":\"https:\/\/www.quebecmetiersdavenir.com\/wp-content\/uploads\/Mosaique-formation.jpg\",\"width\":1900,\"height\":891},{\"@type\":\"BreadcrumbList\",\"@id\":\"https:\/\/www.quebecmetiersdavenir.com\/en\/search-engine\/#breadcrumb\",\"itemListElement\":[{\"@type\":\"ListItem\",\"position\":1,\"name\":\"Accueil\",\"item\":\"https:\/\/www.quebecmetiersdavenir.com\/en\/\"},{\"@type\":\"ListItem\",\"position\":2,\"name\":\"Search result\"}]},{\"@type\":\"WebSite\",\"@id\":\"https:\/\/www.quebecmetiersdavenir.com\/en\/#website\",\"url\":\"https:\/\/www.quebecmetiersdavenir.com\/en\/\",\"name\":\"Quebec Metiers d&#039;avenir\",\"description\":\"Un site utilisant WordPress\",\"potentialAction\":[{\"@type\":\"SearchAction\",\"target\":{\"@type\":\"EntryPoint\",\"urlTemplate\":\"https:\/\/www.quebecmetiersdavenir.com\/en\/?s={search_term_string}\"},\"query-input\":{\"@type\":\"PropertyValueSpecification\",\"valueRequired\":true,\"valueName\":\"search_term_string\"}}],\"inLanguage\":\"en-US\"}]}<\/script>\n<!-- \/ Yoast SEO plugin. -->","yoast_head_json":{"title":"Find a Professional Training Program | Qu\u00e9bec m\u00e9tiers d'avenir","description":"You want to study in Qu\u00e9bec in vocational training? At Qu\u00e9bec m\u00e9tiers d'avenir, we help you find the job that suits you best in Qu\u00e9bec with our search engine! Try it now!","robots":{"index":"index","follow":"follow","max-snippet":"max-snippet:-1","max-image-preview":"max-image-preview:large","max-video-preview":"max-video-preview:-1"},"canonical":"https:\/\/www.quebecmetiersdavenir.com\/en\/search-engine\/","og_locale":"en_US","og_type":"article","og_title":"Find a Professional Training Program | Qu\u00e9bec m\u00e9tiers d'avenir","og_description":"You want to study in Qu\u00e9bec in vocational training? At Qu\u00e9bec m\u00e9tiers d'avenir, we help you find the job that suits you best in Qu\u00e9bec with our search engine! Try it now!","og_url":"https:\/\/www.quebecmetiersdavenir.com\/en\/search-engine\/","og_site_name":"Quebec Metiers d&#039;avenir","article_modified_time":"2025-04-10T19:58:20+00:00","twitter_card":"summary_large_image","twitter_image":"https:\/\/www.quebecmetiersdavenir.com\/wp-content\/uploads\/Mosaique-formation.jpg","twitter_misc":{"Est. reading time":"1 minute"},"schema":{"@context":"https:\/\/schema.org","@graph":[{"@type":"WebPage","@id":"https:\/\/www.quebecmetiersdavenir.com\/en\/search-engine\/","url":"https:\/\/www.quebecmetiersdavenir.com\/en\/search-engine\/","name":"Find a Professional Training Program | Qu\u00e9bec m\u00e9tiers d'avenir","isPartOf":{"@id":"https:\/\/www.quebecmetiersdavenir.com\/en\/#website"},"primaryImageOfPage":{"@id":"https:\/\/www.quebecmetiersdavenir.com\/en\/search-engine\/#primaryimage"},"image":{"@id":"https:\/\/www.quebecmetiersdavenir.com\/en\/search-engine\/#primaryimage"},"thumbnailUrl":"https:\/\/www.quebecmetiersdavenir.com\/wp-content\/uploads\/Mosaique-formation.jpg","datePublished":"2018-05-30T15:43:30+00:00","dateModified":"2025-04-10T19:58:20+00:00","description":"You want to study in Qu\u00e9bec in vocational training? At Qu\u00e9bec m\u00e9tiers d'avenir, we help you find the job that suits you best in Qu\u00e9bec with our search engine! Try it now!","breadcrumb":{"@id":"https:\/\/www.quebecmetiersdavenir.com\/en\/search-engine\/#breadcrumb"},"inLanguage":"en-US","potentialAction":[{"@type":"ReadAction","target":["https:\/\/www.quebecmetiersdavenir.com\/en\/search-engine\/"]}]},{"@type":"ImageObject","inLanguage":"en-US","@id":"https:\/\/www.quebecmetiersdavenir.com\/en\/search-engine\/#primaryimage","url":"https:\/\/www.quebecmetiersdavenir.com\/wp-content\/uploads\/Mosaique-formation.jpg","contentUrl":"https:\/\/www.quebecmetiersdavenir.com\/wp-content\/uploads\/Mosaique-formation.jpg","width":1900,"height":891},{"@type":"BreadcrumbList","@id":"https:\/\/www.quebecmetiersdavenir.com\/en\/search-engine\/#breadcrumb","itemListElement":[{"@type":"ListItem","position":1,"name":"Accueil","item":"https:\/\/www.quebecmetiersdavenir.com\/en\/"},{"@type":"ListItem","position":2,"name":"Search result"}]},{"@type":"WebSite","@id":"https:\/\/www.quebecmetiersdavenir.com\/en\/#website","url":"https:\/\/www.quebecmetiersdavenir.com\/en\/","name":"Quebec Metiers d&#039;avenir","description":"Un site utilisant WordPress","potentialAction":[{"@type":"SearchAction","target":{"@type":"EntryPoint","urlTemplate":"https:\/\/www.quebecmetiersdavenir.com\/en\/?s={search_term_string}"},"query-input":{"@type":"PropertyValueSpecification","valueRequired":true,"valueName":"search_term_string"}}],"inLanguage":"en-US"}]}},"_links":{"self":[{"href":"https:\/\/www.quebecmetiersdavenir.com\/en\/wp-json\/wp\/v2\/pages\/3142","targetHints":{"allow":["GET"]}}],"collection":[{"href":"https:\/\/www.quebecmetiersdavenir.com\/en\/wp-json\/wp\/v2\/pages"}],"about":[{"href":"https:\/\/www.quebecmetiersdavenir.com\/en\/wp-json\/wp\/v2\/types\/page"}],"author":[{"embeddable":true,"href":"https:\/\/www.quebecmetiersdavenir.com\/en\/wp-json\/wp\/v2\/users\/1"}],"replies":[{"embeddable":true,"href":"https:\/\/www.quebecmetiersdavenir.com\/en\/wp-json\/wp\/v2\/comments?post=3142"}],"version-history":[{"count":1,"href":"https:\/\/www.quebecmetiersdavenir.com\/en\/wp-json\/wp\/v2\/pages\/3142\/revisions"}],"predecessor-version":[{"id":3143,"href":"https:\/\/www.quebecmetiersdavenir.com\/en\/wp-json\/wp\/v2\/pages\/3142\/revisions\/3143"}],"wp:featuredmedia":[{"embeddable":true,"href":"https:\/\/www.quebecmetiersdavenir.com\/en\/wp-json\/wp\/v2\/media\/5193"}],"wp:attachment":[{"href":"https:\/\/www.quebecmetiersdavenir.com\/en\/wp-json\/wp\/v2\/media?parent=3142"}],"curies":[{"name":"wp","href":"https:\/\/api.w.org\/{rel}","templated":true}]}}