{"id":3157,"date":"2018-05-30T16:46:10","date_gmt":"2018-05-30T15:46:10","guid":{"rendered":"http:\/\/144.217.151.79\/?page_id=3157"},"modified":"2026-01-27T16:30:25","modified_gmt":"2026-01-27T15:30:25","slug":"admission-requirements","status":"publish","type":"page","link":"https:\/\/www.quebecmetiersdavenir.com\/en\/admission-requirements\/","title":{"rendered":"Admission requirements"},"content":{"rendered":"<p class=\"title bold\">Check the admission requirements<\/p>\r\n<p class=\"text\">To be accepted in vocational training in Qu\u00e9bec, you must meet four (4) admission requirements, which are age, knowledge of the language of instruction, academic prerequisites and financial capacity.<\/p>\r\n<p class=\"text\">If you do not meet all of the requirements, but you believe that you will be able to meet them by the next twelve (12) months, you can still begin your registration. However, your file will only be analyzed once completed and that all required documents will have been uploaded.<\/p>\r\n<p class=\"text\">N.B. : Beyond admission requirements, you do not need to have any specific skills or training-related experience to be eligible.<\/p>\r\n<p class=\"title bold\">Age<\/p>\r\n<p class=\"text\">You must be 17 years old when you arrive in Qu\u00e9bec. There is no age limit to study in vocational training.<\/p>\r\n<p class=\"title bold\">Language<\/p>\r\n<p class=\"text\"><strong>If you choose a training program in\u202fEnglish:<\/strong><\/p>\r\n<p class=\"text\">To be eligible for\u202fan <strong>English-language training program<\/strong>, you must demonstrate a\u202f<strong>B2 level of\u202fEnglish\u202f<\/strong>(level 7 on the Qu\u00e9bec scale) in\u202f<strong>each of the four\u202fassessed\u202fskills<\/strong>.<\/p>\r\n<p class=\"text\">Only individuals who\u202fhold a\u202f<strong>university degree of at least three years\u202f<\/strong>where the language of instruction was\u202fEnglish\u202fmay be exempt from this requirement.<\/p>\r\n&nbsp;\r\n<p class=\"text\"><strong>Mandatory\u202fEnglish\u202fTest<\/strong><\/p>\r\n<p class=\"text\">You must provide the results of an<strong>\u202fofficial\u202fEnglish\u202flanguage<\/strong> test\u202fassessing the following four skills:<\/p>\r\n\r\n<ul>\r\n \t<li class=\"text\">Listening comprehension<\/li>\r\n \t<li class=\"text\">Reading comprehension<\/li>\r\n \t<li class=\"text\">Speaking<\/li>\r\n \t<li class=\"text\">Writing<\/li>\r\n<\/ul>\r\n&nbsp;\r\n<p class=\"text\"><strong>Accepted tests:<\/strong><\/p>\r\n\r\n<ul>\r\n \t<li class=\"text\"><strong>TOEFL iBT (Test of English as a Foreign Language \u2013 Internet-Based Test)<\/strong><\/li>\r\n \t<li class=\"text\"><strong>IELTS (International English Language Testing System)<\/strong><\/li>\r\n<\/ul>\r\n&nbsp;\r\n<p class=\"text\">You must achieve a\u202f<strong>B2 level in each skill<\/strong>. Tests that assess only two skills will not be accepted.<\/p>\r\n&nbsp;\r\n<p class=\"text\">Please note that the\u202f<strong>training center may require a higher score\u202f<\/strong>or a specific test. Be sure to check the requirements of your chosen program and training center.<\/p>\r\n&nbsp;\r\n<p class=\"text\"><strong>Taking the\u202fEnglish\u202fTest During the Support Process<\/strong><\/p>\r\n<p class=\"text\">You may register for Qu\u00e9bec m\u00e9tiers d\u2019avenir\u2019s support services\u202f<strong>before\u202f<\/strong>obtaining a valid\u202fFrench\u202ftest result. However, you must be ready to take a test when invited to do so.\r\nThis step is\u202f<strong>mandatory\u202f<\/strong>before Qu\u00e9bec m\u00e9tiers d\u2019avenir can submit any admission application for a Training Program in\u202fFrench\u202fon your behalf.<\/p>\r\n<p class=\"text\">\u26a0\ufe0f\u202fOnly\u202f<strong>one eligible test attempt<\/strong>\u202fis allowed. If your results do not meet the required level, your support process will be terminated.<\/p>\r\n&nbsp;\r\n<p class=\"text\"><strong>Possible Exemptions<\/strong><\/p>\r\n<p class=\"text\"><em>You may be exempt from taking\u202fan\u202fEnglish\u202ftest if you hold a\u202f<strong>university degree of at least<\/strong> three years\u202fwhere the language of instruction was\u202fEnglish. You must provide your diploma and transcripts. An official letter confirming the language of instruction may also be required.\u202f<\/em><\/p>\r\n&nbsp;\r\n<p class=\"text\"><strong>If You Choose a Training Program in French:<\/strong><\/p>\r\n&nbsp;\r\n<p class=\"text\">If your training program is\u202foffered\u202f<strong>in\u202fFrench<\/strong>, you must still demonstrate a\u202f<strong>B2 level of\u202fFrench\u202f<\/strong>proficiency.<\/p>\r\n&nbsp;\r\n<p class=\"text\">You may choose one of the following<strong>\u202fofficial French tests:<\/strong>\u202fTEF, TCF, TEFAQ, BRIGHTLANGUAGE, or the\u202fTest de fran\u00e7ais en ligne\u202f(TFL).<\/p>\r\n&nbsp;\r\n<p class=\"text\">Make sure your test results clearly demonstrate a\u202f<strong>B2 level or higher in all four skills\u202f<\/strong>(listening, reading, speaking, and writing).<\/p>\r\n&nbsp;\r\n<p class=\"text\">If needed, you may choose the\u202fTest de fran\u00e7ais en ligne\u202f(TFL), offered by Qu\u00e9bec m\u00e9tiers d\u2019avenir and recognized by Qu\u00e9bec\u2019s school service centers. You can register for this test during the support process.<\/p>\r\n&nbsp;\r\n<p class=\"text\"><strong>Taking the French Test During the Support Process<\/strong><\/p>\r\n<p class=\"text\">You may register for Qu\u00e9bec m\u00e9tiers d\u2019avenir\u2019s support services\u202f<strong>before<\/strong>\u202fobtaining a valid English test result. However, you must be ready to take a test when invited to do so.\r\nThis step is\u202f<strong>mandatory\u202f<\/strong>before Qu\u00e9bec m\u00e9tiers d\u2019avenir can submit any admission application for a Training Program in English on your behalf.<\/p>\r\n<p class=\"text\">\u26a0\ufe0f\u202fOnly\u202f<strong>one eligible test attempt<\/strong>\u202fis allowed. If your results do not meet the required level, your support process will be terminated.<\/p>\r\n&nbsp;\r\n<p class=\"text\"><strong>Possible Exemptions<\/strong><\/p>\r\n\r\n<ul>\r\n \t<li class=\"text\"><em>You may be exempt from taking a French test if\u202fone\u202fof the following conditions applies to you:<\/em><\/li>\r\n \t<li class=\"text\">You completed all of your studies in\u202fFrench in France or Canada;<\/li>\r\n \t<li class=\"text\">You hold a\u202funiversity degree of at least three years\u202fwhere the language of instruction was French. You must provide your diploma and transcripts. An official letter confirming the language of instruction may also be required;<\/li>\r\n \t<li class=\"text\">You hold a\u202fFrench diploma recognized by the\u202fMinist\u00e8re de l\u2019\u00c9ducation nationale\u202fin France.<\/li>\r\n<\/ul>\r\n<p class=\"title bold\">Academic prerequisites<\/p>\r\n<p class=\"text\">The majority of training programs require a 4th or 5th secondary in Qu\u00e9bec (Seconde or Premi\u00e8re successful for France and 10 or 11 years of successful studies for other education systems). Please consult the page of the chosen training program to find out the educational level required to be admitted.<\/p>\r\n<p class=\"title bold\">Financial capacity<\/p>\r\n<p class=\"text\">Upon registration, you must demonstrate that you have sufficient financial resources to cover BOTH tuition fees and living expenses.<\/p>\r\n<p class=\"text\"><strong>Tuition fees<\/strong><\/p>\r\n<p class=\"text\">These fees include tuition fees as well as related costs such as school supplies and equipment. They vary depending on the program and the selected educational institution.<\/p>\r\n<p class=\"text\">The amount intended to cover tuition fees must be available at the time of registration. It can be proven through savings or any other funds available to you and\/or a financial guarantor.<\/p>\r\n<p class=\"text\"><strong>Accepted documents as proof of financial capacity for tuition fees<\/strong><\/p>\r\n\r\n<ul>\r\n \t<li class=\"text\">Bank statements showing the balance for the past 6 months, accompanied by an official letter issued by the bank confirming the available funds.<\/li>\r\n<\/ul>\r\n<p class=\"text\">Please note that French citizens are exempt from tuition fees due to an agreement between Qu\u00e9bec and France. However, they are still required to pay the related fees.<\/p>\r\n<p class=\"text\"><strong>Living expenses<\/strong><\/p>\r\n<p class=\"text\">These expenses include the essential costs of daily life for one year, such as housing, food, clothing, transportation, and health insurance, depending on your family situation.<\/p>\r\n\r\n<ul>\r\n \t<li class=\"text\">1 person: $24,700<\/li>\r\n \t<li class=\"text\">2 people: $34,900<\/li>\r\n \t<li class=\"text\">3 people: $42,700<\/li>\r\n \t<li class=\"text\">4 people: $49,300<\/li>\r\n \t<li class=\"text\">5 people: $55,300<\/li>\r\n \t<li class=\"text\">Each additional person: +$5,500<\/li>\r\n<\/ul>\r\n<p class=\"text\">The required amount to cover these expenses can be demonstrated through savings already available at the time of registration and\/or monthly income received during the course of your study. The funds may come from you and\/or from a person acting as a financial guarantor for your project.<\/p>\r\n<p class=\"text\"><strong>Examples of accepted documents as proof of financial capacity for living expenses<\/strong><\/p>\r\n\r\n<ul>\r\n \t<li class=\"text\">Bank statements showing the balance for the past 6 months, accompanied by an official letter from the bank confirming the available funds.<\/li>\r\n \t<li class=\"text\">Statements demonstrating that you or your financial guarantor will receive recurring income during your studies (e.g., rental income, pension, etc.)<\/li>\r\n \t<li class=\"text\">Employment income statements from a financial guarantor<\/li>\r\n<\/ul>\r\n<p class=\"title\"><strong>Clarifications regarding financial capacity<\/strong><\/p>\r\n<p class=\"text\"><strong>Bank statement and bank letter<\/strong><\/p>\r\n<p class=\"text\">Bank statements and the accompanying bank letter must include the account holder\u2019s name as well as the name and contact information of the financial institution. Screenshots of transaction history are not valid; you must submit official account statements issued by your bank.<\/p>\r\n<p class=\"text\"><strong>Line of credit and investments<\/strong><\/p>\r\n<p class=\"text\">Available credit and investments may be accepted as proof of funds if the money is immediately accessible. You must provide documentation confirming this, in addition to bank statements from the past 3 months and the bank letter.<\/p>\r\n<p class=\"title\"><strong>A person acting as your financial guarantor<\/strong><\/p>\r\n<p class=\"text\"><strong>Guarantor<\/strong><\/p>\r\n<p class=\"text\">You may have up to two financial guarantors. A guarantor does not need to be a family member, but in such cases, they must write a letter explaining their reasons for supporting you financially in your study project. They must also provide details of the financial support they will offer.<\/p>\r\n<p class=\"text\"><strong>Demonstrate the eligible income and savings of a guarantor<\/strong><\/p>\r\n<p class=\"text\">The guarantor\u2019s employment income must be supported by pay stubs from the last three months, along with a recent letter from their employer confirming the salary amount and the employment start date.<\/p>\r\n<p class=\"text\">Other sources of income\u2014such as rental income, pensions, or any other form of regular earnings\u2014may also be considered, provided they are clearly documented (e.g., rental agreements, bank statements) and demonstrate stability.<\/p>\r\n<p class=\"text\">The guarantor\u2019s personal savings may also be taken into account, as long as they are readily available and duly supported by official documents (e.g., bank account statements, investment certificates).<\/p>\r\n<p class=\"text\">To account for the guarantor\u2019s personal needs, an amount of $18,000 will be deducted from their annual income and\/or savings. Only the portion exceeding this threshold will be considered as available to support the study project.<\/p>\r\n<p class=\"text\"><strong>Financial Support Declaration Form<\/strong><\/p>\r\n<p class=\"text\">The Financial Support Declaration Form must be completed and signed by your guarantor. Please note that this document is required even if the guarantor is your spouse or partner.<\/p>\r\n<p class=\"title\"><strong>Inadmissible proofs<\/strong><\/p>\r\n<p class=\"text\"><strong>Student employment<\/strong><\/p>\r\n<p class=\"text\">The expectation of holding a student job in Qu\u00e9bec is not considered valid proof of financial capacity.<\/p>\r\n<p class=\"text\"><strong>Property assets<\/strong><\/p>\r\n<p class=\"text\">Titles to land, real estate, or vehicles are not accepted as proof of financial capacity. However, they may be useful during your immigration procedures.<\/p>\r\n<p class=\"text\"><strong>Business Income<\/strong><\/p>\r\n<p class=\"text\">Business financial statements or business income are not accepted. Only personal savings or personal income are taken into account.<\/p>","protected":false},"excerpt":{"rendered":"<p>Check the admission requirements To be accepted in vocational training in Qu\u00e9bec, you must meet four (4) admission requirements, which are age, knowledge of the language of instruction, academic prerequisites and financial capacity. If you do not meet all of the requirements, but you believe that you will be able to meet them by the [&hellip;]<\/p>\n","protected":false},"author":1,"featured_media":3891,"parent":0,"menu_order":0,"comment_status":"closed","ping_status":"closed","template":"","meta":{"footnotes":""},"class_list":["post-3157","page","type-page","status-publish","has-post-thumbnail","hentry"],"yoast_head":"<!-- This site is optimized with the Yoast SEO plugin v24.8.1 - https:\/\/yoast.com\/wordpress\/plugins\/seo\/ -->\n<title>Admission requirements | Qu\u00e9bec m\u00e9tiers d&#039;avenir<\/title>\n<meta name=\"description\" content=\"In order to take vocational training in Qu\u00e9bec, you must meet the eligibility criteria.\" \/>\n<meta name=\"robots\" content=\"index, follow, max-snippet:-1, max-image-preview:large, max-video-preview:-1\" \/>\n<link rel=\"canonical\" href=\"https:\/\/www.quebecmetiersdavenir.com\/en\/admission-requirements\/\" \/>\n<meta property=\"og:locale\" content=\"en_US\" \/>\n<meta property=\"og:type\" content=\"article\" \/>\n<meta property=\"og:title\" content=\"Eligibility Criteria For Vocational Training | Qu\u00e9bec m\u00e9tiers d&#039;avenir\" \/>\n<meta property=\"og:description\" content=\"In order to take vocational training in Qu\u00e9bec, you must meet the eligibility criteria.\" \/>\n<meta property=\"og:url\" content=\"https:\/\/www.quebecmetiersdavenir.com\/en\/admission-requirements\/\" \/>\n<meta property=\"og:site_name\" content=\"Quebec Metiers d&#039;avenir\" \/>\n<meta property=\"article:modified_time\" content=\"2026-01-27T15:30:25+00:00\" \/>\n<meta name=\"twitter:card\" content=\"summary_large_image\" \/>\n<meta name=\"twitter:image\" content=\"https:\/\/www.quebecmetiersdavenir.com\/wp-content\/uploads\/iStock-882197576-1.jpg\" \/>\n<meta name=\"twitter:label1\" content=\"Est. reading time\" \/>\n\t<meta name=\"twitter:data1\" content=\"8 minutes\" \/>\n<script type=\"application\/ld+json\" class=\"yoast-schema-graph\">{\"@context\":\"https:\/\/schema.org\",\"@graph\":[{\"@type\":\"WebPage\",\"@id\":\"https:\/\/www.quebecmetiersdavenir.com\/en\/admission-requirements\/\",\"url\":\"https:\/\/www.quebecmetiersdavenir.com\/en\/admission-requirements\/\",\"name\":\"Admission requirements | Qu\u00e9bec m\u00e9tiers d'avenir\",\"isPartOf\":{\"@id\":\"https:\/\/www.quebecmetiersdavenir.com\/en\/#website\"},\"primaryImageOfPage\":{\"@id\":\"https:\/\/www.quebecmetiersdavenir.com\/en\/admission-requirements\/#primaryimage\"},\"image\":{\"@id\":\"https:\/\/www.quebecmetiersdavenir.com\/en\/admission-requirements\/#primaryimage\"},\"thumbnailUrl\":\"https:\/\/www.quebecmetiersdavenir.com\/wp-content\/uploads\/iStock-882197576-1.jpg\",\"datePublished\":\"2018-05-30T15:46:10+00:00\",\"dateModified\":\"2026-01-27T15:30:25+00:00\",\"description\":\"In order to take vocational training in Qu\u00e9bec, you must meet the eligibility criteria.\",\"breadcrumb\":{\"@id\":\"https:\/\/www.quebecmetiersdavenir.com\/en\/admission-requirements\/#breadcrumb\"},\"inLanguage\":\"en-US\",\"potentialAction\":[{\"@type\":\"ReadAction\",\"target\":[\"https:\/\/www.quebecmetiersdavenir.com\/en\/admission-requirements\/\"]}]},{\"@type\":\"ImageObject\",\"inLanguage\":\"en-US\",\"@id\":\"https:\/\/www.quebecmetiersdavenir.com\/en\/admission-requirements\/#primaryimage\",\"url\":\"https:\/\/www.quebecmetiersdavenir.com\/wp-content\/uploads\/iStock-882197576-1.jpg\",\"contentUrl\":\"https:\/\/www.quebecmetiersdavenir.com\/wp-content\/uploads\/iStock-882197576-1.jpg\",\"width\":1200,\"height\":733},{\"@type\":\"BreadcrumbList\",\"@id\":\"https:\/\/www.quebecmetiersdavenir.com\/en\/admission-requirements\/#breadcrumb\",\"itemListElement\":[{\"@type\":\"ListItem\",\"position\":1,\"name\":\"Accueil\",\"item\":\"https:\/\/www.quebecmetiersdavenir.com\/en\/\"},{\"@type\":\"ListItem\",\"position\":2,\"name\":\"Admission requirements\"}]},{\"@type\":\"WebSite\",\"@id\":\"https:\/\/www.quebecmetiersdavenir.com\/en\/#website\",\"url\":\"https:\/\/www.quebecmetiersdavenir.com\/en\/\",\"name\":\"Quebec Metiers d&#039;avenir\",\"description\":\"Un site utilisant WordPress\",\"potentialAction\":[{\"@type\":\"SearchAction\",\"target\":{\"@type\":\"EntryPoint\",\"urlTemplate\":\"https:\/\/www.quebecmetiersdavenir.com\/en\/?s={search_term_string}\"},\"query-input\":{\"@type\":\"PropertyValueSpecification\",\"valueRequired\":true,\"valueName\":\"search_term_string\"}}],\"inLanguage\":\"en-US\"}]}<\/script>\n<!-- \/ Yoast SEO plugin. -->","yoast_head_json":{"title":"Admission requirements | Qu\u00e9bec m\u00e9tiers d'avenir","description":"In order to take vocational training in Qu\u00e9bec, you must meet the eligibility criteria.","robots":{"index":"index","follow":"follow","max-snippet":"max-snippet:-1","max-image-preview":"max-image-preview:large","max-video-preview":"max-video-preview:-1"},"canonical":"https:\/\/www.quebecmetiersdavenir.com\/en\/admission-requirements\/","og_locale":"en_US","og_type":"article","og_title":"Eligibility Criteria For Vocational Training | Qu\u00e9bec m\u00e9tiers d'avenir","og_description":"In order to take vocational training in Qu\u00e9bec, you must meet the eligibility criteria.","og_url":"https:\/\/www.quebecmetiersdavenir.com\/en\/admission-requirements\/","og_site_name":"Quebec Metiers d&#039;avenir","article_modified_time":"2026-01-27T15:30:25+00:00","twitter_card":"summary_large_image","twitter_image":"https:\/\/www.quebecmetiersdavenir.com\/wp-content\/uploads\/iStock-882197576-1.jpg","twitter_misc":{"Est. reading time":"8 minutes"},"schema":{"@context":"https:\/\/schema.org","@graph":[{"@type":"WebPage","@id":"https:\/\/www.quebecmetiersdavenir.com\/en\/admission-requirements\/","url":"https:\/\/www.quebecmetiersdavenir.com\/en\/admission-requirements\/","name":"Admission requirements | Qu\u00e9bec m\u00e9tiers d'avenir","isPartOf":{"@id":"https:\/\/www.quebecmetiersdavenir.com\/en\/#website"},"primaryImageOfPage":{"@id":"https:\/\/www.quebecmetiersdavenir.com\/en\/admission-requirements\/#primaryimage"},"image":{"@id":"https:\/\/www.quebecmetiersdavenir.com\/en\/admission-requirements\/#primaryimage"},"thumbnailUrl":"https:\/\/www.quebecmetiersdavenir.com\/wp-content\/uploads\/iStock-882197576-1.jpg","datePublished":"2018-05-30T15:46:10+00:00","dateModified":"2026-01-27T15:30:25+00:00","description":"In order to take vocational training in Qu\u00e9bec, you must meet the eligibility criteria.","breadcrumb":{"@id":"https:\/\/www.quebecmetiersdavenir.com\/en\/admission-requirements\/#breadcrumb"},"inLanguage":"en-US","potentialAction":[{"@type":"ReadAction","target":["https:\/\/www.quebecmetiersdavenir.com\/en\/admission-requirements\/"]}]},{"@type":"ImageObject","inLanguage":"en-US","@id":"https:\/\/www.quebecmetiersdavenir.com\/en\/admission-requirements\/#primaryimage","url":"https:\/\/www.quebecmetiersdavenir.com\/wp-content\/uploads\/iStock-882197576-1.jpg","contentUrl":"https:\/\/www.quebecmetiersdavenir.com\/wp-content\/uploads\/iStock-882197576-1.jpg","width":1200,"height":733},{"@type":"BreadcrumbList","@id":"https:\/\/www.quebecmetiersdavenir.com\/en\/admission-requirements\/#breadcrumb","itemListElement":[{"@type":"ListItem","position":1,"name":"Accueil","item":"https:\/\/www.quebecmetiersdavenir.com\/en\/"},{"@type":"ListItem","position":2,"name":"Admission requirements"}]},{"@type":"WebSite","@id":"https:\/\/www.quebecmetiersdavenir.com\/en\/#website","url":"https:\/\/www.quebecmetiersdavenir.com\/en\/","name":"Quebec Metiers d&#039;avenir","description":"Un site utilisant WordPress","potentialAction":[{"@type":"SearchAction","target":{"@type":"EntryPoint","urlTemplate":"https:\/\/www.quebecmetiersdavenir.com\/en\/?s={search_term_string}"},"query-input":{"@type":"PropertyValueSpecification","valueRequired":true,"valueName":"search_term_string"}}],"inLanguage":"en-US"}]}},"_links":{"self":[{"href":"https:\/\/www.quebecmetiersdavenir.com\/en\/wp-json\/wp\/v2\/pages\/3157","targetHints":{"allow":["GET"]}}],"collection":[{"href":"https:\/\/www.quebecmetiersdavenir.com\/en\/wp-json\/wp\/v2\/pages"}],"about":[{"href":"https:\/\/www.quebecmetiersdavenir.com\/en\/wp-json\/wp\/v2\/types\/page"}],"author":[{"embeddable":true,"href":"https:\/\/www.quebecmetiersdavenir.com\/en\/wp-json\/wp\/v2\/users\/1"}],"replies":[{"embeddable":true,"href":"https:\/\/www.quebecmetiersdavenir.com\/en\/wp-json\/wp\/v2\/comments?post=3157"}],"version-history":[{"count":35,"href":"https:\/\/www.quebecmetiersdavenir.com\/en\/wp-json\/wp\/v2\/pages\/3157\/revisions"}],"predecessor-version":[{"id":22388,"href":"https:\/\/www.quebecmetiersdavenir.com\/en\/wp-json\/wp\/v2\/pages\/3157\/revisions\/22388"}],"wp:featuredmedia":[{"embeddable":true,"href":"https:\/\/www.quebecmetiersdavenir.com\/en\/wp-json\/wp\/v2\/media\/3891"}],"wp:attachment":[{"href":"https:\/\/www.quebecmetiersdavenir.com\/en\/wp-json\/wp\/v2\/media?parent=3157"}],"curies":[{"name":"wp","href":"https:\/\/api.w.org\/{rel}","templated":true}]}}