{"id":3178,"date":"2018-05-30T16:51:46","date_gmt":"2018-05-30T15:51:46","guid":{"rendered":"http:\/\/144.217.151.79\/?page_id=3178"},"modified":"2018-06-26T15:08:42","modified_gmt":"2018-06-26T14:08:42","slug":"living-in-quebec","status":"publish","type":"page","link":"https:\/\/www.quebecmetiersdavenir.com\/en\/living-in-quebec\/","title":{"rendered":"Living in Qu\u00e9bec"},"content":{"rendered":"<p class=\"title bold\">Why choose Qu\u00e9bec?<\/p>\r\n<p class=\"text\">Qu\u00e9bec is Canada\u2019s largest province and, with its thriving economy, unique culture and unrivalled quality of life, it is a place unlike any other in the world. Offering a warm, French welcome to immigrants from around the globe, Qu\u00e9bec is experiencing unprecedented economic growth, with very low unemployment rates (reaching 4.9% for the province in December 2017). <\/p>\r\n\r\n<p class=\"text\">Present-day Qu\u00e9bec is a multifaceted society, and the generosity, solidarity and engagement of its people are helping to shape the province\u2019s future.<\/p>","protected":false},"excerpt":{"rendered":"<p>Why choose Qu\u00e9bec? Qu\u00e9bec is Canada\u2019s largest province and, with its thriving economy, unique culture and unrivalled quality of life, it is a place unlike any other in the world. Offering a warm, French welcome to immigrants from around the globe, Qu\u00e9bec is experiencing unprecedented economic growth, with very low unemployment rates (reaching 4.9% for [&hellip;]<\/p>\n","protected":false},"author":1,"featured_media":0,"parent":0,"menu_order":0,"comment_status":"closed","ping_status":"closed","template":"page-vie-quebec.php","meta":{"footnotes":""},"class_list":["post-3178","page","type-page","status-publish","hentry"],"yoast_head":"<!-- This site is optimized with the Yoast SEO plugin v24.8.1 - https:\/\/yoast.com\/wordpress\/plugins\/seo\/ -->\n<title>Living in Qu\u00e9bec | Qu\u00e9bec m\u00e9tiers d&#039;avenir<\/title>\n<meta name=\"description\" content=\"Qu\u00e9bec is Canada\u2019s largest province and, with its thriving economy, unique culture and unrivalled quality of life, it is a place unlike any other in the world. Present-day Qu\u00e9bec is a multifaceted society, and the generosity, solidarity and engagement of its people are helping to shape the province\u2019s future.\" \/>\n<meta name=\"robots\" content=\"index, follow, max-snippet:-1, max-image-preview:large, max-video-preview:-1\" \/>\n<link rel=\"canonical\" href=\"https:\/\/www.quebecmetiersdavenir.com\/en\/living-in-quebec\/\" \/>\n<meta property=\"og:locale\" content=\"en_US\" \/>\n<meta property=\"og:type\" content=\"article\" \/>\n<meta property=\"og:title\" content=\"Living in Qu\u00e9bec | Qu\u00e9bec m\u00e9tiers d&#039;avenir\" \/>\n<meta property=\"og:description\" content=\"Qu\u00e9bec is Canada\u2019s largest province and, with its thriving economy, unique culture and unrivalled quality of life, it is a place unlike any other in the world. Present-day Qu\u00e9bec is a multifaceted society, and the generosity, solidarity and engagement of its people are helping to shape the province\u2019s future.\" \/>\n<meta property=\"og:url\" content=\"https:\/\/www.quebecmetiersdavenir.com\/en\/living-in-quebec\/\" \/>\n<meta property=\"og:site_name\" content=\"Quebec Metiers d&#039;avenir\" \/>\n<meta property=\"article:modified_time\" content=\"2018-06-26T14:08:42+00:00\" \/>\n<meta name=\"twitter:card\" content=\"summary_large_image\" \/>\n<script type=\"application\/ld+json\" class=\"yoast-schema-graph\">{\"@context\":\"https:\/\/schema.org\",\"@graph\":[{\"@type\":\"WebPage\",\"@id\":\"https:\/\/www.quebecmetiersdavenir.com\/en\/living-in-quebec\/\",\"url\":\"https:\/\/www.quebecmetiersdavenir.com\/en\/living-in-quebec\/\",\"name\":\"Living in Qu\u00e9bec | Qu\u00e9bec m\u00e9tiers d'avenir\",\"isPartOf\":{\"@id\":\"https:\/\/www.quebecmetiersdavenir.com\/en\/#website\"},\"datePublished\":\"2018-05-30T15:51:46+00:00\",\"dateModified\":\"2018-06-26T14:08:42+00:00\",\"description\":\"Qu\u00e9bec is Canada\u2019s largest province and, with its thriving economy, unique culture and unrivalled quality of life, it is a place unlike any other in the world. Present-day Qu\u00e9bec is a multifaceted society, and the generosity, solidarity and engagement of its people are helping to shape the province\u2019s future.\",\"breadcrumb\":{\"@id\":\"https:\/\/www.quebecmetiersdavenir.com\/en\/living-in-quebec\/#breadcrumb\"},\"inLanguage\":\"en-US\",\"potentialAction\":[{\"@type\":\"ReadAction\",\"target\":[\"https:\/\/www.quebecmetiersdavenir.com\/en\/living-in-quebec\/\"]}]},{\"@type\":\"BreadcrumbList\",\"@id\":\"https:\/\/www.quebecmetiersdavenir.com\/en\/living-in-quebec\/#breadcrumb\",\"itemListElement\":[{\"@type\":\"ListItem\",\"position\":1,\"name\":\"Accueil\",\"item\":\"https:\/\/www.quebecmetiersdavenir.com\/en\/\"},{\"@type\":\"ListItem\",\"position\":2,\"name\":\"Living in Qu\u00e9bec\"}]},{\"@type\":\"WebSite\",\"@id\":\"https:\/\/www.quebecmetiersdavenir.com\/en\/#website\",\"url\":\"https:\/\/www.quebecmetiersdavenir.com\/en\/\",\"name\":\"Quebec Metiers d&#039;avenir\",\"description\":\"Un site utilisant WordPress\",\"potentialAction\":[{\"@type\":\"SearchAction\",\"target\":{\"@type\":\"EntryPoint\",\"urlTemplate\":\"https:\/\/www.quebecmetiersdavenir.com\/en\/?s={search_term_string}\"},\"query-input\":{\"@type\":\"PropertyValueSpecification\",\"valueRequired\":true,\"valueName\":\"search_term_string\"}}],\"inLanguage\":\"en-US\"}]}<\/script>\n<!-- \/ Yoast SEO plugin. -->","yoast_head_json":{"title":"Living in Qu\u00e9bec | Qu\u00e9bec m\u00e9tiers d'avenir","description":"Qu\u00e9bec is Canada\u2019s largest province and, with its thriving economy, unique culture and unrivalled quality of life, it is a place unlike any other in the world. Present-day Qu\u00e9bec is a multifaceted society, and the generosity, solidarity and engagement of its people are helping to shape the province\u2019s future.","robots":{"index":"index","follow":"follow","max-snippet":"max-snippet:-1","max-image-preview":"max-image-preview:large","max-video-preview":"max-video-preview:-1"},"canonical":"https:\/\/www.quebecmetiersdavenir.com\/en\/living-in-quebec\/","og_locale":"en_US","og_type":"article","og_title":"Living in Qu\u00e9bec | Qu\u00e9bec m\u00e9tiers d'avenir","og_description":"Qu\u00e9bec is Canada\u2019s largest province and, with its thriving economy, unique culture and unrivalled quality of life, it is a place unlike any other in the world. Present-day Qu\u00e9bec is a multifaceted society, and the generosity, solidarity and engagement of its people are helping to shape the province\u2019s future.","og_url":"https:\/\/www.quebecmetiersdavenir.com\/en\/living-in-quebec\/","og_site_name":"Quebec Metiers d&#039;avenir","article_modified_time":"2018-06-26T14:08:42+00:00","twitter_card":"summary_large_image","schema":{"@context":"https:\/\/schema.org","@graph":[{"@type":"WebPage","@id":"https:\/\/www.quebecmetiersdavenir.com\/en\/living-in-quebec\/","url":"https:\/\/www.quebecmetiersdavenir.com\/en\/living-in-quebec\/","name":"Living in Qu\u00e9bec | Qu\u00e9bec m\u00e9tiers d'avenir","isPartOf":{"@id":"https:\/\/www.quebecmetiersdavenir.com\/en\/#website"},"datePublished":"2018-05-30T15:51:46+00:00","dateModified":"2018-06-26T14:08:42+00:00","description":"Qu\u00e9bec is Canada\u2019s largest province and, with its thriving economy, unique culture and unrivalled quality of life, it is a place unlike any other in the world. Present-day Qu\u00e9bec is a multifaceted society, and the generosity, solidarity and engagement of its people are helping to shape the province\u2019s future.","breadcrumb":{"@id":"https:\/\/www.quebecmetiersdavenir.com\/en\/living-in-quebec\/#breadcrumb"},"inLanguage":"en-US","potentialAction":[{"@type":"ReadAction","target":["https:\/\/www.quebecmetiersdavenir.com\/en\/living-in-quebec\/"]}]},{"@type":"BreadcrumbList","@id":"https:\/\/www.quebecmetiersdavenir.com\/en\/living-in-quebec\/#breadcrumb","itemListElement":[{"@type":"ListItem","position":1,"name":"Accueil","item":"https:\/\/www.quebecmetiersdavenir.com\/en\/"},{"@type":"ListItem","position":2,"name":"Living in Qu\u00e9bec"}]},{"@type":"WebSite","@id":"https:\/\/www.quebecmetiersdavenir.com\/en\/#website","url":"https:\/\/www.quebecmetiersdavenir.com\/en\/","name":"Quebec Metiers d&#039;avenir","description":"Un site utilisant WordPress","potentialAction":[{"@type":"SearchAction","target":{"@type":"EntryPoint","urlTemplate":"https:\/\/www.quebecmetiersdavenir.com\/en\/?s={search_term_string}"},"query-input":{"@type":"PropertyValueSpecification","valueRequired":true,"valueName":"search_term_string"}}],"inLanguage":"en-US"}]}},"_links":{"self":[{"href":"https:\/\/www.quebecmetiersdavenir.com\/en\/wp-json\/wp\/v2\/pages\/3178","targetHints":{"allow":["GET"]}}],"collection":[{"href":"https:\/\/www.quebecmetiersdavenir.com\/en\/wp-json\/wp\/v2\/pages"}],"about":[{"href":"https:\/\/www.quebecmetiersdavenir.com\/en\/wp-json\/wp\/v2\/types\/page"}],"author":[{"embeddable":true,"href":"https:\/\/www.quebecmetiersdavenir.com\/en\/wp-json\/wp\/v2\/users\/1"}],"replies":[{"embeddable":true,"href":"https:\/\/www.quebecmetiersdavenir.com\/en\/wp-json\/wp\/v2\/comments?post=3178"}],"version-history":[{"count":3,"href":"https:\/\/www.quebecmetiersdavenir.com\/en\/wp-json\/wp\/v2\/pages\/3178\/revisions"}],"predecessor-version":[{"id":5170,"href":"https:\/\/www.quebecmetiersdavenir.com\/en\/wp-json\/wp\/v2\/pages\/3178\/revisions\/5170"}],"wp:attachment":[{"href":"https:\/\/www.quebecmetiersdavenir.com\/en\/wp-json\/wp\/v2\/media?parent=3178"}],"curies":[{"name":"wp","href":"https:\/\/api.w.org\/{rel}","templated":true}]}}