{"id":4456,"date":"2018-05-31T19:09:24","date_gmt":"2018-05-31T18:09:24","guid":{"rendered":"http:\/\/144.217.151.79\/?page_id=4456"},"modified":"2024-08-12T15:42:47","modified_gmt":"2024-08-12T14:42:47","slug":"meet-us","status":"publish","type":"page","link":"https:\/\/www.quebecmetiersdavenir.com\/en\/meet-us\/","title":{"rendered":"Meet us"},"content":{"rendered":"<p class=\"text bold\" style=\"font-size: 20px;\">Come and meet us, virtually!<\/p>\r\n<p class=\"text bold\" style=\"font-size: 20px;\">Got questions? We&#8217;ve got the answers!<\/p>","protected":false},"excerpt":{"rendered":"<p>Come and meet us, virtually! Got questions? We&#8217;ve got the answers!<\/p>\n","protected":false},"author":1,"featured_media":18221,"parent":0,"menu_order":0,"comment_status":"closed","ping_status":"closed","template":"page-nous-rencontrer.php","meta":{"footnotes":""},"class_list":["post-4456","page","type-page","status-publish","has-post-thumbnail","hentry"],"yoast_head":"<!-- This site is optimized with the Yoast SEO plugin v24.8.1 - https:\/\/yoast.com\/wordpress\/plugins\/seo\/ -->\n<title>Meet us - Quebec Metiers d&#039;avenir<\/title>\n<meta name=\"description\" content=\"Qu\u00e9bec m\u00e9tiers d&#039;avenir is a turnkey support services for vocational training in Qu\u00e9bec.\" \/>\n<meta name=\"robots\" content=\"index, follow, max-snippet:-1, max-image-preview:large, max-video-preview:-1\" \/>\n<link rel=\"canonical\" href=\"https:\/\/www.quebecmetiersdavenir.com\/en\/meet-us\/\" \/>\n<meta property=\"og:locale\" content=\"en_US\" \/>\n<meta property=\"og:type\" content=\"article\" \/>\n<meta property=\"og:title\" content=\"Meet us - Quebec Metiers d&#039;avenir\" \/>\n<meta property=\"og:description\" content=\"Qu\u00e9bec m\u00e9tiers d&#039;avenir is a turnkey support services for vocational training in Qu\u00e9bec.\" \/>\n<meta property=\"og:url\" content=\"https:\/\/www.quebecmetiersdavenir.com\/en\/meet-us\/\" \/>\n<meta property=\"og:site_name\" content=\"Quebec Metiers d&#039;avenir\" \/>\n<meta property=\"article:modified_time\" content=\"2024-08-12T14:42:47+00:00\" \/>\n<meta name=\"twitter:card\" content=\"summary_large_image\" \/>\n<script type=\"application\/ld+json\" class=\"yoast-schema-graph\">{\"@context\":\"https:\/\/schema.org\",\"@graph\":[{\"@type\":\"WebPage\",\"@id\":\"https:\/\/www.quebecmetiersdavenir.com\/en\/meet-us\/\",\"url\":\"https:\/\/www.quebecmetiersdavenir.com\/en\/meet-us\/\",\"name\":\"Meet us - Quebec Metiers d&#039;avenir\",\"isPartOf\":{\"@id\":\"https:\/\/www.quebecmetiersdavenir.com\/en\/#website\"},\"primaryImageOfPage\":{\"@id\":\"https:\/\/www.quebecmetiersdavenir.com\/en\/meet-us\/#primaryimage\"},\"image\":{\"@id\":\"https:\/\/www.quebecmetiersdavenir.com\/en\/meet-us\/#primaryimage\"},\"thumbnailUrl\":\"https:\/\/www.quebecmetiersdavenir.com\/wp-content\/uploads\/Sans-titre-3.jpg\",\"datePublished\":\"2018-05-31T18:09:24+00:00\",\"dateModified\":\"2024-08-12T14:42:47+00:00\",\"description\":\"Qu\u00e9bec m\u00e9tiers d'avenir is a turnkey support services for vocational training in Qu\u00e9bec.\",\"breadcrumb\":{\"@id\":\"https:\/\/www.quebecmetiersdavenir.com\/en\/meet-us\/#breadcrumb\"},\"inLanguage\":\"en-US\",\"potentialAction\":[{\"@type\":\"ReadAction\",\"target\":[\"https:\/\/www.quebecmetiersdavenir.com\/en\/meet-us\/\"]}]},{\"@type\":\"ImageObject\",\"inLanguage\":\"en-US\",\"@id\":\"https:\/\/www.quebecmetiersdavenir.com\/en\/meet-us\/#primaryimage\",\"url\":\"https:\/\/www.quebecmetiersdavenir.com\/wp-content\/uploads\/Sans-titre-3.jpg\",\"contentUrl\":\"https:\/\/www.quebecmetiersdavenir.com\/wp-content\/uploads\/Sans-titre-3.jpg\",\"width\":1624,\"height\":1083},{\"@type\":\"BreadcrumbList\",\"@id\":\"https:\/\/www.quebecmetiersdavenir.com\/en\/meet-us\/#breadcrumb\",\"itemListElement\":[{\"@type\":\"ListItem\",\"position\":1,\"name\":\"Accueil\",\"item\":\"https:\/\/www.quebecmetiersdavenir.com\/en\/\"},{\"@type\":\"ListItem\",\"position\":2,\"name\":\"Meet us\"}]},{\"@type\":\"WebSite\",\"@id\":\"https:\/\/www.quebecmetiersdavenir.com\/en\/#website\",\"url\":\"https:\/\/www.quebecmetiersdavenir.com\/en\/\",\"name\":\"Quebec Metiers d&#039;avenir\",\"description\":\"Un site utilisant WordPress\",\"potentialAction\":[{\"@type\":\"SearchAction\",\"target\":{\"@type\":\"EntryPoint\",\"urlTemplate\":\"https:\/\/www.quebecmetiersdavenir.com\/en\/?s={search_term_string}\"},\"query-input\":{\"@type\":\"PropertyValueSpecification\",\"valueRequired\":true,\"valueName\":\"search_term_string\"}}],\"inLanguage\":\"en-US\"}]}<\/script>\n<!-- \/ Yoast SEO plugin. -->","yoast_head_json":{"title":"Meet us - Quebec Metiers d&#039;avenir","description":"Qu\u00e9bec m\u00e9tiers d'avenir is a turnkey support services for vocational training in Qu\u00e9bec.","robots":{"index":"index","follow":"follow","max-snippet":"max-snippet:-1","max-image-preview":"max-image-preview:large","max-video-preview":"max-video-preview:-1"},"canonical":"https:\/\/www.quebecmetiersdavenir.com\/en\/meet-us\/","og_locale":"en_US","og_type":"article","og_title":"Meet us - Quebec Metiers d&#039;avenir","og_description":"Qu\u00e9bec m\u00e9tiers d'avenir is a turnkey support services for vocational training in Qu\u00e9bec.","og_url":"https:\/\/www.quebecmetiersdavenir.com\/en\/meet-us\/","og_site_name":"Quebec Metiers d&#039;avenir","article_modified_time":"2024-08-12T14:42:47+00:00","twitter_card":"summary_large_image","schema":{"@context":"https:\/\/schema.org","@graph":[{"@type":"WebPage","@id":"https:\/\/www.quebecmetiersdavenir.com\/en\/meet-us\/","url":"https:\/\/www.quebecmetiersdavenir.com\/en\/meet-us\/","name":"Meet us - Quebec Metiers d&#039;avenir","isPartOf":{"@id":"https:\/\/www.quebecmetiersdavenir.com\/en\/#website"},"primaryImageOfPage":{"@id":"https:\/\/www.quebecmetiersdavenir.com\/en\/meet-us\/#primaryimage"},"image":{"@id":"https:\/\/www.quebecmetiersdavenir.com\/en\/meet-us\/#primaryimage"},"thumbnailUrl":"https:\/\/www.quebecmetiersdavenir.com\/wp-content\/uploads\/Sans-titre-3.jpg","datePublished":"2018-05-31T18:09:24+00:00","dateModified":"2024-08-12T14:42:47+00:00","description":"Qu\u00e9bec m\u00e9tiers d'avenir is a turnkey support services for vocational training in Qu\u00e9bec.","breadcrumb":{"@id":"https:\/\/www.quebecmetiersdavenir.com\/en\/meet-us\/#breadcrumb"},"inLanguage":"en-US","potentialAction":[{"@type":"ReadAction","target":["https:\/\/www.quebecmetiersdavenir.com\/en\/meet-us\/"]}]},{"@type":"ImageObject","inLanguage":"en-US","@id":"https:\/\/www.quebecmetiersdavenir.com\/en\/meet-us\/#primaryimage","url":"https:\/\/www.quebecmetiersdavenir.com\/wp-content\/uploads\/Sans-titre-3.jpg","contentUrl":"https:\/\/www.quebecmetiersdavenir.com\/wp-content\/uploads\/Sans-titre-3.jpg","width":1624,"height":1083},{"@type":"BreadcrumbList","@id":"https:\/\/www.quebecmetiersdavenir.com\/en\/meet-us\/#breadcrumb","itemListElement":[{"@type":"ListItem","position":1,"name":"Accueil","item":"https:\/\/www.quebecmetiersdavenir.com\/en\/"},{"@type":"ListItem","position":2,"name":"Meet us"}]},{"@type":"WebSite","@id":"https:\/\/www.quebecmetiersdavenir.com\/en\/#website","url":"https:\/\/www.quebecmetiersdavenir.com\/en\/","name":"Quebec Metiers d&#039;avenir","description":"Un site utilisant WordPress","potentialAction":[{"@type":"SearchAction","target":{"@type":"EntryPoint","urlTemplate":"https:\/\/www.quebecmetiersdavenir.com\/en\/?s={search_term_string}"},"query-input":{"@type":"PropertyValueSpecification","valueRequired":true,"valueName":"search_term_string"}}],"inLanguage":"en-US"}]}},"_links":{"self":[{"href":"https:\/\/www.quebecmetiersdavenir.com\/en\/wp-json\/wp\/v2\/pages\/4456","targetHints":{"allow":["GET"]}}],"collection":[{"href":"https:\/\/www.quebecmetiersdavenir.com\/en\/wp-json\/wp\/v2\/pages"}],"about":[{"href":"https:\/\/www.quebecmetiersdavenir.com\/en\/wp-json\/wp\/v2\/types\/page"}],"author":[{"embeddable":true,"href":"https:\/\/www.quebecmetiersdavenir.com\/en\/wp-json\/wp\/v2\/users\/1"}],"replies":[{"embeddable":true,"href":"https:\/\/www.quebecmetiersdavenir.com\/en\/wp-json\/wp\/v2\/comments?post=4456"}],"version-history":[{"count":6,"href":"https:\/\/www.quebecmetiersdavenir.com\/en\/wp-json\/wp\/v2\/pages\/4456\/revisions"}],"predecessor-version":[{"id":21163,"href":"https:\/\/www.quebecmetiersdavenir.com\/en\/wp-json\/wp\/v2\/pages\/4456\/revisions\/21163"}],"wp:featuredmedia":[{"embeddable":true,"href":"https:\/\/www.quebecmetiersdavenir.com\/en\/wp-json\/wp\/v2\/media\/18221"}],"wp:attachment":[{"href":"https:\/\/www.quebecmetiersdavenir.com\/en\/wp-json\/wp\/v2\/media?parent=4456"}],"curies":[{"name":"wp","href":"https:\/\/api.w.org\/{rel}","templated":true}]}}