{"id":5154,"date":"2018-06-06T22:15:15","date_gmt":"2018-06-06T21:15:15","guid":{"rendered":"http:\/\/144.217.151.79\/?page_id=5154"},"modified":"2022-01-28T18:27:18","modified_gmt":"2022-01-28T17:27:18","slug":"planning-a-budget","status":"publish","type":"page","link":"https:\/\/www.quebecmetiersdavenir.com\/en\/planning-a-budget\/","title":{"rendered":"Planning a budget"},"content":{"rendered":"<p class=\"text\">In order to take vocational training in Qu\u00e9bec, you must be able to prove your financial capacity to undertake this venture during your immigration process.<\/p>\r\n\r\n<p class=\"text\">The following is a breakdown of all the anticipated costs, which will help you determine the funds you need to complete your studies in Qu\u00e9bec.<\/p>\r\n\r\n<p class=\"text\"><strong style=\"color:red\">Note<\/strong>: Although you may be able to work during your studies in Qu\u00e9bec, the salary you earn cannot be taken into account in calculating your financial capacity as part of the immigration process.<\/p>","protected":false},"excerpt":{"rendered":"<p>In order to take vocational training in Qu\u00e9bec, you must be able to prove your financial capacity to undertake this venture during your immigration process. The following is a breakdown of all the anticipated costs, which will help you determine the funds you need to complete your studies in Qu\u00e9bec. Note: Although you may be [&hellip;]<\/p>\n","protected":false},"author":1,"featured_media":0,"parent":0,"menu_order":0,"comment_status":"closed","ping_status":"closed","template":"page-budget.php","meta":{"footnotes":""},"class_list":["post-5154","page","type-page","status-publish","hentry"],"yoast_head":"<!-- This site is optimized with the Yoast SEO plugin v24.8.1 - https:\/\/yoast.com\/wordpress\/plugins\/seo\/ -->\n<title>Planning a budget to study in Qu\u00e9bec | Qu\u00e9bec m\u00e9tiers d&#039;avenir<\/title>\n<meta name=\"description\" content=\"In order to take vocational training in Qu\u00e9bec, you must be able to prove your financial capacity to undertake this venture during your immigration process. Plan your budget now!\" \/>\n<meta name=\"robots\" content=\"index, follow, max-snippet:-1, max-image-preview:large, max-video-preview:-1\" \/>\n<link rel=\"canonical\" href=\"https:\/\/www.quebecmetiersdavenir.com\/en\/planning-a-budget\/\" \/>\n<meta property=\"og:locale\" content=\"en_US\" \/>\n<meta property=\"og:type\" content=\"article\" \/>\n<meta property=\"og:title\" content=\"Planning a budget to study in Qu\u00e9bec | Qu\u00e9bec m\u00e9tiers d&#039;avenir\" \/>\n<meta property=\"og:description\" content=\"In order to take vocational training in Qu\u00e9bec, you must be able to prove your financial capacity to undertake this venture during your immigration process. Plan your budget now!\" \/>\n<meta property=\"og:url\" content=\"https:\/\/www.quebecmetiersdavenir.com\/en\/planning-a-budget\/\" \/>\n<meta property=\"og:site_name\" content=\"Quebec Metiers d&#039;avenir\" \/>\n<meta property=\"article:modified_time\" content=\"2022-01-28T17:27:18+00:00\" \/>\n<meta name=\"twitter:card\" content=\"summary_large_image\" \/>\n<script type=\"application\/ld+json\" class=\"yoast-schema-graph\">{\"@context\":\"https:\/\/schema.org\",\"@graph\":[{\"@type\":\"WebPage\",\"@id\":\"https:\/\/www.quebecmetiersdavenir.com\/en\/planning-a-budget\/\",\"url\":\"https:\/\/www.quebecmetiersdavenir.com\/en\/planning-a-budget\/\",\"name\":\"Planning a budget to study in Qu\u00e9bec | Qu\u00e9bec m\u00e9tiers d'avenir\",\"isPartOf\":{\"@id\":\"https:\/\/www.quebecmetiersdavenir.com\/en\/#website\"},\"datePublished\":\"2018-06-06T21:15:15+00:00\",\"dateModified\":\"2022-01-28T17:27:18+00:00\",\"description\":\"In order to take vocational training in Qu\u00e9bec, you must be able to prove your financial capacity to undertake this venture during your immigration process. Plan your budget now!\",\"breadcrumb\":{\"@id\":\"https:\/\/www.quebecmetiersdavenir.com\/en\/planning-a-budget\/#breadcrumb\"},\"inLanguage\":\"en-US\",\"potentialAction\":[{\"@type\":\"ReadAction\",\"target\":[\"https:\/\/www.quebecmetiersdavenir.com\/en\/planning-a-budget\/\"]}]},{\"@type\":\"BreadcrumbList\",\"@id\":\"https:\/\/www.quebecmetiersdavenir.com\/en\/planning-a-budget\/#breadcrumb\",\"itemListElement\":[{\"@type\":\"ListItem\",\"position\":1,\"name\":\"Accueil\",\"item\":\"https:\/\/www.quebecmetiersdavenir.com\/en\/\"},{\"@type\":\"ListItem\",\"position\":2,\"name\":\"Planning a budget\"}]},{\"@type\":\"WebSite\",\"@id\":\"https:\/\/www.quebecmetiersdavenir.com\/en\/#website\",\"url\":\"https:\/\/www.quebecmetiersdavenir.com\/en\/\",\"name\":\"Quebec Metiers d&#039;avenir\",\"description\":\"Un site utilisant WordPress\",\"potentialAction\":[{\"@type\":\"SearchAction\",\"target\":{\"@type\":\"EntryPoint\",\"urlTemplate\":\"https:\/\/www.quebecmetiersdavenir.com\/en\/?s={search_term_string}\"},\"query-input\":{\"@type\":\"PropertyValueSpecification\",\"valueRequired\":true,\"valueName\":\"search_term_string\"}}],\"inLanguage\":\"en-US\"}]}<\/script>\n<!-- \/ Yoast SEO plugin. -->","yoast_head_json":{"title":"Planning a budget to study in Qu\u00e9bec | Qu\u00e9bec m\u00e9tiers d'avenir","description":"In order to take vocational training in Qu\u00e9bec, you must be able to prove your financial capacity to undertake this venture during your immigration process. Plan your budget now!","robots":{"index":"index","follow":"follow","max-snippet":"max-snippet:-1","max-image-preview":"max-image-preview:large","max-video-preview":"max-video-preview:-1"},"canonical":"https:\/\/www.quebecmetiersdavenir.com\/en\/planning-a-budget\/","og_locale":"en_US","og_type":"article","og_title":"Planning a budget to study in Qu\u00e9bec | Qu\u00e9bec m\u00e9tiers d'avenir","og_description":"In order to take vocational training in Qu\u00e9bec, you must be able to prove your financial capacity to undertake this venture during your immigration process. Plan your budget now!","og_url":"https:\/\/www.quebecmetiersdavenir.com\/en\/planning-a-budget\/","og_site_name":"Quebec Metiers d&#039;avenir","article_modified_time":"2022-01-28T17:27:18+00:00","twitter_card":"summary_large_image","schema":{"@context":"https:\/\/schema.org","@graph":[{"@type":"WebPage","@id":"https:\/\/www.quebecmetiersdavenir.com\/en\/planning-a-budget\/","url":"https:\/\/www.quebecmetiersdavenir.com\/en\/planning-a-budget\/","name":"Planning a budget to study in Qu\u00e9bec | Qu\u00e9bec m\u00e9tiers d'avenir","isPartOf":{"@id":"https:\/\/www.quebecmetiersdavenir.com\/en\/#website"},"datePublished":"2018-06-06T21:15:15+00:00","dateModified":"2022-01-28T17:27:18+00:00","description":"In order to take vocational training in Qu\u00e9bec, you must be able to prove your financial capacity to undertake this venture during your immigration process. Plan your budget now!","breadcrumb":{"@id":"https:\/\/www.quebecmetiersdavenir.com\/en\/planning-a-budget\/#breadcrumb"},"inLanguage":"en-US","potentialAction":[{"@type":"ReadAction","target":["https:\/\/www.quebecmetiersdavenir.com\/en\/planning-a-budget\/"]}]},{"@type":"BreadcrumbList","@id":"https:\/\/www.quebecmetiersdavenir.com\/en\/planning-a-budget\/#breadcrumb","itemListElement":[{"@type":"ListItem","position":1,"name":"Accueil","item":"https:\/\/www.quebecmetiersdavenir.com\/en\/"},{"@type":"ListItem","position":2,"name":"Planning a budget"}]},{"@type":"WebSite","@id":"https:\/\/www.quebecmetiersdavenir.com\/en\/#website","url":"https:\/\/www.quebecmetiersdavenir.com\/en\/","name":"Quebec Metiers d&#039;avenir","description":"Un site utilisant WordPress","potentialAction":[{"@type":"SearchAction","target":{"@type":"EntryPoint","urlTemplate":"https:\/\/www.quebecmetiersdavenir.com\/en\/?s={search_term_string}"},"query-input":{"@type":"PropertyValueSpecification","valueRequired":true,"valueName":"search_term_string"}}],"inLanguage":"en-US"}]}},"_links":{"self":[{"href":"https:\/\/www.quebecmetiersdavenir.com\/en\/wp-json\/wp\/v2\/pages\/5154","targetHints":{"allow":["GET"]}}],"collection":[{"href":"https:\/\/www.quebecmetiersdavenir.com\/en\/wp-json\/wp\/v2\/pages"}],"about":[{"href":"https:\/\/www.quebecmetiersdavenir.com\/en\/wp-json\/wp\/v2\/types\/page"}],"author":[{"embeddable":true,"href":"https:\/\/www.quebecmetiersdavenir.com\/en\/wp-json\/wp\/v2\/users\/1"}],"replies":[{"embeddable":true,"href":"https:\/\/www.quebecmetiersdavenir.com\/en\/wp-json\/wp\/v2\/comments?post=5154"}],"version-history":[{"count":2,"href":"https:\/\/www.quebecmetiersdavenir.com\/en\/wp-json\/wp\/v2\/pages\/5154\/revisions"}],"predecessor-version":[{"id":5156,"href":"https:\/\/www.quebecmetiersdavenir.com\/en\/wp-json\/wp\/v2\/pages\/5154\/revisions\/5156"}],"wp:attachment":[{"href":"https:\/\/www.quebecmetiersdavenir.com\/en\/wp-json\/wp\/v2\/media?parent=5154"}],"curies":[{"name":"wp","href":"https:\/\/api.w.org\/{rel}","templated":true}]}}