{"id":5189,"date":"2018-06-07T20:31:00","date_gmt":"2018-06-07T19:31:00","guid":{"rendered":"http:\/\/144.217.151.79\/?page_id=5189"},"modified":"2022-06-01T16:50:48","modified_gmt":"2022-06-01T15:50:48","slug":"vocational-training","status":"publish","type":"page","link":"https:\/\/www.quebecmetiersdavenir.com\/en\/vocational-training\/","title":{"rendered":"Vocational training"},"content":{"rendered":"<div class=\"wrapper\">\r\n<div class=\"title\" style=\"font-size: 22px;\"><strong>Discover close to 80 vocational training programs offered across Qu\u00e9bec!<\/strong>\r\n<\/div>\r\n<div class=\"text\">\r\n\r\nQu\u00e9bec m\u00e9tiers d\u2019avenir has identified\r\n<h2>training programs for you in the regions of Qu\u00e9bec<\/h2>\r\nwhere there are jobs specifically in these fields. Get all the information you need to select the program that\u2019s right for you: duration, cost, average salary, job prospects, testimonials and much more!\r\n\r\n<\/div>\r\n<\/div>","protected":false},"excerpt":{"rendered":"<p>Discover close to 80 vocational training programs offered across Qu\u00e9bec! Qu\u00e9bec m\u00e9tiers d\u2019avenir has identified training programs for you in the regions of Qu\u00e9bec where there are jobs specifically in these fields. Get all the information you need to select the program that\u2019s right for you: duration, cost, average salary, job prospects, testimonials and much [&hellip;]<\/p>\n","protected":false},"author":1,"featured_media":0,"parent":0,"menu_order":0,"comment_status":"closed","ping_status":"closed","template":"page-formations.php","meta":{"footnotes":""},"class_list":["post-5189","page","type-page","status-publish","hentry"],"yoast_head":"<!-- This site is optimized with the Yoast SEO plugin v24.8.1 - https:\/\/yoast.com\/wordpress\/plugins\/seo\/ -->\n<title>Our Vocational Training in Qu\u00e9bec | Qu\u00e9bec m\u00e9tiers d&#039;avenir<\/title>\n<meta name=\"description\" content=\"Come study in Quebec! Discover all of our professional training programs offered at Qu\u00e9bec m\u00e9tiers d&#039;avenir as well as their professional opportunities available in Quebec.\" \/>\n<meta name=\"robots\" content=\"index, follow, max-snippet:-1, max-image-preview:large, max-video-preview:-1\" \/>\n<link rel=\"canonical\" href=\"https:\/\/www.quebecmetiersdavenir.com\/en\/vocational-training\/\" \/>\n<meta property=\"og:locale\" content=\"en_US\" \/>\n<meta property=\"og:type\" content=\"article\" \/>\n<meta property=\"og:title\" content=\"Our Vocational Training in Qu\u00e9bec | Qu\u00e9bec m\u00e9tiers d&#039;avenir\" \/>\n<meta property=\"og:description\" content=\"Come study in Quebec! Discover all of our professional training programs offered at Qu\u00e9bec m\u00e9tiers d&#039;avenir as well as their professional opportunities available in Quebec.\" \/>\n<meta property=\"og:url\" content=\"https:\/\/www.quebecmetiersdavenir.com\/en\/vocational-training\/\" \/>\n<meta property=\"og:site_name\" content=\"Quebec Metiers d&#039;avenir\" \/>\n<meta property=\"article:modified_time\" content=\"2022-06-01T15:50:48+00:00\" \/>\n<meta name=\"twitter:card\" content=\"summary_large_image\" \/>\n<script type=\"application\/ld+json\" class=\"yoast-schema-graph\">{\"@context\":\"https:\/\/schema.org\",\"@graph\":[{\"@type\":\"WebPage\",\"@id\":\"https:\/\/www.quebecmetiersdavenir.com\/en\/vocational-training\/\",\"url\":\"https:\/\/www.quebecmetiersdavenir.com\/en\/vocational-training\/\",\"name\":\"Our Vocational Training in Qu\u00e9bec | Qu\u00e9bec m\u00e9tiers d'avenir\",\"isPartOf\":{\"@id\":\"https:\/\/www.quebecmetiersdavenir.com\/en\/#website\"},\"datePublished\":\"2018-06-07T19:31:00+00:00\",\"dateModified\":\"2022-06-01T15:50:48+00:00\",\"description\":\"Come study in Quebec! Discover all of our professional training programs offered at Qu\u00e9bec m\u00e9tiers d'avenir as well as their professional opportunities available in Quebec.\",\"breadcrumb\":{\"@id\":\"https:\/\/www.quebecmetiersdavenir.com\/en\/vocational-training\/#breadcrumb\"},\"inLanguage\":\"en-US\",\"potentialAction\":[{\"@type\":\"ReadAction\",\"target\":[\"https:\/\/www.quebecmetiersdavenir.com\/en\/vocational-training\/\"]}]},{\"@type\":\"BreadcrumbList\",\"@id\":\"https:\/\/www.quebecmetiersdavenir.com\/en\/vocational-training\/#breadcrumb\",\"itemListElement\":[{\"@type\":\"ListItem\",\"position\":1,\"name\":\"Accueil\",\"item\":\"https:\/\/www.quebecmetiersdavenir.com\/en\/\"},{\"@type\":\"ListItem\",\"position\":2,\"name\":\"Vocational training\"}]},{\"@type\":\"WebSite\",\"@id\":\"https:\/\/www.quebecmetiersdavenir.com\/en\/#website\",\"url\":\"https:\/\/www.quebecmetiersdavenir.com\/en\/\",\"name\":\"Quebec Metiers d&#039;avenir\",\"description\":\"Un site utilisant WordPress\",\"potentialAction\":[{\"@type\":\"SearchAction\",\"target\":{\"@type\":\"EntryPoint\",\"urlTemplate\":\"https:\/\/www.quebecmetiersdavenir.com\/en\/?s={search_term_string}\"},\"query-input\":{\"@type\":\"PropertyValueSpecification\",\"valueRequired\":true,\"valueName\":\"search_term_string\"}}],\"inLanguage\":\"en-US\"}]}<\/script>\n<!-- \/ Yoast SEO plugin. -->","yoast_head_json":{"title":"Our Vocational Training in Qu\u00e9bec | Qu\u00e9bec m\u00e9tiers d'avenir","description":"Come study in Quebec! Discover all of our professional training programs offered at Qu\u00e9bec m\u00e9tiers d'avenir as well as their professional opportunities available in Quebec.","robots":{"index":"index","follow":"follow","max-snippet":"max-snippet:-1","max-image-preview":"max-image-preview:large","max-video-preview":"max-video-preview:-1"},"canonical":"https:\/\/www.quebecmetiersdavenir.com\/en\/vocational-training\/","og_locale":"en_US","og_type":"article","og_title":"Our Vocational Training in Qu\u00e9bec | Qu\u00e9bec m\u00e9tiers d'avenir","og_description":"Come study in Quebec! Discover all of our professional training programs offered at Qu\u00e9bec m\u00e9tiers d'avenir as well as their professional opportunities available in Quebec.","og_url":"https:\/\/www.quebecmetiersdavenir.com\/en\/vocational-training\/","og_site_name":"Quebec Metiers d&#039;avenir","article_modified_time":"2022-06-01T15:50:48+00:00","twitter_card":"summary_large_image","schema":{"@context":"https:\/\/schema.org","@graph":[{"@type":"WebPage","@id":"https:\/\/www.quebecmetiersdavenir.com\/en\/vocational-training\/","url":"https:\/\/www.quebecmetiersdavenir.com\/en\/vocational-training\/","name":"Our Vocational Training in Qu\u00e9bec | Qu\u00e9bec m\u00e9tiers d'avenir","isPartOf":{"@id":"https:\/\/www.quebecmetiersdavenir.com\/en\/#website"},"datePublished":"2018-06-07T19:31:00+00:00","dateModified":"2022-06-01T15:50:48+00:00","description":"Come study in Quebec! Discover all of our professional training programs offered at Qu\u00e9bec m\u00e9tiers d'avenir as well as their professional opportunities available in Quebec.","breadcrumb":{"@id":"https:\/\/www.quebecmetiersdavenir.com\/en\/vocational-training\/#breadcrumb"},"inLanguage":"en-US","potentialAction":[{"@type":"ReadAction","target":["https:\/\/www.quebecmetiersdavenir.com\/en\/vocational-training\/"]}]},{"@type":"BreadcrumbList","@id":"https:\/\/www.quebecmetiersdavenir.com\/en\/vocational-training\/#breadcrumb","itemListElement":[{"@type":"ListItem","position":1,"name":"Accueil","item":"https:\/\/www.quebecmetiersdavenir.com\/en\/"},{"@type":"ListItem","position":2,"name":"Vocational training"}]},{"@type":"WebSite","@id":"https:\/\/www.quebecmetiersdavenir.com\/en\/#website","url":"https:\/\/www.quebecmetiersdavenir.com\/en\/","name":"Quebec Metiers d&#039;avenir","description":"Un site utilisant WordPress","potentialAction":[{"@type":"SearchAction","target":{"@type":"EntryPoint","urlTemplate":"https:\/\/www.quebecmetiersdavenir.com\/en\/?s={search_term_string}"},"query-input":{"@type":"PropertyValueSpecification","valueRequired":true,"valueName":"search_term_string"}}],"inLanguage":"en-US"}]}},"_links":{"self":[{"href":"https:\/\/www.quebecmetiersdavenir.com\/en\/wp-json\/wp\/v2\/pages\/5189","targetHints":{"allow":["GET"]}}],"collection":[{"href":"https:\/\/www.quebecmetiersdavenir.com\/en\/wp-json\/wp\/v2\/pages"}],"about":[{"href":"https:\/\/www.quebecmetiersdavenir.com\/en\/wp-json\/wp\/v2\/types\/page"}],"author":[{"embeddable":true,"href":"https:\/\/www.quebecmetiersdavenir.com\/en\/wp-json\/wp\/v2\/users\/1"}],"replies":[{"embeddable":true,"href":"https:\/\/www.quebecmetiersdavenir.com\/en\/wp-json\/wp\/v2\/comments?post=5189"}],"version-history":[{"count":6,"href":"https:\/\/www.quebecmetiersdavenir.com\/en\/wp-json\/wp\/v2\/pages\/5189\/revisions"}],"predecessor-version":[{"id":18174,"href":"https:\/\/www.quebecmetiersdavenir.com\/en\/wp-json\/wp\/v2\/pages\/5189\/revisions\/18174"}],"wp:attachment":[{"href":"https:\/\/www.quebecmetiersdavenir.com\/en\/wp-json\/wp\/v2\/media?parent=5189"}],"curies":[{"name":"wp","href":"https:\/\/api.w.org\/{rel}","templated":true}]}}