{"id":5380,"date":"2018-06-12T21:41:03","date_gmt":"2018-06-12T20:41:03","guid":{"rendered":"http:\/\/144.217.151.79\/?page_id=5380"},"modified":"2020-09-25T15:55:26","modified_gmt":"2020-09-25T14:55:26","slug":"advantages-for-french-nationals","status":"publish","type":"page","link":"https:\/\/www.quebecmetiersdavenir.com\/en\/advantages-for-french-nationals\/","title":{"rendered":"Advantages for French Nationals"},"content":{"rendered":"<h2 class=\"text bold red\">Tuition fee exemption for French nationals<\/h2>\r\n<p class=\"text\">In accordance with a France\u2013Qu\u00e9bec agreement, French nationals are exempt from paying tuition fees for vocational training.<\/p>\r\n<p class=\"text\">Tuition for vocational training programs ranges from C$8,000 to C$60,000 for international students, which French students do not have to pay in order to receive quality vocational training in Qu\u00e9bec.<\/p>\r\n\r\n<h2 class=\"text bold red\">RAMQ (R\u00e9gie d&#8217;assurance maladie du Qu\u00e9bec) health insurance protection<\/h2>\r\n<p class=\"text\">French nationals registered under France\u2019s social security plan are now covered for free by the <a href=\"http:\/\/www.ramq.gouv.qc.ca\/en\/Pages\/home.aspx\" target=\"_blank\" rel=\"noopener noreferrer\">RAMQ<\/a> and will obtain a Medicare card (equivalent to the carte Vitale). Qu\u00e9bec m\u00e9tiers d\u2019avenir will advise you on how to take advantage of this privilege.<\/p>\r\n\r\n<h2 class=\"text bold red\">More affordable cost of living<\/h2>\r\n<p class=\"text\">Compared to France, the cost of living in Qu\u00e9bec is much more affordable. But that doesn\u2019t translate into a lower quality of life\u2014quite the contrary!<\/p>\r\n\r\n<h2 class=\"text bold red\">Francophonie in North America<\/h2>\r\n<p class=\"text\">Qu\u00e9bec is a North American Francophone oasis where French is the language spoken daily by more than 22.9% of Canada\u2019s population and 85% of Quebec&#8217;s population. It is a unique place where you can experience and discover Qu\u00e9bec\u2019s warm culture in your own language.<\/p>","protected":false},"excerpt":{"rendered":"<p>Tuition fee exemption for French nationals In accordance with a France\u2013Qu\u00e9bec agreement, French nationals are exempt from paying tuition fees for vocational training. Tuition for vocational training programs ranges from C$8,000 to C$60,000 for international students, which French students do not have to pay in order to receive quality vocational training in Qu\u00e9bec. RAMQ (R\u00e9gie [&hellip;]<\/p>\n","protected":false},"author":1,"featured_media":0,"parent":0,"menu_order":0,"comment_status":"closed","ping_status":"closed","template":"","meta":{"footnotes":""},"class_list":["post-5380","page","type-page","status-publish","hentry"],"yoast_head":"<!-- This site is optimized with the Yoast SEO plugin v24.8.1 - https:\/\/yoast.com\/wordpress\/plugins\/seo\/ -->\n<title>Advantages for French Nationals | Qu\u00e9bec m\u00e9tiers d&#039;avenir<\/title>\n<meta name=\"description\" content=\"There are many advantages for French nationals taking vocational training programs in Qu\u00e9bec. In accordance with a France\u2013Qu\u00e9bec agreement, French nationals are exempt from paying tuition fees for vocational training.\" \/>\n<meta name=\"robots\" content=\"index, follow, max-snippet:-1, max-image-preview:large, max-video-preview:-1\" \/>\n<link rel=\"canonical\" href=\"https:\/\/www.quebecmetiersdavenir.com\/en\/advantages-for-french-nationals\/\" \/>\n<meta property=\"og:locale\" content=\"en_US\" \/>\n<meta property=\"og:type\" content=\"article\" \/>\n<meta property=\"og:title\" content=\"Advantages for French Nationals | Qu\u00e9bec m\u00e9tiers d&#039;avenir\" \/>\n<meta property=\"og:description\" content=\"There are many advantages for French nationals taking vocational training programs in Qu\u00e9bec. In accordance with a France\u2013Qu\u00e9bec agreement, French nationals are exempt from paying tuition fees for vocational training.\" \/>\n<meta property=\"og:url\" content=\"https:\/\/www.quebecmetiersdavenir.com\/en\/advantages-for-french-nationals\/\" \/>\n<meta property=\"og:site_name\" content=\"Quebec Metiers d&#039;avenir\" \/>\n<meta property=\"article:modified_time\" content=\"2020-09-25T14:55:26+00:00\" \/>\n<meta name=\"twitter:card\" content=\"summary_large_image\" \/>\n<meta name=\"twitter:label1\" content=\"Est. reading time\" \/>\n\t<meta name=\"twitter:data1\" content=\"1 minute\" \/>\n<script type=\"application\/ld+json\" class=\"yoast-schema-graph\">{\"@context\":\"https:\/\/schema.org\",\"@graph\":[{\"@type\":\"WebPage\",\"@id\":\"https:\/\/www.quebecmetiersdavenir.com\/en\/advantages-for-french-nationals\/\",\"url\":\"https:\/\/www.quebecmetiersdavenir.com\/en\/advantages-for-french-nationals\/\",\"name\":\"Advantages for French Nationals | Qu\u00e9bec m\u00e9tiers d'avenir\",\"isPartOf\":{\"@id\":\"https:\/\/www.quebecmetiersdavenir.com\/en\/#website\"},\"datePublished\":\"2018-06-12T20:41:03+00:00\",\"dateModified\":\"2020-09-25T14:55:26+00:00\",\"description\":\"There are many advantages for French nationals taking vocational training programs in Qu\u00e9bec. In accordance with a France\u2013Qu\u00e9bec agreement, French nationals are exempt from paying tuition fees for vocational training.\",\"breadcrumb\":{\"@id\":\"https:\/\/www.quebecmetiersdavenir.com\/en\/advantages-for-french-nationals\/#breadcrumb\"},\"inLanguage\":\"en-US\",\"potentialAction\":[{\"@type\":\"ReadAction\",\"target\":[\"https:\/\/www.quebecmetiersdavenir.com\/en\/advantages-for-french-nationals\/\"]}]},{\"@type\":\"BreadcrumbList\",\"@id\":\"https:\/\/www.quebecmetiersdavenir.com\/en\/advantages-for-french-nationals\/#breadcrumb\",\"itemListElement\":[{\"@type\":\"ListItem\",\"position\":1,\"name\":\"Accueil\",\"item\":\"https:\/\/www.quebecmetiersdavenir.com\/en\/\"},{\"@type\":\"ListItem\",\"position\":2,\"name\":\"Advantages for French Nationals\"}]},{\"@type\":\"WebSite\",\"@id\":\"https:\/\/www.quebecmetiersdavenir.com\/en\/#website\",\"url\":\"https:\/\/www.quebecmetiersdavenir.com\/en\/\",\"name\":\"Quebec Metiers d&#039;avenir\",\"description\":\"Un site utilisant WordPress\",\"potentialAction\":[{\"@type\":\"SearchAction\",\"target\":{\"@type\":\"EntryPoint\",\"urlTemplate\":\"https:\/\/www.quebecmetiersdavenir.com\/en\/?s={search_term_string}\"},\"query-input\":{\"@type\":\"PropertyValueSpecification\",\"valueRequired\":true,\"valueName\":\"search_term_string\"}}],\"inLanguage\":\"en-US\"}]}<\/script>\n<!-- \/ Yoast SEO plugin. -->","yoast_head_json":{"title":"Advantages for French Nationals | Qu\u00e9bec m\u00e9tiers d'avenir","description":"There are many advantages for French nationals taking vocational training programs in Qu\u00e9bec. In accordance with a France\u2013Qu\u00e9bec agreement, French nationals are exempt from paying tuition fees for vocational training.","robots":{"index":"index","follow":"follow","max-snippet":"max-snippet:-1","max-image-preview":"max-image-preview:large","max-video-preview":"max-video-preview:-1"},"canonical":"https:\/\/www.quebecmetiersdavenir.com\/en\/advantages-for-french-nationals\/","og_locale":"en_US","og_type":"article","og_title":"Advantages for French Nationals | Qu\u00e9bec m\u00e9tiers d'avenir","og_description":"There are many advantages for French nationals taking vocational training programs in Qu\u00e9bec. In accordance with a France\u2013Qu\u00e9bec agreement, French nationals are exempt from paying tuition fees for vocational training.","og_url":"https:\/\/www.quebecmetiersdavenir.com\/en\/advantages-for-french-nationals\/","og_site_name":"Quebec Metiers d&#039;avenir","article_modified_time":"2020-09-25T14:55:26+00:00","twitter_card":"summary_large_image","twitter_misc":{"Est. reading time":"1 minute"},"schema":{"@context":"https:\/\/schema.org","@graph":[{"@type":"WebPage","@id":"https:\/\/www.quebecmetiersdavenir.com\/en\/advantages-for-french-nationals\/","url":"https:\/\/www.quebecmetiersdavenir.com\/en\/advantages-for-french-nationals\/","name":"Advantages for French Nationals | Qu\u00e9bec m\u00e9tiers d'avenir","isPartOf":{"@id":"https:\/\/www.quebecmetiersdavenir.com\/en\/#website"},"datePublished":"2018-06-12T20:41:03+00:00","dateModified":"2020-09-25T14:55:26+00:00","description":"There are many advantages for French nationals taking vocational training programs in Qu\u00e9bec. In accordance with a France\u2013Qu\u00e9bec agreement, French nationals are exempt from paying tuition fees for vocational training.","breadcrumb":{"@id":"https:\/\/www.quebecmetiersdavenir.com\/en\/advantages-for-french-nationals\/#breadcrumb"},"inLanguage":"en-US","potentialAction":[{"@type":"ReadAction","target":["https:\/\/www.quebecmetiersdavenir.com\/en\/advantages-for-french-nationals\/"]}]},{"@type":"BreadcrumbList","@id":"https:\/\/www.quebecmetiersdavenir.com\/en\/advantages-for-french-nationals\/#breadcrumb","itemListElement":[{"@type":"ListItem","position":1,"name":"Accueil","item":"https:\/\/www.quebecmetiersdavenir.com\/en\/"},{"@type":"ListItem","position":2,"name":"Advantages for French Nationals"}]},{"@type":"WebSite","@id":"https:\/\/www.quebecmetiersdavenir.com\/en\/#website","url":"https:\/\/www.quebecmetiersdavenir.com\/en\/","name":"Quebec Metiers d&#039;avenir","description":"Un site utilisant WordPress","potentialAction":[{"@type":"SearchAction","target":{"@type":"EntryPoint","urlTemplate":"https:\/\/www.quebecmetiersdavenir.com\/en\/?s={search_term_string}"},"query-input":{"@type":"PropertyValueSpecification","valueRequired":true,"valueName":"search_term_string"}}],"inLanguage":"en-US"}]}},"_links":{"self":[{"href":"https:\/\/www.quebecmetiersdavenir.com\/en\/wp-json\/wp\/v2\/pages\/5380","targetHints":{"allow":["GET"]}}],"collection":[{"href":"https:\/\/www.quebecmetiersdavenir.com\/en\/wp-json\/wp\/v2\/pages"}],"about":[{"href":"https:\/\/www.quebecmetiersdavenir.com\/en\/wp-json\/wp\/v2\/types\/page"}],"author":[{"embeddable":true,"href":"https:\/\/www.quebecmetiersdavenir.com\/en\/wp-json\/wp\/v2\/users\/1"}],"replies":[{"embeddable":true,"href":"https:\/\/www.quebecmetiersdavenir.com\/en\/wp-json\/wp\/v2\/comments?post=5380"}],"version-history":[{"count":5,"href":"https:\/\/www.quebecmetiersdavenir.com\/en\/wp-json\/wp\/v2\/pages\/5380\/revisions"}],"predecessor-version":[{"id":17153,"href":"https:\/\/www.quebecmetiersdavenir.com\/en\/wp-json\/wp\/v2\/pages\/5380\/revisions\/17153"}],"wp:attachment":[{"href":"https:\/\/www.quebecmetiersdavenir.com\/en\/wp-json\/wp\/v2\/media?parent=5380"}],"curies":[{"name":"wp","href":"https:\/\/api.w.org\/{rel}","templated":true}]}}