{"id":5558,"date":"2018-06-13T20:39:01","date_gmt":"2018-06-13T19:39:01","guid":{"rendered":"http:\/\/144.217.151.79\/?page_id=5558"},"modified":"2024-08-09T14:13:06","modified_gmt":"2024-08-09T13:13:06","slug":"merit-scholarships","status":"publish","type":"page","link":"https:\/\/www.quebecmetiersdavenir.com\/en\/merit-scholarships\/","title":{"rendered":"Merit Scholarships"},"content":{"rendered":"<p class=\"title\" style=\"text-align: center;\"><span style=\"color: #ff0000;\"><b>The 2024-2025 contest is now closed.<\/b><\/span><\/p>\r\n<p class=\"title\" style=\"text-align: center;\"><span style=\"color: #ff0000;\"><b>Information about the contest can be found below. <\/b><\/span><\/p>\r\n<p class=\"text bold\" style=\"font-size: 18px; text-align: center;\">Follow us on <a href=\"https:\/\/www.facebook.com\/quebecmetiersdavenir\/\" target=\"_blank\" rel=\"noopener noreferrer\"> the Facebook Page of Qu\u00e9bec m\u00e9tiers d&#8217;avenir<\/a> for more information !<\/p>\r\n&nbsp;","protected":false},"excerpt":{"rendered":"<p>The 2024-2025 contest is now closed. Information about the contest can be found below. Follow us on the Facebook Page of Qu\u00e9bec m\u00e9tiers d&#8217;avenir for more information ! &nbsp;<\/p>\n","protected":false},"author":1,"featured_media":0,"parent":0,"menu_order":0,"comment_status":"closed","ping_status":"closed","template":"page-bourses.php","meta":{"footnotes":""},"class_list":["post-5558","page","type-page","status-publish","hentry"],"yoast_head":"<!-- This site is optimized with the Yoast SEO plugin v24.8.1 - https:\/\/yoast.com\/wordpress\/plugins\/seo\/ -->\n<title>Merit Scholarships | Qu\u00e9bec m\u00e9tiers d&#039;avenir<\/title>\n<meta name=\"description\" content=\"Qu\u00e9bec m\u00e9tiers d&#039;avenir offers merit scholarships and exemptions from supplementary tuition fees for foreign students taking vocational training financed by the Minist\u00e8re de l\u2019\u00c9ducation et de l\u2019Enseignement sup\u00e9rieur du Qu\u00e9bec.\" \/>\n<meta name=\"robots\" content=\"index, follow, max-snippet:-1, max-image-preview:large, max-video-preview:-1\" \/>\n<link rel=\"canonical\" href=\"https:\/\/www.quebecmetiersdavenir.com\/en\/merit-scholarships\/\" \/>\n<meta property=\"og:locale\" content=\"en_US\" \/>\n<meta property=\"og:type\" content=\"article\" \/>\n<meta property=\"og:title\" content=\"Merit Scholarships | Qu\u00e9bec m\u00e9tiers d&#039;avenir\" \/>\n<meta property=\"og:description\" content=\"Qu\u00e9bec m\u00e9tiers d&#039;avenir offers merit scholarships and exemptions from supplementary tuition fees for foreign students taking vocational training financed by the Minist\u00e8re de l\u2019\u00c9ducation et de l\u2019Enseignement sup\u00e9rieur du Qu\u00e9bec.\" \/>\n<meta property=\"og:url\" content=\"https:\/\/www.quebecmetiersdavenir.com\/en\/merit-scholarships\/\" \/>\n<meta property=\"og:site_name\" content=\"Quebec Metiers d&#039;avenir\" \/>\n<meta property=\"article:modified_time\" content=\"2024-08-09T13:13:06+00:00\" \/>\n<meta name=\"twitter:card\" content=\"summary_large_image\" \/>\n<script type=\"application\/ld+json\" class=\"yoast-schema-graph\">{\"@context\":\"https:\/\/schema.org\",\"@graph\":[{\"@type\":\"WebPage\",\"@id\":\"https:\/\/www.quebecmetiersdavenir.com\/en\/merit-scholarships\/\",\"url\":\"https:\/\/www.quebecmetiersdavenir.com\/en\/merit-scholarships\/\",\"name\":\"Merit Scholarships | Qu\u00e9bec m\u00e9tiers d'avenir\",\"isPartOf\":{\"@id\":\"https:\/\/www.quebecmetiersdavenir.com\/en\/#website\"},\"datePublished\":\"2018-06-13T19:39:01+00:00\",\"dateModified\":\"2024-08-09T13:13:06+00:00\",\"description\":\"Qu\u00e9bec m\u00e9tiers d'avenir offers merit scholarships and exemptions from supplementary tuition fees for foreign students taking vocational training financed by the Minist\u00e8re de l\u2019\u00c9ducation et de l\u2019Enseignement sup\u00e9rieur du Qu\u00e9bec.\",\"breadcrumb\":{\"@id\":\"https:\/\/www.quebecmetiersdavenir.com\/en\/merit-scholarships\/#breadcrumb\"},\"inLanguage\":\"en-US\",\"potentialAction\":[{\"@type\":\"ReadAction\",\"target\":[\"https:\/\/www.quebecmetiersdavenir.com\/en\/merit-scholarships\/\"]}]},{\"@type\":\"BreadcrumbList\",\"@id\":\"https:\/\/www.quebecmetiersdavenir.com\/en\/merit-scholarships\/#breadcrumb\",\"itemListElement\":[{\"@type\":\"ListItem\",\"position\":1,\"name\":\"Accueil\",\"item\":\"https:\/\/www.quebecmetiersdavenir.com\/en\/\"},{\"@type\":\"ListItem\",\"position\":2,\"name\":\"Merit Scholarships\"}]},{\"@type\":\"WebSite\",\"@id\":\"https:\/\/www.quebecmetiersdavenir.com\/en\/#website\",\"url\":\"https:\/\/www.quebecmetiersdavenir.com\/en\/\",\"name\":\"Quebec Metiers d&#039;avenir\",\"description\":\"Un site utilisant WordPress\",\"potentialAction\":[{\"@type\":\"SearchAction\",\"target\":{\"@type\":\"EntryPoint\",\"urlTemplate\":\"https:\/\/www.quebecmetiersdavenir.com\/en\/?s={search_term_string}\"},\"query-input\":{\"@type\":\"PropertyValueSpecification\",\"valueRequired\":true,\"valueName\":\"search_term_string\"}}],\"inLanguage\":\"en-US\"}]}<\/script>\n<!-- \/ Yoast SEO plugin. -->","yoast_head_json":{"title":"Merit Scholarships | Qu\u00e9bec m\u00e9tiers d'avenir","description":"Qu\u00e9bec m\u00e9tiers d'avenir offers merit scholarships and exemptions from supplementary tuition fees for foreign students taking vocational training financed by the Minist\u00e8re de l\u2019\u00c9ducation et de l\u2019Enseignement sup\u00e9rieur du Qu\u00e9bec.","robots":{"index":"index","follow":"follow","max-snippet":"max-snippet:-1","max-image-preview":"max-image-preview:large","max-video-preview":"max-video-preview:-1"},"canonical":"https:\/\/www.quebecmetiersdavenir.com\/en\/merit-scholarships\/","og_locale":"en_US","og_type":"article","og_title":"Merit Scholarships | Qu\u00e9bec m\u00e9tiers d'avenir","og_description":"Qu\u00e9bec m\u00e9tiers d'avenir offers merit scholarships and exemptions from supplementary tuition fees for foreign students taking vocational training financed by the Minist\u00e8re de l\u2019\u00c9ducation et de l\u2019Enseignement sup\u00e9rieur du Qu\u00e9bec.","og_url":"https:\/\/www.quebecmetiersdavenir.com\/en\/merit-scholarships\/","og_site_name":"Quebec Metiers d&#039;avenir","article_modified_time":"2024-08-09T13:13:06+00:00","twitter_card":"summary_large_image","schema":{"@context":"https:\/\/schema.org","@graph":[{"@type":"WebPage","@id":"https:\/\/www.quebecmetiersdavenir.com\/en\/merit-scholarships\/","url":"https:\/\/www.quebecmetiersdavenir.com\/en\/merit-scholarships\/","name":"Merit Scholarships | Qu\u00e9bec m\u00e9tiers d'avenir","isPartOf":{"@id":"https:\/\/www.quebecmetiersdavenir.com\/en\/#website"},"datePublished":"2018-06-13T19:39:01+00:00","dateModified":"2024-08-09T13:13:06+00:00","description":"Qu\u00e9bec m\u00e9tiers d'avenir offers merit scholarships and exemptions from supplementary tuition fees for foreign students taking vocational training financed by the Minist\u00e8re de l\u2019\u00c9ducation et de l\u2019Enseignement sup\u00e9rieur du Qu\u00e9bec.","breadcrumb":{"@id":"https:\/\/www.quebecmetiersdavenir.com\/en\/merit-scholarships\/#breadcrumb"},"inLanguage":"en-US","potentialAction":[{"@type":"ReadAction","target":["https:\/\/www.quebecmetiersdavenir.com\/en\/merit-scholarships\/"]}]},{"@type":"BreadcrumbList","@id":"https:\/\/www.quebecmetiersdavenir.com\/en\/merit-scholarships\/#breadcrumb","itemListElement":[{"@type":"ListItem","position":1,"name":"Accueil","item":"https:\/\/www.quebecmetiersdavenir.com\/en\/"},{"@type":"ListItem","position":2,"name":"Merit Scholarships"}]},{"@type":"WebSite","@id":"https:\/\/www.quebecmetiersdavenir.com\/en\/#website","url":"https:\/\/www.quebecmetiersdavenir.com\/en\/","name":"Quebec Metiers d&#039;avenir","description":"Un site utilisant WordPress","potentialAction":[{"@type":"SearchAction","target":{"@type":"EntryPoint","urlTemplate":"https:\/\/www.quebecmetiersdavenir.com\/en\/?s={search_term_string}"},"query-input":{"@type":"PropertyValueSpecification","valueRequired":true,"valueName":"search_term_string"}}],"inLanguage":"en-US"}]}},"_links":{"self":[{"href":"https:\/\/www.quebecmetiersdavenir.com\/en\/wp-json\/wp\/v2\/pages\/5558","targetHints":{"allow":["GET"]}}],"collection":[{"href":"https:\/\/www.quebecmetiersdavenir.com\/en\/wp-json\/wp\/v2\/pages"}],"about":[{"href":"https:\/\/www.quebecmetiersdavenir.com\/en\/wp-json\/wp\/v2\/types\/page"}],"author":[{"embeddable":true,"href":"https:\/\/www.quebecmetiersdavenir.com\/en\/wp-json\/wp\/v2\/users\/1"}],"replies":[{"embeddable":true,"href":"https:\/\/www.quebecmetiersdavenir.com\/en\/wp-json\/wp\/v2\/comments?post=5558"}],"version-history":[{"count":38,"href":"https:\/\/www.quebecmetiersdavenir.com\/en\/wp-json\/wp\/v2\/pages\/5558\/revisions"}],"predecessor-version":[{"id":21157,"href":"https:\/\/www.quebecmetiersdavenir.com\/en\/wp-json\/wp\/v2\/pages\/5558\/revisions\/21157"}],"wp:attachment":[{"href":"https:\/\/www.quebecmetiersdavenir.com\/en\/wp-json\/wp\/v2\/media?parent=5558"}],"curies":[{"name":"wp","href":"https:\/\/api.w.org\/{rel}","templated":true}]}}